{"id":944,"date":"2024-09-28T03:04:55","date_gmt":"2024-09-28T03:04:55","guid":{"rendered":"http:\/\/olimpiada-matematica.uma.es\/?page_id=944"},"modified":"2025-06-20T03:43:13","modified_gmt":"2025-06-20T03:43:13","slug":"timm-24-25","status":"publish","type":"page","link":"https:\/\/olimpiada-matematica.uma.es\/index.php\/timm-24-25\/","title":{"rendered":"TIMM 24-25"},"content":{"rendered":"\n<h2 class=\"wp-block-heading\"><strong>Taller de Ingenio Matem\u00e1tico de M\u00e1laga<\/strong><\/h2>\n\n\n\n<p>Tras el verano los talleres para bachillerato TIMM empezar\u00e1n a mediados de Octubre<\/p>\n\n\n\n<figure class=\"wp-block-table\"><table class=\"has-fixed-layout\"><tbody><tr><td><strong>Octubre 2024<\/strong><\/td><td><\/td><td><\/td><td><img loading=\"lazy\" decoding=\"async\" width=\"85\" height=\"60\" class=\"wp-image-703\" style=\"width: 85px;\" src=\"http:\/\/olimpiada-matematica.uma.es\/wp-content\/uploads\/2024\/01\/logo-timm-colores-2-scaled.jpg\" alt=\"\" srcset=\"https:\/\/olimpiada-matematica.uma.es\/wp-content\/uploads\/2024\/01\/logo-timm-colores-2-scaled.jpg 2560w, https:\/\/olimpiada-matematica.uma.es\/wp-content\/uploads\/2024\/01\/logo-timm-colores-2-300x212.jpg 300w, https:\/\/olimpiada-matematica.uma.es\/wp-content\/uploads\/2024\/01\/logo-timm-colores-2-1024x724.jpg 1024w, https:\/\/olimpiada-matematica.uma.es\/wp-content\/uploads\/2024\/01\/logo-timm-colores-2-768x543.jpg 768w, https:\/\/olimpiada-matematica.uma.es\/wp-content\/uploads\/2024\/01\/logo-timm-colores-2-1536x1086.jpg 1536w, https:\/\/olimpiada-matematica.uma.es\/wp-content\/uploads\/2024\/01\/logo-timm-colores-2-2048x1448.jpg 2048w\" sizes=\"auto, (max-width: 85px) 100vw, 85px\" \/><\/td><\/tr><tr><td>D\u00eda 19, de 10 a 12<\/td><td>S1 &#8211; Matem\u00e1ticas y realidad<\/td><td>Jos\u00e9 Luis Flores<\/td><td>Aula 0.26 EII<\/td><\/tr><tr><td>D\u00eda 26, de 9 a 2,30<\/td><td><a href=\"https:\/\/malaga.saemthales.es\/\">VI Concurso de Oto\u00f1o<\/a> <br><em><sub>(Colabora Ayto de M\u00e1laga) <a href=\"https:\/\/malaga.saemthales.es\/contact\/inscripcion_vi_concurso_otono\" data-type=\"link\" data-id=\"https:\/\/malaga.saemthales.es\/contact\/inscripcion_vi_concurso_otono\">(Inscripci\u00f3n)<\/a><\/sub><\/em> <\/td><td><img loading=\"lazy\" decoding=\"async\" width=\"85\" height=\"60\" class=\"wp-image-337\" style=\"width: 85px;\" src=\"http:\/\/olimpiada-matematica.uma.es\/wp-content\/uploads\/2022\/10\/Logo-Co-U.jpg\" alt=\"\" srcset=\"https:\/\/olimpiada-matematica.uma.es\/wp-content\/uploads\/2022\/10\/Logo-Co-U.jpg 586w, https:\/\/olimpiada-matematica.uma.es\/wp-content\/uploads\/2022\/10\/Logo-Co-U-300x213.jpg 300w\" sizes=\"auto, (max-width: 85px) 100vw, 85px\" \/><br>A. Viruel y A. Tonks<\/td><td>Sal\u00f3n de actos EII<\/td><\/tr><tr><td><strong>Noviembre 2024<\/strong><\/td><td><\/td><td><\/td><td><\/td><\/tr><tr><td>D\u00eda 2, de 10.45 a 13<\/td><td>S2 &#8211; Correcci\u00f3n Concurso de Oto\u00f1o<\/td><td>UMA- Sebasti\u00e1n de la Torre <\/td><td>Aula 0.26 EII<\/td><\/tr><tr><td>D\u00eda 9, de 10 a 12,30<\/td><td>S3 &#8211; Geometr\u00eda I<\/td><td>Jos\u00e9 Antonio Rom\u00e1n<\/td><td>Aula 0.26<\/td><\/tr><tr><td>D\u00eda 16, de 10 a 12<\/td><td>S4 &#8211; <a href=\"http:\/\/olimpiada-matematica.uma.es\/wp-content\/uploads\/2024\/11\/Juegos-combinatorios-TIMM24.pdf\">Juegos Combinatorios<\/a><\/td><td>M\u00aa \u00c1ngeles G\u00f3mez<\/td><td>Aula 0.26<\/td><\/tr><tr><td>D\u00eda 23, de 10 a 12<\/td><td>S5 &#8211; <a href=\"http:\/\/meet.google.com\/hvn-szsn-bfk\">Preparaci\u00f3n<\/a> Ol\u00edmpica I (<a href=\"http:\/\/olimpiada-matematica.uma.es\/wp-content\/uploads\/2024\/11\/Recopilacio\u0301n-de-Problemas.pdf\">hoja<\/a>)<\/td><td>UMA &#8211; Jos\u00e9 \u00c1ngel G\u00e1lvez<\/td><td>Aula 0.26<\/td><\/tr><tr><td>D\u00eda 30,  10,30-12,30<\/td><td>S6 &#8211; Congruencias<\/td><td>Cristina Draper<\/td><td>Aula 0.26<\/td><\/tr><tr><td><strong>Diciembre 2024<\/strong><\/td><td><\/td><td><\/td><td><\/td><\/tr><tr><td>D\u00eda 7, de 10 a 12<\/td><td>S7 &#8211; Preparaci\u00f3n Ol\u00edmpica II<\/td><td>UMA &#8211; Jos\u00e9 \u00c1ngel G\u00e1lvez<\/td><td>ON LINE!<\/td><\/tr><tr><td>D\u00eda 14, de 10 a 12&#8230;<\/td><td>S8 &#8211; Geometr\u00eda II<\/td><td>J.A. Rom\u00e1n<\/td><td>Aula L2556 EII<\/td><\/tr><tr><td>D\u00eda 21, de 10 a 12<\/td><td>S9 &#8211; Preparaci\u00f3n III<\/td><td>UMA &#8211; J.A. G\u00e1lvez<\/td><td>ON LINE<\/td><\/tr><tr><td><strong>Enero 2025<\/strong><\/td><td><\/td><td><\/td><td><\/td><\/tr><tr><td>D\u00eda 11, de 10:30 a 12.30<\/td><td>S10 &#8211; Divisibilidad<\/td><td>Cristina Draper<\/td><td><br>Aula 0.26<\/td><\/tr><tr><td>Viernes 17, <br>Ma\u00f1ana: de 10 a 13:30, <br>Tarde: de 16 a 19:30<\/td><td><a href=\"http:\/\/olimpiada-matematica.uma.es\/wp-content\/uploads\/2024\/11\/61OME_anuncio.pdf\">LXI Olimpiada OME<\/a> Fase LOCAL<br><a href=\"http:\/\/olimpiada-matematica.uma.es\/wp-content\/uploads\/2025\/01\/Boleti\u0301n-inscripcio\u0301n_61OME.pdf\"><sub>Bolet\u00edn inscripci\u00f3n<\/sub><\/a><br><sup><a href=\"https:\/\/docs.google.com\/forms\/d\/e\/1FAIpQLSfhk0vB8TrJvEmw28S35gZ-kSZsWfnmUwh7AZOrL6642iB_fQ\/viewform\">Formulario para M\u00e1laga<\/a><\/sup><\/td><td><\/td><td>Sal\u00f3n de actos EII<\/td><\/tr><tr><td>D\u00eda 25, a las 10,35<\/td><td>S11- Los problemas de la fase local +S11&#8242; OnLine Geomet<\/td><td>Cristina Draper<\/td><td>Aula 0.26<\/td><\/tr><tr><td><strong>Febrero 2025<\/strong><\/td><td><\/td><td><\/td><td><\/td><\/tr><tr><td>D\u00eda 1, de 10:30 a&#8230;<\/td><td>S12 &#8211; Geometr\u00eda III<br>+S12&#8242; OnLine Alg<\/td><td>J.A. Rom\u00e1n<\/td><td>Aula 0.26 EII<\/td><\/tr><tr><td>D\u00eda 8, de 10 a 1<\/td><td>S13 &#8211; OnLine Nums <\/td><td>(Sevilla)<\/td><td><\/td><\/tr><tr><td>D\u00eda 15, de 4 a 7!<\/td><td>S14 &#8211; OnLine Combi <\/td><td>(Huelva)<\/td><td><\/td><\/tr><tr><td>D\u00eda 22, de 10,30 a 12,30<\/td><td>S15 &#8211; Geometr\u00eda IV<\/td><td>J.A. Rom\u00e1n<\/td><td>Aula 0.26 EII<\/td><\/tr><tr><td>D\u00edas 21-22-23 <\/td><td>Olimpiada andaluza<\/td><td><img loading=\"lazy\" decoding=\"async\" width=\"85\" height=\"85\" class=\"wp-image-374\" style=\"width: 85px;\" src=\"http:\/\/olimpiada-matematica.uma.es\/wp-content\/uploads\/2022\/12\/logo-azul-03-03.png\" alt=\"\" srcset=\"https:\/\/olimpiada-matematica.uma.es\/wp-content\/uploads\/2022\/12\/logo-azul-03-03.png 2253w, https:\/\/olimpiada-matematica.uma.es\/wp-content\/uploads\/2022\/12\/logo-azul-03-03-300x300.png 300w, https:\/\/olimpiada-matematica.uma.es\/wp-content\/uploads\/2022\/12\/logo-azul-03-03-1024x1020.png 1024w, https:\/\/olimpiada-matematica.uma.es\/wp-content\/uploads\/2022\/12\/logo-azul-03-03-150x150.png 150w, https:\/\/olimpiada-matematica.uma.es\/wp-content\/uploads\/2022\/12\/logo-azul-03-03-768x765.png 768w, https:\/\/olimpiada-matematica.uma.es\/wp-content\/uploads\/2022\/12\/logo-azul-03-03-1536x1531.png 1536w, https:\/\/olimpiada-matematica.uma.es\/wp-content\/uploads\/2022\/12\/logo-azul-03-03-2048x2041.png 2048w, https:\/\/olimpiada-matematica.uma.es\/wp-content\/uploads\/2022\/12\/logo-azul-03-03-100x100.png 100w\" sizes=\"auto, (max-width: 85px) 100vw, 85px\" \/><\/td><td>(Ja\u00e9n)<\/td><\/tr><tr><td><strong>Marzo 2025<\/strong><\/td><td><\/td><td><\/td><td><\/td><\/tr><tr><td>D\u00eda 1, de 10 a 12<\/td><td>S16 &#8211; Problemas de la fase andaluza<\/td><td>Cristina Draper<\/td><td>Aula 0.26<\/td><\/tr><tr><td>D\u00eda 8, de 10 a 1<\/td><td>S17 &#8211; OnLine<\/td><td>(M\u00e1laga)<\/td><td>Aula 0.26<\/td><\/tr><tr><td>D\u00eda 15, de 10 a 1<\/td><td>S18 &#8211; OnLine<br>EDIFICIO CERRADO<\/td><td>(C\u00e1diz)<\/td><td>&#8212;&#8212;&#8212;&#8212;&#8211;<\/td><\/tr><tr><td>D\u00eda 22, de 10 a 12<\/td><td>S19 &#8211; OnLine<\/td><td>(M\u00e1laga)<\/td><td>Aula 0.26<\/td><\/tr><tr><td>D\u00edas 27-30<\/td><td>Olimpiada Nacional*<\/td><td><img loading=\"lazy\" decoding=\"async\" width=\"70\" height=\"77\" class=\"wp-image-508\" style=\"width: 70px;\" src=\"http:\/\/olimpiada-matematica.uma.es\/wp-content\/uploads\/2023\/09\/omecolor.jpg\" alt=\"\"><\/td><td>(Gij\u00f3n)<\/td><\/tr><tr><td><strong>Abril 2025<\/strong><\/td><td><\/td><td><\/td><td><\/td><\/tr><tr><td>D\u00eda 5, de 10 a 11,30<\/td><td>S20 &#8211; Leyes de Kepler y basura espacial<\/td><td>Alberto Castell\u00f3n<\/td><td>Sala de grados B<\/td><\/tr><tr><td>12 y 19, Sem Santa<\/td><td>&#8230;&#8230;&#8230;&#8230;&#8230;&#8230;&#8230;..<\/td><td>&#8230;&#8230;&#8230;&#8230;&#8230;&#8230;&#8230;&#8230;<\/td><td><\/td><\/tr><tr><td>26, de 10:30 a 12:30<\/td><td>S21 &#8211; Combinatoria<\/td><td>Cristina Draper<\/td><td>Sala de grados A<\/td><\/tr><tr><td><strong>Mayo 2025<\/strong><\/td><td><\/td><td><\/td><td><\/td><\/tr><tr><td>D\u00eda 10, de 10:30 a 12<\/td><td>S22Demostraciones visuales en 4-dim<\/td><td>Urtzi Buijs<\/td><td>Aula 0.26 EII<\/td><\/tr><tr><td>D\u00eda 24, de 10:30 a 12:30<\/td><td>S23 &#8211; Cuadril\u00e1teros c\u00edclicos<\/td><td>J.A. Rom\u00e1n<\/td><td>Aula 0.26 EII<\/td><\/tr><tr><td><strong>Abril 2025<\/strong><\/td><td><\/td><td><\/td><td><\/td><\/tr><tr><td>D\u00eda 21, de 10,30 a 12,15<\/td><td>S24- Desigualdades<\/td><td>Cristiana Negoita<\/td><td>Sala de grados B<\/td><\/tr><tr><td>Mi\u00e9rcoles 25, <br>      de 5 a 9 pm<\/td><td>DESPEDIDA:<br>El jard\u00edn m\u00e1gico de Smullyan<\/td><td><img loading=\"lazy\" decoding=\"async\" width=\"150\" height=\"44\" class=\"wp-image-1209\" style=\"width: 150px;\" src=\"http:\/\/olimpiada-matematica.uma.es\/wp-content\/uploads\/2025\/06\/Captura-de-Pantalla-2025-06-19-a-las-13.35.02.png\" alt=\"\" srcset=\"https:\/\/olimpiada-matematica.uma.es\/wp-content\/uploads\/2025\/06\/Captura-de-Pantalla-2025-06-19-a-las-13.35.02.png 398w, https:\/\/olimpiada-matematica.uma.es\/wp-content\/uploads\/2025\/06\/Captura-de-Pantalla-2025-06-19-a-las-13.35.02-300x89.png 300w\" sizes=\"auto, (max-width: 150px) 100vw, 150px\" \/><\/td><td><a href=\"https:\/\/www.malaga.es\/lanoria\/\">La noria <\/a>(jard\u00edn de la Diputaci\u00f3n)<\/td><\/tr><\/tbody><\/table><figcaption class=\"wp-element-caption\">Calendario (se va actualizando)<\/figcaption><\/figure>\n\n\n\n<p>66 Olimpiada Internacional de Matem\u00e1ticas, Sunshine Coast, Australia, del 10 al 20 \/7\/25. XL Olimpiada Iberoamericana de Matem\u00e1ticas, Chile, Septiembre 25.<br>Olimpiada Femenina Espa\u00f1ola, Las Rozas, 8\/3\/25. <br>Olimpiada Femenina Europea (EGMO), Pristina, Kosovo, del 11 al 17\/4\/25.<br><br><\/p>\n\n\n\n<p><\/p>\n","protected":false},"excerpt":{"rendered":"<p>Taller de Ingenio Matem\u00e1tico de M\u00e1laga Tras el verano los talleres para bachillerato TIMM empezar\u00e1n a mediados de Octubre Octubre 2024 D\u00eda 19, de 10 a 12 S1 &#8211; Matem\u00e1ticas y realidad Jos\u00e9 Luis Flores Aula 0.26 EII D\u00eda 26, de 9 a 2,30 VI Concurso de Oto\u00f1o (Colabora Ayto de M\u00e1laga) (Inscripci\u00f3n) A. Viruel &hellip; <\/p>\n<p class=\"link-more\"><a href=\"https:\/\/olimpiada-matematica.uma.es\/index.php\/timm-24-25\/\" class=\"more-link\">Continue reading<span class=\"screen-reader-text\"> &#8220;TIMM 24-25&#8221;<\/span><\/a><\/p>\n","protected":false},"author":2,"featured_media":0,"parent":0,"menu_order":0,"comment_status":"closed","ping_status":"closed","template":"","meta":{"footnotes":""},"class_list":["post-944","page","type-page","status-publish","hentry"],"_links":{"self":[{"href":"https:\/\/olimpiada-matematica.uma.es\/index.php\/wp-json\/wp\/v2\/pages\/944","targetHints":{"allow":["GET"]}}],"collection":[{"href":"https:\/\/olimpiada-matematica.uma.es\/index.php\/wp-json\/wp\/v2\/pages"}],"about":[{"href":"https:\/\/olimpiada-matematica.uma.es\/index.php\/wp-json\/wp\/v2\/types\/page"}],"author":[{"embeddable":true,"href":"https:\/\/olimpiada-matematica.uma.es\/index.php\/wp-json\/wp\/v2\/users\/2"}],"replies":[{"embeddable":true,"href":"https:\/\/olimpiada-matematica.uma.es\/index.php\/wp-json\/wp\/v2\/comments?post=944"}],"version-history":[{"count":57,"href":"https:\/\/olimpiada-matematica.uma.es\/index.php\/wp-json\/wp\/v2\/pages\/944\/revisions"}],"predecessor-version":[{"id":1215,"href":"https:\/\/olimpiada-matematica.uma.es\/index.php\/wp-json\/wp\/v2\/pages\/944\/revisions\/1215"}],"wp:attachment":[{"href":"https:\/\/olimpiada-matematica.uma.es\/index.php\/wp-json\/wp\/v2\/media?parent=944"}],"curies":[{"name":"wp","href":"https:\/\/api.w.org\/{rel}","templated":true}]}}