{"id":8,"date":"2022-01-27T13:12:34","date_gmt":"2022-01-27T13:12:34","guid":{"rendered":"http:\/\/olimpiada-matematica.uma.es\/?page_id=8"},"modified":"2026-04-01T16:44:14","modified_gmt":"2026-04-01T16:44:14","slug":"home","status":"publish","type":"page","link":"https:\/\/olimpiada-matematica.uma.es\/","title":{"rendered":""},"content":{"rendered":"<div class=\"wp-block-image\">\n<figure class=\"aligncenter size-large is-resized\"><img loading=\"lazy\" decoding=\"async\" width=\"1024\" height=\"724\" src=\"http:\/\/olimpiada-matematica.uma.es\/wp-content\/uploads\/2024\/01\/logo-timm-colores-2-1024x724.jpg\" alt=\"\" class=\"wp-image-703\" style=\"width:293px;height:auto\" srcset=\"https:\/\/olimpiada-matematica.uma.es\/wp-content\/uploads\/2024\/01\/logo-timm-colores-2-1024x724.jpg 1024w, https:\/\/olimpiada-matematica.uma.es\/wp-content\/uploads\/2024\/01\/logo-timm-colores-2-300x212.jpg 300w, https:\/\/olimpiada-matematica.uma.es\/wp-content\/uploads\/2024\/01\/logo-timm-colores-2-768x543.jpg 768w, https:\/\/olimpiada-matematica.uma.es\/wp-content\/uploads\/2024\/01\/logo-timm-colores-2-1536x1086.jpg 1536w, https:\/\/olimpiada-matematica.uma.es\/wp-content\/uploads\/2024\/01\/logo-timm-colores-2-2048x1448.jpg 2048w\" sizes=\"auto, (max-width: 706px) 89vw, (max-width: 767px) 82vw, 740px\" \/><\/figure>\n<\/div>\n\n\n<p>Bienvenidos a la p\u00e1gina para M\u00e1laga de la <a href=\"https:\/\/www.rsme.es\/olimpiada-matematica-espanola\/\" target=\"_blank\" rel=\"noreferrer noopener\">Olimpiada Matem\u00e1tica Espa\u00f1ola<\/a>  (RSME)<\/p>\n\n\n\n<p>Aqu\u00ed encontrar\u00e1s noticias y el calendario de nuestro Taller de Ingenio Matem\u00e1tico de M\u00e1laga (TIMM), apoyado por la Universidad de M\u00e1laga: <img loading=\"lazy\" decoding=\"async\" width=\"150\" height=\"26\" class=\"wp-image-449\" style=\"width: 150px;\" src=\"http:\/\/olimpiada-matematica.uma.es\/wp-content\/uploads\/2023\/05\/fecyt-e1695832360975.png\" alt=\"\"> <img loading=\"lazy\" decoding=\"async\" width=\"50\" height=\"50\" class=\"wp-image-444\" style=\"width: 50px;\" src=\"http:\/\/olimpiada-matematica.uma.es\/wp-content\/uploads\/2023\/05\/logo_UMA_Divulga_2023_Plan_DTEKNDm.jpeg\" alt=\"\" srcset=\"https:\/\/olimpiada-matematica.uma.es\/wp-content\/uploads\/2023\/05\/logo_UMA_Divulga_2023_Plan_DTEKNDm.jpeg 241w, https:\/\/olimpiada-matematica.uma.es\/wp-content\/uploads\/2023\/05\/logo_UMA_Divulga_2023_Plan_DTEKNDm-150x150.jpeg 150w, https:\/\/olimpiada-matematica.uma.es\/wp-content\/uploads\/2023\/05\/logo_UMA_Divulga_2023_Plan_DTEKNDm-100x100.jpeg 100w\" sizes=\"auto, (max-width: 50px) 100vw, 50px\" \/><\/p>\n\n\n\n<p><strong>CONTACTO: <\/strong> Cristina Draper Fontanals <a href=\"mailto:cdf@uma.es\" data-type=\"mailto\" data-id=\"mailto:cdf@uma.es\">cdf@uma.es<\/a> <\/p>\n\n\n\n<p>(Delegada en el distrito de M\u00e1laga de la Olimpiada Matem\u00e1tica Espa\u00f1ola)<\/p>\n\n\n\n<h1 class=\"wp-block-heading\"><strong>\u00daLTIMAS NOTICIAS<\/strong><\/h1>\n\n\n\n<div class=\"wp-block-columns is-layout-flex wp-container-core-columns-is-layout-9d6595d7 wp-block-columns-is-layout-flex\">\n<div class=\"wp-block-column is-layout-flow wp-block-column-is-layout-flow\" style=\"flex-basis:66.66%\">\n<figure class=\"wp-block-image size-large\"><img loading=\"lazy\" decoding=\"async\" width=\"1024\" height=\"724\" src=\"http:\/\/olimpiada-matematica.uma.es\/wp-content\/uploads\/2025\/09\/noche-investigadores_cartel-imprimir-1-1024x724.png\" alt=\"\" class=\"wp-image-1245\" srcset=\"https:\/\/olimpiada-matematica.uma.es\/wp-content\/uploads\/2025\/09\/noche-investigadores_cartel-imprimir-1-1024x724.png 1024w, https:\/\/olimpiada-matematica.uma.es\/wp-content\/uploads\/2025\/09\/noche-investigadores_cartel-imprimir-1-300x212.png 300w, https:\/\/olimpiada-matematica.uma.es\/wp-content\/uploads\/2025\/09\/noche-investigadores_cartel-imprimir-1-768x543.png 768w, https:\/\/olimpiada-matematica.uma.es\/wp-content\/uploads\/2025\/09\/noche-investigadores_cartel-imprimir-1-1536x1086.png 1536w, https:\/\/olimpiada-matematica.uma.es\/wp-content\/uploads\/2025\/09\/noche-investigadores_cartel-imprimir-1-2048x1448.png 2048w\" sizes=\"auto, (max-width: 706px) 89vw, (max-width: 767px) 82vw, 740px\" \/><\/figure>\n<\/div>\n\n\n\n<div class=\"wp-block-column is-layout-flow wp-block-column-is-layout-flow\" style=\"flex-basis:33.33%\">\n<p>\u00a1No olvides el stand<\/p>\n\n\n\n<p> &#8220;Un paseo por las Matem\u00e1ticas&#8221;<\/p>\n\n\n\n<p> en la<\/p>\n\n\n\n<p> <a href=\"http:\/\/olimpiada-matematica.uma.es\/wp-content\/uploads\/2025\/09\/Cuadriptico_NOCHE-2025-AF.pdf\">noche de los investigadores<\/a> <\/p>\n\n\n\n<p>el viernes 26 de Septiembre! <\/p>\n<\/div>\n<\/div>\n\n\n\n<p><img loading=\"lazy\" decoding=\"async\" width=\"170\" height=\"121\" class=\"wp-image-337\" style=\"width: 170px;\" src=\"http:\/\/olimpiada-matematica.uma.es\/wp-content\/uploads\/2022\/10\/Logo-Co-U.jpg\" alt=\"\" srcset=\"https:\/\/olimpiada-matematica.uma.es\/wp-content\/uploads\/2022\/10\/Logo-Co-U.jpg 586w, https:\/\/olimpiada-matematica.uma.es\/wp-content\/uploads\/2022\/10\/Logo-Co-U-300x213.jpg 300w\" sizes=\"auto, (max-width: 170px) 100vw, 170px\" \/>Nuestro VII Concurso de Oto\u00f1o de Matem\u00e1ticas de M\u00e1laga se celebr\u00f3 el viernes 31 de octubre en la EII. <a href=\"http:\/\/olimpiada-matematica.uma.es\/wp-content\/uploads\/2026\/01\/listado_centros_unificado.pdf\">Aqu\u00ed <\/a>se puede consultar la lista de finalistas. Ellos est\u00e1n especialmente invitados a nuestros talleres TIMM.<\/p>\n\n\n\n<h2 class=\"wp-block-heading\"><strong>LXII-OLIMPIADA MATEM\u00c1TICA ESPA\u00d1OLA<\/strong>                          <img loading=\"lazy\" decoding=\"async\" width=\"70\" height=\"77\" class=\"wp-image-508\" style=\"width: 70px;\" src=\"http:\/\/olimpiada-matematica.uma.es\/wp-content\/uploads\/2023\/09\/omecolor.jpg\" alt=\"\"><\/h2>\n\n\n\n<p>Ya est\u00e1 abierto el plazo de inscripci\u00f3n para la fase local (M\u00e1laga) de la LXII Olimpiada Matem\u00e1tica Espa\u00f1ola. Se celebrar\u00e1 el viernes 16 de enero de 2026, en el sal\u00f3n de actos de la Escuela de Ingenier\u00edas Industriales de la Universidad de M\u00e1laga, en dos sesiones, de 10:00 a 13:30 y de 16:00 a 19:30. En total se propondr\u00e1n 6 problemas (3 por sesi\u00f3n), bastante dif\u00edciles, pero muy chulos de pensar y discutir. Los mejores clasificados pasar\u00e1n a la siguiente fase, que se celebrar\u00e1 en Jerez de la Frontera.<\/p>\n\n\n\n<p>El anuncio se puede consultar <a href=\"http:\/\/olimpiada-matematica.uma.es\/wp-content\/uploads\/2025\/12\/62OME_anuncio.pdf\">aqu\u00ed<\/a>.<\/p>\n\n\n\n<p>Y el bolet\u00edn que hay que rellenar y entregar ese d\u00eda <a href=\"http:\/\/olimpiada-matematica.uma.es\/wp-content\/uploads\/2025\/12\/Boleti\u0301n-inscripcio\u0301n_62OME.pdf\">aqu\u00ed.<\/a><\/p>\n\n\n\n<p>Lo m\u00e1s importante: los que quer\u00e1is participar en la provincia de M\u00e1laga ten\u00e9is que INSCRIBIROS en este formulario de <a href=\"https:\/\/docs.google.com\/forms\/d\/e\/1FAIpQLSdDfidUK-vb0ABeISVT7q28cjcSeEfLS5kbaQpOUxx-JOk64Q\/viewform?usp=header\">Google<\/a>.<\/p>\n\n\n\n<p>La entrega de diplomas a los finalistas ser\u00e1 el jueves 29 de enero en la sala de grados B de EII, a las 17:00.<\/p>\n\n\n\n<p>FINALISTAS (por orden alfab\u00e9tico):<\/p>\n\n\n\n<figure class=\"wp-block-table\"><table class=\"has-fixed-layout\"><tbody><tr><td>Jos\u00e9 Antonio Delgado Olmo<\/td><td>1\u00ba<\/td><td>Colegio Cerrado de Calder\u00f3n<\/td><\/tr><tr><td>Rafael Delgado Olmo<\/td><td>1\u00ba<\/td><td>Colegio Cerrado de Calder\u00f3n<\/td><\/tr><tr><td>Javier Delgado Tabernero*<\/td><td>2\u00ba<\/td><td>Colegio Maristas<\/td><\/tr><tr><td>Antonio Infantes Gil<\/td><td>1\u00ba<\/td><td>IES Monterroso (Estepona)<\/td><\/tr><tr><td>Nicol\u00e1s L\u00f3pez Camacho<\/td><td>4\u00ba ESO<\/td><td>Colegio San Jos\u00e9 (V\u00e9lez M\u00e1laga)<\/td><\/tr><tr><td>Daniel L\u00f3pez P\u00e9rez<\/td><td>2\u00ba<\/td><td>Colegio Maristas<\/td><\/tr><tr><td>Chengling Mao<\/td><td>1\u00ba<\/td><td>The British School of M\u00e1laga&nbsp;<\/td><\/tr><tr><td>Iv\u00e1n M\u00e1rquez Cebreros<\/td><td>2\u00ba<\/td><td>Colegio Maristas<\/td><\/tr><tr><td>Miguel Moreno Coronado<\/td><td>2\u00ba<\/td><td>Colegio El Romeral<\/td><\/tr><tr><td>Cristiana Mar\u00eda Negoita*<\/td><td>2\u00ba<\/td><td>The British School of M\u00e1laga&nbsp;<\/td><\/tr><tr><td>Yago Otero Porcel<\/td><td>1\u00ba<\/td><td>IES Mar de Albor\u00e1n (Estepona)<\/td><\/tr><tr><td>Raman Palstsiuk*<\/td><td>2\u00ba<\/td><td>The British School of M\u00e1laga&nbsp;<\/td><\/tr><tr><td>Jacobo Villanueva Bartolom\u00e9<\/td><td>1\u00ba<\/td><td>IES Mar\u00eda Zambrano (Torredelmar)<\/td><\/tr><\/tbody><\/table><\/figure>\n\n\n\n<div class=\"wp-block-columns is-layout-flex wp-container-core-columns-is-layout-9d6595d7 wp-block-columns-is-layout-flex\">\n<div class=\"wp-block-column is-layout-flow wp-block-column-is-layout-flow\" style=\"flex-basis:33.33%\">\n<figure class=\"wp-block-image size-large is-resized\"><img loading=\"lazy\" decoding=\"async\" width=\"768\" height=\"1024\" src=\"http:\/\/olimpiada-matematica.uma.es\/wp-content\/uploads\/2026\/04\/WhatsApp-Image-2026-03-24-at-17.41.46-768x1024.jpeg\" alt=\"\" class=\"wp-image-1478\" style=\"aspect-ratio:0.7499999732614687;width:114px;height:auto\" srcset=\"https:\/\/olimpiada-matematica.uma.es\/wp-content\/uploads\/2026\/04\/WhatsApp-Image-2026-03-24-at-17.41.46-768x1024.jpeg 768w, https:\/\/olimpiada-matematica.uma.es\/wp-content\/uploads\/2026\/04\/WhatsApp-Image-2026-03-24-at-17.41.46-225x300.jpeg 225w, https:\/\/olimpiada-matematica.uma.es\/wp-content\/uploads\/2026\/04\/WhatsApp-Image-2026-03-24-at-17.41.46-1152x1536.jpeg 1152w, https:\/\/olimpiada-matematica.uma.es\/wp-content\/uploads\/2026\/04\/WhatsApp-Image-2026-03-24-at-17.41.46.jpeg 1200w\" sizes=\"auto, (max-width: 706px) 89vw, (max-width: 767px) 82vw, 740px\" \/><\/figure>\n<\/div>\n\n\n\n<div class=\"wp-block-column is-layout-flow wp-block-column-is-layout-flow\" style=\"flex-basis:66.66%\">\n<p>Los malague\u00f1os (y participantes del TIMM) Cristiana Negoita y Raman Paltsiuk se clasificaron para la fase Nacional, del 12 al 15 de Marzo, como miembros del equipo andaluz. <strong><a href=\"https:\/\/www.freepik.es\/\">Freepi<\/a>k<\/strong> y <strong><a href=\"https:\/\/www.smartick.es\/?utm_source=google&amp;utm_medium=cpc&amp;utm_campaign=es_search_branded&amp;gad_source=1&amp;gad_campaignid=13538381971&amp;gclid=CjwKCAiAqprNBhB6EiwAMe3yhkVY87cYHCuQYJKtJqaVzuL_fxD11BUnGTp7If0mIe935dTnqYMAcBoCbmUQAvD_BwE\">Smartic<\/a>k<\/strong> han patrocinado a nuestro equipo su viaje a la Olimpiada Nacional. (Mil gracias por su reiterada colaboraci\u00f3n.)<\/p>\n<\/div>\n<\/div>\n\n\n\n<p><\/p>\n","protected":false},"excerpt":{"rendered":"<p>Bienvenidos a la p\u00e1gina para M\u00e1laga de la Olimpiada Matem\u00e1tica Espa\u00f1ola (RSME) Aqu\u00ed encontrar\u00e1s noticias y el calendario de nuestro Taller de Ingenio Matem\u00e1tico de M\u00e1laga (TIMM), apoyado por la Universidad de M\u00e1laga: CONTACTO: Cristina Draper Fontanals cdf@uma.es (Delegada en el distrito de M\u00e1laga de la Olimpiada Matem\u00e1tica Espa\u00f1ola) \u00daLTIMAS NOTICIAS \u00a1No olvides el stand &hellip; <\/p>\n<p class=\"link-more\"><a href=\"https:\/\/olimpiada-matematica.uma.es\/\" class=\"more-link\">Continue reading<span class=\"screen-reader-text\"> &#8220;&#8221;<\/span><\/a><\/p>\n","protected":false},"author":1,"featured_media":0,"parent":0,"menu_order":0,"comment_status":"closed","ping_status":"closed","template":"","meta":{"footnotes":""},"class_list":["post-8","page","type-page","status-publish","hentry"],"_links":{"self":[{"href":"https:\/\/olimpiada-matematica.uma.es\/index.php\/wp-json\/wp\/v2\/pages\/8","targetHints":{"allow":["GET"]}}],"collection":[{"href":"https:\/\/olimpiada-matematica.uma.es\/index.php\/wp-json\/wp\/v2\/pages"}],"about":[{"href":"https:\/\/olimpiada-matematica.uma.es\/index.php\/wp-json\/wp\/v2\/types\/page"}],"author":[{"embeddable":true,"href":"https:\/\/olimpiada-matematica.uma.es\/index.php\/wp-json\/wp\/v2\/users\/1"}],"replies":[{"embeddable":true,"href":"https:\/\/olimpiada-matematica.uma.es\/index.php\/wp-json\/wp\/v2\/comments?post=8"}],"version-history":[{"count":146,"href":"https:\/\/olimpiada-matematica.uma.es\/index.php\/wp-json\/wp\/v2\/pages\/8\/revisions"}],"predecessor-version":[{"id":1481,"href":"https:\/\/olimpiada-matematica.uma.es\/index.php\/wp-json\/wp\/v2\/pages\/8\/revisions\/1481"}],"wp:attachment":[{"href":"https:\/\/olimpiada-matematica.uma.es\/index.php\/wp-json\/wp\/v2\/media?parent=8"}],"curies":[{"name":"wp","href":"https:\/\/api.w.org\/{rel}","templated":true}]}}