{"id":533,"date":"2023-09-29T13:26:57","date_gmt":"2023-09-29T13:26:57","guid":{"rendered":"https:\/\/olimpiada-matematica.uma.es\/?page_id=533"},"modified":"2023-09-29T20:47:01","modified_gmt":"2023-09-29T20:47:01","slug":"ome-22-23","status":"publish","type":"page","link":"https:\/\/olimpiada-matematica.uma.es\/index.php\/ome-22-23\/","title":{"rendered":"OME 22-23"},"content":{"rendered":"\n<h1 class=\"wp-block-heading\" id=\"lviii-olimpiada-matematica-espanola-2021-2022\"><strong>LIX OLIMPIADA MATEM\u00c1TICA ESPA\u00d1OLA (2021-2022)<\/strong><\/h1>\n\n\n\n<hr class=\"wp-block-separator has-alpha-channel-opacity\"\/>\n\n\n\n<p class=\"has-text-align-center\"> <a href=\"http:\/\/olimpiada-matematica.uma.es\/index.php\/talleres\/\">IV Concurso de oto\u00f1o<\/a> de Matem\u00e1ticas de M\u00e1laga preparatorio para la LIX Olimpiada Matem\u00e1tica Espa\u00f1ola<\/p>\n\n\n\n<hr class=\"wp-block-separator has-alpha-channel-opacity\"\/>\n\n\n\n<p class=\"has-text-align-center\">I Campus de problemas andaluz: <a href=\"https:\/\/www.ugr.es\/~olimpiada\/OMA\/\" data-type=\"URL\" data-id=\"https:\/\/www.ugr.es\/~olimpiada\/OMA\/\">https:\/\/www.ugr.es\/~olimpiada\/OM<\/a><\/p>\n\n\n\n<p class=\"has-text-align-center\"><a href=\"https:\/\/www.ugr.es\/~olimpiada\/OMA\/\" target=\"_blank\" rel=\"noreferrer noopener\"><img loading=\"lazy\" decoding=\"async\" width=\"150\" height=\"200\" class=\"wp-image-383\" style=\"width: 150px;\" src=\"http:\/\/olimpiada-matematica.uma.es\/wp-content\/uploads\/2022\/12\/cartel.png\" alt=\"\"><\/a><\/p>\n\n\n\n<hr class=\"wp-block-separator has-alpha-channel-opacity\"\/>\n\n\n\n<h2 class=\"wp-block-heading\"><strong>FASE LOCAL DE M\u00c1LAGA<\/strong><\/h2>\n\n\n\n<h3 class=\"wp-block-heading\" id=\"local\"><strong>CONVOCATORIA<\/strong><\/h3>\n\n\n\n<p>Se convoca la fase local de M\u00e1laga de la Olimpiada:<\/p>\n\n\n\n<ul class=\"wp-block-list\">\n<li> <strong>VIERNES d\u00eda 20 de enero<\/strong><\/li>\n\n\n\n<li>Dos sesiones: 10:00 a 13:30 y de 16:00 a 19:30<\/li>\n\n\n\n<li>Sal\u00f3n de actos de la <a href=\"https:\/\/www.uma.es\/escuela-de-ingenierias-industriales\/info\/104601\/acceso-e-instalaciones\/\" target=\"_blank\" rel=\"noreferrer noopener\">Escuela de Ingenier\u00edas Industriales<\/a><\/li>\n<\/ul>\n\n\n\n<p> La <strong>inscripci\u00f3n <\/strong>es on line, en este <a rel=\"noreferrer noopener\" href=\"https:\/\/docs.google.com\/forms\/d\/1G8NtqBBcqHgm2DyYJKmT5M2RbjyIC5nuAMv2R-Infu8\/edit?usp=sharing\" target=\"_blank\">enlace<\/a> (el sistema no confirma la inscripci\u00f3n)<\/p>\n\n\n\n<p>Entrega de premios (solo finalistas y padres): 9 de Febrero, sala de grados B de la escuela de Ingenier\u00edas Industriales, 17:00 a 17:45.<\/p>\n\n\n\n<h3 class=\"wp-block-heading\" id=\"finalistas\"><strong>FINALISTAS<\/strong> Fase Local de M\u00e1laga (Enero 2023)<\/h3>\n\n\n\n<figure class=\"wp-block-table is-style-stripes\"><table><tbody><tr><td>1. Sebasti\u00e1n de la Torre Gil-Delgado<sup>*<\/sup><\/td><td>Colegio Maristas Nuestra Se\u00f1ora de la Victoria, M\u00e1laga<\/td><\/tr><tr><td>2. Jos\u00e9 N\u00fa\u00f1ez S\u00e1nchez<\/td><td>Colegio Maristas Nuestra Se\u00f1ora de la Victoria, M\u00e1laga<\/td><\/tr><tr><td>3. Pablo Mart\u00edn Santamar\u00eda<sup>*<\/sup><\/td><td>I.E.S. Sierra Bermeja, M\u00e1laga<\/td><\/tr><\/tbody><\/table><\/figure>\n\n\n\n<p><sup>*<\/sup> Representantes por Andaluc\u00eda en la <a rel=\"noreferrer noopener\" href=\"https:\/\/ome.unileon.es\/\" target=\"_blank\">Fase Nacional<\/a>  (Le\u00f3n, del 9 al 12 de Marzo)<\/p>\n\n\n\n<figure class=\"wp-block-table is-style-stripes\"><table><tbody><tr><td>Bruno Castro Conde<\/td><td>I.E.S. Salvador Rueda, M\u00e1laga<\/td><\/tr><tr><td>Maxim Dudik<\/td><td>Colegio alem\u00e1n de M\u00e1laga, Oj\u00e9n)<\/td><\/tr><tr><td>Marcos Freijeiro Tapia<\/td><td>Colegio El Pinar, Alhaur\u00edn de la Torre<\/td><\/tr><tr><td>Diego Gonz\u00e1lez Arjona<\/td><td>I.E.S. Mar\u00eda Zambrano, Torre del Mar<\/td><\/tr><tr><td>Lucas del Olmo Garc\u00eda<\/td><td>Colegio Salliver, Fuengirola<\/td><\/tr><tr><td>Diego Palacios Gallardo<\/td><td>I.E.S. Nuestra Se\u00f1ora de la Victoria (Martiricos), M\u00e1laga<\/td><\/tr><tr><td>Yibo Qiu<\/td><td>I.E.S. Nuestra Se\u00f1ora de la Victoria (Martiricos), M\u00e1laga<\/td><\/tr><tr><td>Rafael Torres Arrechea<\/td><td>Colegio San Francisco de As\u00eds, Mijas<\/td><\/tr><tr><td>Mai Vila Guzm\u00e1n<\/td><td>Colegio Maristas Nuestra Se\u00f1ora de la Victoria, M\u00e1laga<\/td><\/tr><tr><td><\/td><td><\/td><\/tr><\/tbody><\/table><figcaption class=\"wp-element-caption\">Resto de Finalistas (por orden alfab\u00e9tico)<\/figcaption><\/figure>\n\n\n\n<h2 class=\"wp-block-heading\" id=\"lixolimpiada\"><strong>MEDALLAS<\/strong><\/h2>\n\n\n\n<p>Los dos representantes de M\u00e1laga han obtenido medalla de plata en la Fase Nacional de la LIX Olimpiada Matem\u00e1tica Espa\u00f1ola (Le\u00f3n).<\/p>\n\n\n<div class=\"wp-block-image\">\n<figure class=\"alignright size-large is-resized\"><img loading=\"lazy\" decoding=\"async\" src=\"http:\/\/olimpiada-matematica.uma.es\/wp-content\/uploads\/2023\/03\/IMG-20230312-WA0044-930x1024.jpg\" alt=\"\" class=\"wp-image-415\" style=\"width:116px;height:127px\" width=\"116\" height=\"127\" srcset=\"https:\/\/olimpiada-matematica.uma.es\/wp-content\/uploads\/2023\/03\/IMG-20230312-WA0044-930x1024.jpg 930w, https:\/\/olimpiada-matematica.uma.es\/wp-content\/uploads\/2023\/03\/IMG-20230312-WA0044-272x300.jpg 272w, https:\/\/olimpiada-matematica.uma.es\/wp-content\/uploads\/2023\/03\/IMG-20230312-WA0044-768x846.jpg 768w, https:\/\/olimpiada-matematica.uma.es\/wp-content\/uploads\/2023\/03\/IMG-20230312-WA0044-1395x1536.jpg 1395w, https:\/\/olimpiada-matematica.uma.es\/wp-content\/uploads\/2023\/03\/IMG-20230312-WA0044.jpg 1671w\" sizes=\"auto, (max-width: 116px) 100vw, 116px\" \/><\/figure>\n<\/div>\n\n\n<p><a rel=\"noreferrer noopener\" href=\"http:\/\/olimpiada-matematica.uma.es\/wp-content\/uploads\/2023\/03\/Enunciados_Leo\u0301n_OME_2023.pdf\" target=\"_blank\">Enunciados<\/a> de los ejercicios la Fase Nacional de la LIX Olimpiada Matem\u00e1tica Espa\u00f1ola<\/p>\n\n\n\n<p><a rel=\"noreferrer noopener\" href=\"https:\/\/www.rsme.es\/olimpiada-matematica-espanola\/lix-olimpiada-matematica-espanola-curso-2022-2023\/\" target=\"_blank\">Bases<\/a> de la LIX Olimpiada Matem\u00e1tica Espa\u00f1ola<\/p>\n","protected":false},"excerpt":{"rendered":"<p>LIX OLIMPIADA MATEM\u00c1TICA ESPA\u00d1OLA (2021-2022) IV Concurso de oto\u00f1o de Matem\u00e1ticas de M\u00e1laga preparatorio para la LIX Olimpiada Matem\u00e1tica Espa\u00f1ola I Campus de problemas andaluz: https:\/\/www.ugr.es\/~olimpiada\/OM FASE LOCAL DE M\u00c1LAGA CONVOCATORIA Se convoca la fase local de M\u00e1laga de la Olimpiada: La inscripci\u00f3n es on line, en este enlace (el sistema no confirma la inscripci\u00f3n) &hellip; <\/p>\n<p class=\"link-more\"><a href=\"https:\/\/olimpiada-matematica.uma.es\/index.php\/ome-22-23\/\" class=\"more-link\">Continue reading<span class=\"screen-reader-text\"> &#8220;OME 22-23&#8221;<\/span><\/a><\/p>\n","protected":false},"author":3,"featured_media":0,"parent":0,"menu_order":0,"comment_status":"closed","ping_status":"closed","template":"","meta":{"footnotes":""},"class_list":["post-533","page","type-page","status-publish","hentry"],"_links":{"self":[{"href":"https:\/\/olimpiada-matematica.uma.es\/index.php\/wp-json\/wp\/v2\/pages\/533","targetHints":{"allow":["GET"]}}],"collection":[{"href":"https:\/\/olimpiada-matematica.uma.es\/index.php\/wp-json\/wp\/v2\/pages"}],"about":[{"href":"https:\/\/olimpiada-matematica.uma.es\/index.php\/wp-json\/wp\/v2\/types\/page"}],"author":[{"embeddable":true,"href":"https:\/\/olimpiada-matematica.uma.es\/index.php\/wp-json\/wp\/v2\/users\/3"}],"replies":[{"embeddable":true,"href":"https:\/\/olimpiada-matematica.uma.es\/index.php\/wp-json\/wp\/v2\/comments?post=533"}],"version-history":[{"count":9,"href":"https:\/\/olimpiada-matematica.uma.es\/index.php\/wp-json\/wp\/v2\/pages\/533\/revisions"}],"predecessor-version":[{"id":558,"href":"https:\/\/olimpiada-matematica.uma.es\/index.php\/wp-json\/wp\/v2\/pages\/533\/revisions\/558"}],"wp:attachment":[{"href":"https:\/\/olimpiada-matematica.uma.es\/index.php\/wp-json\/wp\/v2\/media?parent=533"}],"curies":[{"name":"wp","href":"https:\/\/api.w.org\/{rel}","templated":true}]}}