{"id":516,"date":"2023-09-28T03:30:01","date_gmt":"2023-09-28T03:30:01","guid":{"rendered":"http:\/\/olimpiada-matematica.uma.es\/?page_id=516"},"modified":"2025-09-17T02:18:36","modified_gmt":"2025-09-17T02:18:36","slug":"enlaces","status":"publish","type":"page","link":"https:\/\/olimpiada-matematica.uma.es\/index.php\/enlaces\/","title":{"rendered":"ENLACES"},"content":{"rendered":"\n<p>Aqu\u00ed encontrar\u00e1s enlaces a otras p\u00e1ginas de Olimpiadas Matem\u00e1ticas, divulgaci\u00f3n matem\u00e1tica y cient\u00edfica, etc<\/p>\n\n\n\n<h3 class=\"wp-block-heading\">TALLERES<\/h3>\n\n\n\n<p><a href=\"https:\/\/ttm.unizar.es\/sesiones.html\">Taller de talento Matem\u00e1tico de Arag\u00f3n<\/a> <a href=\"http:\/\/\u2022\thttp:\/\/ttm.unizar.es\/\"> <\/a><\/p>\n\n\n\n<p><a href=\"https:\/\/www.unirioja.es\/talleres\/creatividad_matematica\/SeminarioBachillerato\/seminarioproblemas.shtml\">Talleres de creatividad Matem\u00e1tica Universidad de la Rioja<\/a> (enlace a material en <a href=\"https:\/\/urabierta.unirioja.es\/\">v\u00eddeo <\/a>de sus talleres, y <a href=\"https:\/\/dialnet.unirioja.es\/servlet\/libro?codigo=876830\">libro<\/a> de preparaci\u00f3n)<\/p>\n\n\n\n<p><a href=\"https:\/\/wpd.ugr.es\/~jmmanzano\/preparacion\/index.php\">P\u00e1gina de preparaci\u00f3n de Ja\u00e9n<\/a><\/p>\n\n\n\n<p><a href=\"https:\/\/institucional.us.es\/olimpiada2006\/talleres.html\">P\u00e1gina de preparaci\u00f3n de Sevilla<\/a><\/p>\n\n\n\n<p><a href=\"https:\/\/sites.google.com\/view\/tallervirtualrsme\">Taller On line RSME<\/a> (para los que viven lejos de talleres presenciales): \u00a1en Septiembre est\u00e1 abierto el plazo de inscripci\u00f3n de su tercer a\u00f1o 2025!<\/p>\n\n\n\n<h3 class=\"wp-block-heading\">PROBLEMAS<\/h3>\n\n\n\n<p><a href=\"https:\/\/www.rsme.es\/category\/el-problema-del-mes\/\">El problema del mes<\/a><\/p>\n\n\n\n<p><a href=\"https:\/\/www.icmat.es\/PIM\/material-didactico\/\">Material para el TIMM-joven<\/a> (del PIM)<\/p>\n\n\n\n<h3 class=\"wp-block-heading\">OLIMPIADAS <\/h3>\n\n\n\n<p><a href=\"https:\/\/www.rsme.es\/olimpiada-internacional-de-matematicas\/\">Olimpiada Internacional de Matem\u00e1ticas<\/a><\/p>\n\n\n\n<p><a href=\"https:\/\/www.rsme.es\/european-girls-mathematical-olympiad\/\">Olimpiada Europea Femenina EGMO<\/a><\/p>\n\n\n\n<p><a href=\"https:\/\/www.rsme.es\/olimpiada-matematica-espanola\/\">Olimpiada Matem\u00e1tica Espa\u00f1ola<\/a><\/p>\n\n\n\n<p><a href=\"https:\/\/web.ujaen.es\/eventos\/omatematica\/oma\/\">Olimpiada Matem\u00e1tica Andaluza<\/a> (nueva!)<\/p>\n\n\n\n<p><a href=\"http:\/\/institucional.us.es\/olimpiada2006\/index.html\">Olimpiadas en Sevilla<\/a><\/p>\n\n\n\n<p><a href=\"https:\/\/canguromat.es\/bases-convocatoria-2023\/\">Canguro Matem\u00e1tico 2024<\/a><\/p>\n\n\n\n<h3 class=\"wp-block-heading\">SOCIEDADES Y PROFESORES<\/h3>\n\n\n\n<p><a href=\"https:\/\/thales.cica.es\/malaga\/\">Thales M\u00e1laga<\/a><\/p>\n\n\n\n<p><a href=\"https:\/\/fespm.es\/\">FESPM<\/a> (Federaci\u00f3n Espa\u00f1ola de Sociedades  de Profesores de Matem\u00e1ticas)<\/p>\n\n\n\n<h3 class=\"wp-block-heading\">DIVULGACI\u00d3N BLOGS <\/h3>\n\n\n\n<p><a href=\"https:\/\/francis.naukas.com\/\">La Ciencia de la Mula de Francis<\/a><\/p>\n\n\n\n<p><a href=\"https:\/\/mati.naukas.com\/\">Mati y sus mateaventuras<\/a><\/p>\n\n\n\n<h3 class=\"wp-block-heading\">DIVULGACI\u00d3N YOU TUBE<\/h3>\n\n\n\n<p><a href=\"https:\/\/www.youtube.com\/c\/archimedestube\">Archimedes tube<\/a><\/p>\n\n\n\n<p><a href=\"https:\/\/www.youtube.com\/channel\/UCH-Z8ya93m7_RD02WsCSZYA\">Derivando<\/a><\/p>\n\n\n\n<h3 class=\"wp-block-heading\">OTRAS OLIMPIADAS<\/h3>\n\n\n\n<p><a href=\"https:\/\/2024.olimpiada-informatica.org\/formacion\/index.html\">Preparaci\u00f3n on-line Olimpiada Inform\u00e1tica<\/a><\/p>\n\n\n\n<p>TESTIMONIOS<\/p>\n\n\n\n<p><a href=\"http:\/\/olimpiada-matematica.uma.es\/wp-content\/uploads\/2025\/02\/TESTIMONIO_JoseAngel.pdf\">Tras pasar por el taller<\/a> (Jos\u00e9 \u00c1ngel G\u00e1lvez, estudiante de m\u00e1ster)<\/p>\n\n\n\n<p><a href=\"http:\/\/olimpiada-matematica.uma.es\/wp-content\/uploads\/2025\/02\/Pepe-Beneficios-TIMM.pdf\">Por qu\u00e9 colaborar con el TIMM<\/a> (Jos\u00e9 N\u00fa\u00f1ez, 2\u00ba de Matem\u00e1ticas)<\/p>\n","protected":false},"excerpt":{"rendered":"<p>Aqu\u00ed encontrar\u00e1s enlaces a otras p\u00e1ginas de Olimpiadas Matem\u00e1ticas, divulgaci\u00f3n matem\u00e1tica y cient\u00edfica, etc TALLERES Taller de talento Matem\u00e1tico de Arag\u00f3n Talleres de creatividad Matem\u00e1tica Universidad de la Rioja (enlace a material en v\u00eddeo de sus talleres, y libro de preparaci\u00f3n) P\u00e1gina de preparaci\u00f3n de Ja\u00e9n P\u00e1gina de preparaci\u00f3n de Sevilla Taller On line RSME &hellip; <\/p>\n<p class=\"link-more\"><a href=\"https:\/\/olimpiada-matematica.uma.es\/index.php\/enlaces\/\" class=\"more-link\">Continue reading<span class=\"screen-reader-text\"> &#8220;ENLACES&#8221;<\/span><\/a><\/p>\n","protected":false},"author":2,"featured_media":0,"parent":0,"menu_order":0,"comment_status":"closed","ping_status":"closed","template":"","meta":{"footnotes":""},"class_list":["post-516","page","type-page","status-publish","hentry"],"_links":{"self":[{"href":"https:\/\/olimpiada-matematica.uma.es\/index.php\/wp-json\/wp\/v2\/pages\/516","targetHints":{"allow":["GET"]}}],"collection":[{"href":"https:\/\/olimpiada-matematica.uma.es\/index.php\/wp-json\/wp\/v2\/pages"}],"about":[{"href":"https:\/\/olimpiada-matematica.uma.es\/index.php\/wp-json\/wp\/v2\/types\/page"}],"author":[{"embeddable":true,"href":"https:\/\/olimpiada-matematica.uma.es\/index.php\/wp-json\/wp\/v2\/users\/2"}],"replies":[{"embeddable":true,"href":"https:\/\/olimpiada-matematica.uma.es\/index.php\/wp-json\/wp\/v2\/comments?post=516"}],"version-history":[{"count":24,"href":"https:\/\/olimpiada-matematica.uma.es\/index.php\/wp-json\/wp\/v2\/pages\/516\/revisions"}],"predecessor-version":[{"id":1255,"href":"https:\/\/olimpiada-matematica.uma.es\/index.php\/wp-json\/wp\/v2\/pages\/516\/revisions\/1255"}],"wp:attachment":[{"href":"https:\/\/olimpiada-matematica.uma.es\/index.php\/wp-json\/wp\/v2\/media?parent=516"}],"curies":[{"name":"wp","href":"https:\/\/api.w.org\/{rel}","templated":true}]}}