{"id":495,"date":"2023-09-28T02:24:27","date_gmt":"2023-09-28T02:24:27","guid":{"rendered":"http:\/\/olimpiada-matematica.uma.es\/?page_id=495"},"modified":"2024-05-02T07:37:56","modified_gmt":"2024-05-02T07:37:56","slug":"timm-joven-23-24","status":"publish","type":"page","link":"https:\/\/olimpiada-matematica.uma.es\/index.php\/timm-joven-23-24\/","title":{"rendered":"TIMM &#8211; Joven 23\/24"},"content":{"rendered":"\n<p>Esta es la p\u00e1gina de nuestro nuevo taller para estudiantes de Secundaria a los que les gusten mucho las matem\u00e1ticas, y sobre todo que les guste Pensar&#8230;. Aqu\u00ed organizaremos charlas, talleres, actividades, etc. (TIMM= Taller de Ingenio Matem\u00e1tico de M\u00e1laga) <\/p>\n\n\n\n<p>NOTA IMPORTANTE:  Si alg\u00fan chic@ de 3\u00ba-4\u00ba de la ESO quiere participar, tiene que escribirme a cdf@uma.es y enviarme: nombre completo + correo electr\u00f3nico + centro donde estudia + una frase diciendo por qu\u00e9 quiere participar. <\/p>\n\n\n\n<p><\/p>\n\n\n\n<div class=\"wp-block-group\"><div class=\"wp-block-group__inner-container is-layout-constrained wp-block-group-is-layout-constrained\">\n<figure class=\"wp-block-table\"><table><tbody><tr><td><strong>Octubre 2023<\/strong><\/td><td><\/td><td><\/td><td><img loading=\"lazy\" decoding=\"async\" width=\"150\" height=\"106\" class=\"wp-image-703\" style=\"width: 150px;\" src=\"http:\/\/olimpiada-matematica.uma.es\/wp-content\/uploads\/2024\/01\/logo-timm-colores-2-scaled.jpg\" alt=\"\" srcset=\"https:\/\/olimpiada-matematica.uma.es\/wp-content\/uploads\/2024\/01\/logo-timm-colores-2-scaled.jpg 2560w, https:\/\/olimpiada-matematica.uma.es\/wp-content\/uploads\/2024\/01\/logo-timm-colores-2-300x212.jpg 300w, https:\/\/olimpiada-matematica.uma.es\/wp-content\/uploads\/2024\/01\/logo-timm-colores-2-1024x724.jpg 1024w, https:\/\/olimpiada-matematica.uma.es\/wp-content\/uploads\/2024\/01\/logo-timm-colores-2-768x543.jpg 768w, https:\/\/olimpiada-matematica.uma.es\/wp-content\/uploads\/2024\/01\/logo-timm-colores-2-1536x1086.jpg 1536w, https:\/\/olimpiada-matematica.uma.es\/wp-content\/uploads\/2024\/01\/logo-timm-colores-2-2048x1448.jpg 2048w\" sizes=\"auto, (max-width: 150px) 100vw, 150px\" \/><\/td><\/tr><tr><td>D\u00eda 21, de 10,15 a 12,15<\/td><td>S1 &#8211; Geometr\u00eda (taller)<\/td><td>Jos\u00e9 Antonio Rom\u00e1n<\/td><td>Aula <strong>0.30<\/strong> EII<\/td><\/tr><tr><td>D\u00eda 28,  10,30-12<\/td><td>S2 &#8211; <a href=\"https:\/\/www.bigvanciencia.com\/post\/papel-higienico\">Teselaciones<\/a><\/td><td>UMA- Mercedes Navas<\/td><td>Aula 0.30 EII<\/td><\/tr><tr><td><strong>Noviembre 2023<\/strong><\/td><td><\/td><td><\/td><td><\/td><\/tr><tr><td>D\u00eda 4, 10,30-12<\/td><td>S3 &#8211; Geometr\u00eda para el Universo<\/td><td>Pedro S\u00e1nchez<\/td><td>Aula 0.30 EII<\/td><\/tr><tr><td>D\u00eda 11, 10,30-12<\/td><td>S4 &#8211; <a href=\"http:\/\/olimpiada-matematica.uma.es\/wp-content\/uploads\/2023\/11\/Acertijos-de-combinatoria-y-lo\u0301gica.pdf\">Combinatoria y l\u00f3gica<\/a><\/td><td>M\u00aa \u00c1ngeles G\u00f3mez<\/td><td><strong>TELECO,<\/strong> Aula  4.1.4<\/td><\/tr><tr><td>D\u00eda 18, 10,30-12<\/td><td>S5 &#8211; <a href=\"https:\/\/canguromat.es\/wp-content\/uploads\/2023\/04\/Canguro-2023-4-ESO.pdf\">Correcci\u00f3n Canguro Matem\u00e1tico de 2023<\/a><\/td><td>Eva S\u00e1nchez y Rafa Mart\u00ednez <\/td><td>Aula 0.30 EII<\/td><\/tr><tr><td>D\u00eda 25,  10,30-12<\/td><td>S6 &#8211; <a href=\"http:\/\/olimpiada-matematica.uma.es\/wp-content\/uploads\/2023\/11\/SesionBelen.pdf\">Estrategias de resoluci\u00f3n de problemas<\/a><\/td><td>Bel\u00e9n Sep\u00falveda<\/td><td>Aula 0.30 EII<\/td><\/tr><tr><td><strong>Diciembre 2023<\/strong><\/td><td><\/td><td><\/td><td><\/td><\/tr><tr><td>D\u00eda 2, 10,30-12<\/td><td>S7 &#8211; Geometr\u00eda II<\/td><td>Jos\u00e9 Antonio Rom\u00e1n<\/td><td>Aula 0.30 EII<\/td><\/tr><tr><td>D\u00eda 16, 10,30-12<\/td><td>S8 &#8211;  <a href=\"http:\/\/olimpiada-matematica.uma.es\/wp-content\/uploads\/2023\/12\/Congruencias-I-Presentacio\u0301n.pdf\">N\u00fameros y congruencias<\/a> <\/td><td>UMA- Pepe N\u00fa\u00f1ez y David Gonz\u00e1lez<\/td><td>Aula 0.30 EII<\/td><\/tr><tr><td><strong>Enero 2024<\/strong><\/td><td><\/td><td><\/td><td><\/td><\/tr><tr><td>D\u00eda 13, 10,30 a 12<\/td><td>S9 &#8211; Problemas del mes<\/td><td>Inmaculada Laure<\/td><td>Aula 0.30 EII<\/td><\/tr><tr><td>D\u00eda 20<\/td><td>S10 &#8211; Preparaci\u00f3n Ol\u00edmpica-1<\/td><td>UMA- Sergio Romero <\/td><td>Aula <strong>0.22<\/strong> EII<\/td><\/tr><tr><td>D\u00eda 27<\/td><td>S11 &#8211; Geometr\u00eda III<\/td><td>Jos\u00e9 Antonio Rom\u00e1n<\/td><td>Aula <strong>0.22<\/strong> EII<\/td><\/tr><tr><td><strong>Febrero 2024<\/strong><\/td><td><\/td><td><\/td><td><\/td><\/tr><tr><td>D\u00eda 3, 10,30 a 12<\/td><td>S12 &#8211; <a href=\"https:\/\/view.genial.ly\/65b8e6077fd13000149dd120\/presentation-geogebra\" target=\"_blank\" rel=\"noreferrer noopener\">Geogebra<\/a><\/td><td>Jos\u00e9 Manuel Fern\u00e1ndez<\/td><td>Aula L2556<\/td><\/tr><tr><td><\/td><td>(D\u00eda 10, edificio cerrado y: <strong>Olimpiada<\/strong>-Thales de <strong>4\u00ba<\/strong>)<\/td><td><\/td><td><\/td><\/tr><tr><td>D\u00eda 17, 10,30 a 12<\/td><td>S13 &#8211; Preparaci\u00f3n Ol\u00edmpica-2<\/td><td>UMA- Sergio Romero <\/td><td>Aula 0.30 EII<\/td><\/tr><tr><td><\/td><td>(24 y 2, Vacaciones Semana Blanca)<\/td><td><\/td><td><\/td><\/tr><tr><td><strong>Marzo 2024<\/strong><\/td><td><\/td><td><\/td><td><\/td><\/tr><tr><td>D\u00eda 8, <strong>viernes<\/strong>, de 17:00 a 18:30<\/td><td>S14 &#8211; <a href=\"https:\/\/thales.cica.es\/malaga\/sites\/thales.cica.es.malaga\/files\/users\/user323\/Hojas%20Problemas%20Provincial%20II%20OMJ%20Ma%CC%81laga.pdf\">Correcci\u00f3n Olimpiada Juvenil de 4\u00ba<\/a><\/td><td>Eva S\u00e1nchez Gonz\u00e1lez<\/td><td>Aula 0.<strong>26<\/strong> EII<\/td><\/tr><tr><td>D\u00eda 16, de 10,30 a 12<\/td><td>S15 &#8211; Preparaci\u00f3n Ol\u00edmpica-3<\/td><td>UMA- Sergio Romero<\/td><td>Aula 0.22 EII<\/td><\/tr><tr><td><\/td><td><\/td><td><\/td><td><\/td><\/tr><tr><td><\/td><td>d\u00edas 23 y 30, Semana Santa \u00a1UMA cerrada!<\/td><td><\/td><td><\/td><\/tr><tr><td><strong>Abril 2024<\/strong><\/td><td><\/td><td><\/td><td><\/td><\/tr><tr><td>D\u00eda 6, de 10, 15 a 12,15<\/td><td>S16 &#8211; Geometr\u00eda IV<\/td><td>J.A. Rom\u00e1n<\/td><td>Aula 0.22 EII<\/td><\/tr><tr><td>D\u00eda 13, de 10,30 a 12<\/td><td>S17 &#8211; <a href=\"http:\/\/olimpiada-matematica.uma.es\/wp-content\/uploads\/2024\/04\/Presentacio\u0301n-congruencias-y-nu\u0301meros-II.pdf\">N\u00fameros y Congruencias II<\/a><\/td><td>UMA- Sebasti\u00e1n de la Torre y Mai Vila<\/td><td>Aula 0.22 EII<\/td><\/tr><tr><td>D\u00eda 20, de 11:00 a 12:30<\/td><td>S18 &#8211; Fractales<\/td><td>UMA &#8211; Mercedes Navas y \u00c1ngel Navarro<\/td><td>Aula de grados A<\/td><\/tr><tr><td>D\u00eda 27,  de 10 a 12,30 (larga)<\/td><td>S19 &#8211; Drones y Matem\u00e1ticas<br>(<a href=\"https:\/\/forms.gle\/cGbBriEDArws5imL9\">Registro<\/a>)<\/td><td>Eva S\u00e1nchez Gonz\u00e1lez<\/td><td>Aula 0.22 EII<\/td><\/tr><tr><td><strong>Mayo 2024<\/strong><\/td><td><\/td><td><\/td><td><\/td><\/tr><tr><td>D\u00eda 4 <img loading=\"lazy\" decoding=\"async\" width=\"120\" height=\"127\" class=\"wp-image-835\" style=\"width: 120px;\" src=\"http:\/\/olimpiada-matematica.uma.es\/wp-content\/uploads\/2024\/04\/PitagorasEraseUnaVez.png\" alt=\"\" srcset=\"https:\/\/olimpiada-matematica.uma.es\/wp-content\/uploads\/2024\/04\/PitagorasEraseUnaVez.png 472w, https:\/\/olimpiada-matematica.uma.es\/wp-content\/uploads\/2024\/04\/PitagorasEraseUnaVez-283x300.png 283w\" sizes=\"auto, (max-width: 120px) 100vw, 120px\" \/><\/td><td>Gymkhana clausura: &#8220;\u00c9ranse una vez: LAS MATES&#8221;<br>(<a href=\"https:\/\/docs.google.com\/forms\/d\/e\/1FAIpQLSf1k1QDsDAPUkYCqueN7Ru55fEi-AUYbCQebbEa0O97CUq8VA\/viewform?vc=0&amp;c=0&amp;w=1&amp;flr=0\">Registro<\/a>)<\/td><td>M\u00aa \u00c1ngeles G\u00f3mez (etc)<\/td><td><a href=\"https:\/\/maps.app.goo.gl\/EuYxAJaTqgvbCQG18?g_st=aw\">La Noria<\/a> (al lado del materno)<img loading=\"lazy\" decoding=\"async\" width=\"60\" height=\"58\" class=\"wp-image-848\" style=\"width: 60px;\" src=\"http:\/\/olimpiada-matematica.uma.es\/wp-content\/uploads\/2024\/05\/LogoLANORIA.png\" alt=\"\" srcset=\"https:\/\/olimpiada-matematica.uma.es\/wp-content\/uploads\/2024\/05\/LogoLANORIA.png 749w, https:\/\/olimpiada-matematica.uma.es\/wp-content\/uploads\/2024\/05\/LogoLANORIA-300x291.png 300w\" sizes=\"auto, (max-width: 60px) 100vw, 60px\" \/><\/td><\/tr><\/tbody><\/table><\/figure>\n<\/div><\/div>\n\n\n\n<p><a href=\"https:\/\/thales.cica.es\/malaga\/?q=node\/474\"> <strong>II Olimpiada Matem\u00e1tica Juvenil<\/strong><\/a> 4\u00baESO (solo 4\u00ba) organizada por Thales<\/p>\n\n\n\n<p> XXXIX Olimpiada Matem\u00e1tica Thales para 2.\u00ba de ESO: S\u00e1bado 9 de Marzo<\/p>\n","protected":false},"excerpt":{"rendered":"<p>Esta es la p\u00e1gina de nuestro nuevo taller para estudiantes de Secundaria a los que les gusten mucho las matem\u00e1ticas, y sobre todo que les guste Pensar&#8230;. Aqu\u00ed organizaremos charlas, talleres, actividades, etc. (TIMM= Taller de Ingenio Matem\u00e1tico de M\u00e1laga) NOTA IMPORTANTE: Si alg\u00fan chic@ de 3\u00ba-4\u00ba de la ESO quiere participar, tiene que escribirme &hellip; <\/p>\n<p class=\"link-more\"><a href=\"https:\/\/olimpiada-matematica.uma.es\/index.php\/timm-joven-23-24\/\" class=\"more-link\">Continue reading<span class=\"screen-reader-text\"> &#8220;TIMM &#8211; Joven 23\/24&#8221;<\/span><\/a><\/p>\n","protected":false},"author":2,"featured_media":0,"parent":0,"menu_order":0,"comment_status":"closed","ping_status":"closed","template":"","meta":{"footnotes":""},"class_list":["post-495","page","type-page","status-publish","hentry"],"_links":{"self":[{"href":"https:\/\/olimpiada-matematica.uma.es\/index.php\/wp-json\/wp\/v2\/pages\/495","targetHints":{"allow":["GET"]}}],"collection":[{"href":"https:\/\/olimpiada-matematica.uma.es\/index.php\/wp-json\/wp\/v2\/pages"}],"about":[{"href":"https:\/\/olimpiada-matematica.uma.es\/index.php\/wp-json\/wp\/v2\/types\/page"}],"author":[{"embeddable":true,"href":"https:\/\/olimpiada-matematica.uma.es\/index.php\/wp-json\/wp\/v2\/users\/2"}],"replies":[{"embeddable":true,"href":"https:\/\/olimpiada-matematica.uma.es\/index.php\/wp-json\/wp\/v2\/comments?post=495"}],"version-history":[{"count":65,"href":"https:\/\/olimpiada-matematica.uma.es\/index.php\/wp-json\/wp\/v2\/pages\/495\/revisions"}],"predecessor-version":[{"id":851,"href":"https:\/\/olimpiada-matematica.uma.es\/index.php\/wp-json\/wp\/v2\/pages\/495\/revisions\/851"}],"wp:attachment":[{"href":"https:\/\/olimpiada-matematica.uma.es\/index.php\/wp-json\/wp\/v2\/media?parent=495"}],"curies":[{"name":"wp","href":"https:\/\/api.w.org\/{rel}","templated":true}]}}