{"id":49,"date":"2022-01-27T14:40:03","date_gmt":"2022-01-27T14:40:03","guid":{"rendered":"http:\/\/olimpiada-matematica.uma.es\/?page_id=49"},"modified":"2022-03-08T08:52:47","modified_gmt":"2022-03-08T08:52:47","slug":"oma","status":"publish","type":"page","link":"https:\/\/olimpiada-matematica.uma.es\/index.php\/oma\/","title":{"rendered":"OMA"},"content":{"rendered":"\n<h1 class=\"wp-block-heading\" id=\"olimpiada-matematica-espanola-fase-andaluza\">Olimpiada Matem\u00e1tica Espa\u00f1ola: Fase Andaluza<\/h1>\n\n\n\n<h2 class=\"wp-block-heading\" id=\"malaga-4-al-6-de-marzo-de-2022\">M\u00e1laga, 4 al 6 de marzo de 2022<\/h2>\n\n\n\n<ul class=\"wp-block-list\"><li><a href=\"https:\/\/olimpiada-matematica.uma.es\/index.php\/participantes\/\">Participantes<\/a><\/li><li><a href=\"https:\/\/olimpiada-matematica.uma.es\/index.php\/organizacion\/\">Organizaci\u00f3n<\/a><\/li><li><a href=\"http:\/\/olimpiada-matematica.uma.es\/wp-content\/uploads\/2022\/03\/oma-2022-problemas-pascual.pdf\" target=\"_blank\" rel=\"noreferrer noopener\">Problemas<\/a><\/li><\/ul>\n\n\n\n<h2 class=\"wp-block-heading\"><strong>P\u00f3ster<\/strong> (Descarga grande \u00a143 MB!)<\/h2>\n\n\n\n<figure class=\"wp-block-image size-full\"><a href=\"http:\/\/olimpiada-matematica.uma.es\/wp-content\/uploads\/2022\/02\/cartel.pdf\" target=\"_blank\" rel=\"noopener\"><img loading=\"lazy\" decoding=\"async\" width=\"250\" height=\"354\" src=\"http:\/\/olimpiada-matematica.uma.es\/wp-content\/uploads\/2022\/02\/cartel_olimpiadas_reducido.png\" alt=\"\" class=\"wp-image-157\" srcset=\"https:\/\/olimpiada-matematica.uma.es\/wp-content\/uploads\/2022\/02\/cartel_olimpiadas_reducido.png 250w, https:\/\/olimpiada-matematica.uma.es\/wp-content\/uploads\/2022\/02\/cartel_olimpiadas_reducido-212x300.png 212w\" sizes=\"auto, (max-width: 250px) 100vw, 250px\" \/><\/a><figcaption><strong>Autora: Martina S\u00e1nchez (estudiante de 3\u00ba de arquitectura)<\/strong><\/figcaption><\/figure>\n","protected":false},"excerpt":{"rendered":"<p>Olimpiada Matem\u00e1tica Espa\u00f1ola: Fase Andaluza M\u00e1laga, 4 al 6 de marzo de 2022 Participantes Organizaci\u00f3n Problemas P\u00f3ster (Descarga grande \u00a143 MB!)<\/p>\n","protected":false},"author":1,"featured_media":0,"parent":0,"menu_order":0,"comment_status":"closed","ping_status":"closed","template":"","meta":{"footnotes":""},"class_list":["post-49","page","type-page","status-publish","hentry"],"_links":{"self":[{"href":"https:\/\/olimpiada-matematica.uma.es\/index.php\/wp-json\/wp\/v2\/pages\/49","targetHints":{"allow":["GET"]}}],"collection":[{"href":"https:\/\/olimpiada-matematica.uma.es\/index.php\/wp-json\/wp\/v2\/pages"}],"about":[{"href":"https:\/\/olimpiada-matematica.uma.es\/index.php\/wp-json\/wp\/v2\/types\/page"}],"author":[{"embeddable":true,"href":"https:\/\/olimpiada-matematica.uma.es\/index.php\/wp-json\/wp\/v2\/users\/1"}],"replies":[{"embeddable":true,"href":"https:\/\/olimpiada-matematica.uma.es\/index.php\/wp-json\/wp\/v2\/comments?post=49"}],"version-history":[{"count":38,"href":"https:\/\/olimpiada-matematica.uma.es\/index.php\/wp-json\/wp\/v2\/pages\/49\/revisions"}],"predecessor-version":[{"id":308,"href":"https:\/\/olimpiada-matematica.uma.es\/index.php\/wp-json\/wp\/v2\/pages\/49\/revisions\/308"}],"wp:attachment":[{"href":"https:\/\/olimpiada-matematica.uma.es\/index.php\/wp-json\/wp\/v2\/media?parent=49"}],"curies":[{"name":"wp","href":"https:\/\/api.w.org\/{rel}","templated":true}]}}