{"id":46,"date":"2022-01-27T14:33:50","date_gmt":"2022-01-27T14:33:50","guid":{"rendered":"http:\/\/olimpiada-matematica.uma.es\/?page_id=46"},"modified":"2023-09-29T13:46:13","modified_gmt":"2023-09-29T13:46:13","slug":"talleres","status":"publish","type":"page","link":"https:\/\/olimpiada-matematica.uma.es\/index.php\/talleres\/","title":{"rendered":"TIMM 22-23"},"content":{"rendered":"\n<h2 class=\"wp-block-heading\" id=\"timm-taller-de-ingenio-matematico-de-malaga\"><strong>Taller de Ingenio Matem\u00e1tico de M\u00e1laga<\/strong><\/h2>\n\n\n\n<p>Informaci\u00f3n sobre los talleres de resoluci\u00f3n de problemas y dem\u00e1s actividades de la Delegaci\u00f3n en M\u00e1laga de la Olimpiada Matem\u00e1tica Espa\u00f1ola.<\/p>\n\n\n\n<p>Estos talleres est\u00e1n integrados en el plan <a href=\"https:\/\/www.umadivulga.uma.es\/\" target=\"_blank\" rel=\"noreferrer noopener\">UMA Divulga<\/a>.<\/p>\n\n\n<div class=\"wp-block-image\">\n<figure class=\"aligncenter size-large is-resized\"><img loading=\"lazy\" decoding=\"async\" src=\"http:\/\/olimpiada-matematica.uma.es\/wp-content\/uploads\/2023\/05\/fecyt-1024x176.png\" alt=\"\" class=\"wp-image-449\" style=\"width:279px;height:48px\" width=\"279\" height=\"48\"\/><\/figure>\n<\/div>\n\n<div class=\"wp-block-image\">\n<figure class=\"aligncenter size-full is-resized\"><img loading=\"lazy\" decoding=\"async\" src=\"http:\/\/olimpiada-matematica.uma.es\/wp-content\/uploads\/2023\/05\/logo_UMA_Divulga_2023_Plan_DTEKNDm.jpeg\" alt=\"\" class=\"wp-image-444\" style=\"width:83px;height:84px\" width=\"83\" height=\"84\" srcset=\"https:\/\/olimpiada-matematica.uma.es\/wp-content\/uploads\/2023\/05\/logo_UMA_Divulga_2023_Plan_DTEKNDm.jpeg 241w, https:\/\/olimpiada-matematica.uma.es\/wp-content\/uploads\/2023\/05\/logo_UMA_Divulga_2023_Plan_DTEKNDm-150x150.jpeg 150w, https:\/\/olimpiada-matematica.uma.es\/wp-content\/uploads\/2023\/05\/logo_UMA_Divulga_2023_Plan_DTEKNDm-100x100.jpeg 100w\" sizes=\"auto, (max-width: 83px) 100vw, 83px\" \/><\/figure>\n<\/div>\n\n\n<h2 class=\"wp-block-heading\"><strong>Calendario del taller<\/strong><\/h2>\n\n\n\n<h4 class=\"wp-block-heading\">Lugares de celebraci\u00f3n:<\/h4>\n\n\n\n<ul class=\"wp-block-list\">\n<li>EII = <a href=\"https:\/\/www.uma.es\/escuela-de-ingenierias-industriales\/\" target=\"_blank\" rel=\"noreferrer noopener\">Escuela de Ingenier\u00edas Industriales<\/a><\/li>\n\n\n\n<li>ETSIT = <a href=\"https:\/\/www.uma.es\/etsi-de-telecomunicacion\/\" target=\"_blank\" rel=\"noreferrer noopener\">Escuela T\u00e9cnica Superior de Ingenier\u00eda de Telecomunicaci\u00f3n<\/a><\/li>\n<\/ul>\n\n\n\n<figure class=\"wp-block-table\"><table><tbody><tr><td><strong>Octubre 2022<\/strong><\/td><td><\/td><td class=\"has-text-align-left\" data-align=\"left\"><\/td><td><\/td><\/tr><tr><td><strong>D\u00eda <\/strong>28<\/td><td><strong>IV Concurso de oto\u00f1o<\/strong><\/td><td class=\"has-text-align-left\" data-align=\"left\"><\/td><td>Sal\u00f3n de Actos <a rel=\"noreferrer noopener\" href=\"https:\/\/www.uma.es\/escuela-de-ingenierias-industriales\/info\/128983\/localizacion-escuela-de-ingenierias-industriales\/\" target=\"_blank\">EII<\/a><\/td><\/tr><tr><td><strong>Noviembre 2022<\/strong><\/td><td><\/td><td class=\"has-text-align-left\" data-align=\"left\"><\/td><td><\/td><\/tr><tr><td>D\u00eda 5, de 10 a 12<\/td><td>S1 &#8211; Usando simetr\u00edas para resolver problemas<\/td><td class=\"has-text-align-left\" data-align=\"left\">Antonio Viruel<\/td><td>Aula 0.22 <a rel=\"noreferrer noopener\" href=\"https:\/\/www.uma.es\/escuela-de-ingenierias-industriales\/info\/128983\/localizacion-escuela-de-ingenierias-industriales\/\" target=\"_blank\">EII<\/a><\/td><\/tr><tr><td>D\u00eda 12, de 11 a 13<\/td><td>S2 &#8211; Geometr\u00eda<\/td><td class=\"has-text-align-left\" data-align=\"left\">Jos\u00e9 Antonio Rom\u00e1n<\/td><td>Aula 1.02a <a href=\"https:\/\/www.uma.es\/etsi-de-telecomunicacion\/\" target=\"_blank\" rel=\"noreferrer noopener\">ETSIT<\/a><\/td><\/tr><tr><td>D\u00eda 19, de 11 a 13<\/td><td>S3 &#8211; Geometr\u00eda plana<\/td><td class=\"has-text-align-left\" data-align=\"left\">Jos\u00e9 Antonio Rom\u00e1n<\/td><td>Aula 1.02a <a rel=\"noreferrer noopener\" href=\"https:\/\/www.uma.es\/etsi-de-telecomunicacion\/\" target=\"_blank\">ETSIT<\/a><\/td><\/tr><tr><td>D\u00eda 26, de 10 a 12<\/td><td>S4 &#8211; Principio del Palomar<\/td><td class=\"has-text-align-left\" data-align=\"left\">Enrique Machuca<\/td><td>Aula 0.22 <a rel=\"noreferrer noopener\" href=\"https:\/\/www.uma.es\/escuela-de-ingenierias-industriales\/info\/128983\/localizacion-escuela-de-ingenierias-industriales\/\" target=\"_blank\">EII<\/a><\/td><\/tr><tr><td>D\u00eda 26, de 11 a 13<\/td><td>S4b (Veteranos) &#8211; Polinomios<\/td><td class=\"has-text-align-left\" data-align=\"left\">Pedro Mayorga<\/td><td>Aula 0.21 <a rel=\"noreferrer noopener\" href=\"https:\/\/www.uma.es\/escuela-de-ingenierias-industriales\/info\/128983\/localizacion-escuela-de-ingenierias-industriales\/\" target=\"_blank\">EII<\/a><\/td><\/tr><tr><td><strong>Diciembre 2022<\/strong><\/td><td><\/td><td class=\"has-text-align-left\" data-align=\"left\"><\/td><td><\/td><\/tr><tr><td>D\u00eda 2<\/td><td>S5b &#8211; Problemas Olimpiadas<\/td><td class=\"has-text-align-left\" data-align=\"left\">Jos\u00e9 \u00c1ngel G\u00e1lvez<\/td><td>Aula 0.22 EII<\/td><\/tr><tr><td>D\u00eda 3, de 10 a 12<\/td><td>S5 &#8211; Empezando a Contar<\/td><td class=\"has-text-align-left\" data-align=\"left\">Maria \u00c1ngeles G\u00f3mez<\/td><td>Aula 0.22 <a rel=\"noreferrer noopener\" href=\"https:\/\/www.uma.es\/escuela-de-ingenierias-industriales\/info\/128983\/localizacion-escuela-de-ingenierias-industriales\/\" target=\"_blank\">EII<\/a><\/td><\/tr><tr><td>D\u00eda 10, de 10 a 12<\/td><td>S6 &#8211; Congruencias<\/td><td class=\"has-text-align-left\" data-align=\"left\">Miguel G\u00f3mez Lozano<\/td><td>Aula 0.22 <a rel=\"noreferrer noopener\" href=\"https:\/\/www.uma.es\/escuela-de-ingenierias-industriales\/info\/128983\/localizacion-escuela-de-ingenierias-industriales\/\" target=\"_blank\">EII<\/a><\/td><\/tr><tr><td>D\u00edas 15-18<\/td><td><strong><a href=\"https:\/\/www.ugr.es\/~olimpiada\/OMA\/\" target=\"_blank\" rel=\"noreferrer noopener\">Campamento andaluz<\/a><\/strong><\/td><td class=\"has-text-align-left\" data-align=\"left\"><img loading=\"lazy\" decoding=\"async\" width=\"150\" height=\"149\" class=\"wp-image-374\" style=\"width: 150px;\" src=\"http:\/\/olimpiada-matematica.uma.es\/wp-content\/uploads\/2022\/12\/logo-azul-03-03.png\" alt=\"\" srcset=\"https:\/\/olimpiada-matematica.uma.es\/wp-content\/uploads\/2022\/12\/logo-azul-03-03.png 2253w, https:\/\/olimpiada-matematica.uma.es\/wp-content\/uploads\/2022\/12\/logo-azul-03-03-300x300.png 300w, https:\/\/olimpiada-matematica.uma.es\/wp-content\/uploads\/2022\/12\/logo-azul-03-03-1024x1020.png 1024w, https:\/\/olimpiada-matematica.uma.es\/wp-content\/uploads\/2022\/12\/logo-azul-03-03-150x150.png 150w, https:\/\/olimpiada-matematica.uma.es\/wp-content\/uploads\/2022\/12\/logo-azul-03-03-768x765.png 768w, https:\/\/olimpiada-matematica.uma.es\/wp-content\/uploads\/2022\/12\/logo-azul-03-03-1536x1531.png 1536w, https:\/\/olimpiada-matematica.uma.es\/wp-content\/uploads\/2022\/12\/logo-azul-03-03-2048x2041.png 2048w, https:\/\/olimpiada-matematica.uma.es\/wp-content\/uploads\/2022\/12\/logo-azul-03-03-100x100.png 100w\" sizes=\"auto, (max-width: 150px) 100vw, 150px\" \/><br>Autora del logo: Martina S\u00e1nchez<\/td><td><strong>La R\u00e1bida<\/strong><\/td><\/tr><tr><td>D\u00eda 17, de 10 a 12<\/td><td>S7 &#8211; Geometr\u00eda (III)<\/td><td class=\"has-text-align-left\" data-align=\"left\">Jos\u00e9 Antonio Rom\u00e1n<\/td><td>Aula 0.22 <a rel=\"noreferrer noopener\" href=\"https:\/\/www.uma.es\/escuela-de-ingenierias-industriales\/info\/128983\/localizacion-escuela-de-ingenierias-industriales\/\" target=\"_blank\">EII<\/a><\/td><\/tr><tr><td><strong>Enero 2023<\/strong><\/td><td><\/td><td class=\"has-text-align-left\" data-align=\"left\"><\/td><td><\/td><\/tr><tr><td>D\u00eda 14<\/td><td>S8 &#8211; Invariantes<\/td><td class=\"has-text-align-left\" data-align=\"left\">Pedro S\u00e1nchez Meneses<\/td><td>Aula 0.22 <a rel=\"noreferrer noopener\" href=\"https:\/\/www.uma.es\/escuela-de-ingenierias-industriales\/info\/128983\/localizacion-escuela-de-ingenierias-industriales\/\" target=\"_blank\">EII<\/a><\/td><\/tr><tr><td>D\u00eda 20<\/td><td><strong><a href=\"http:\/\/olimpiada-matematica.uma.es\/#local\">Olimpiada fase local<\/a><\/strong><\/td><td class=\"has-text-align-left\" data-align=\"left\"><\/td><td>Sal\u00f3n de actos EII<\/td><\/tr><tr><td><strong>Febrero 2023<\/strong><\/td><td><\/td><td class=\"has-text-align-left\" data-align=\"left\"><\/td><td><\/td><\/tr><tr><td>D\u00eda 4, de 10,30 a 12,30-1<\/td><td>S9 &#8211; Correcci\u00f3n fase local<\/td><td class=\"has-text-align-left\" data-align=\"left\">Cristina Draper<\/td><td>Aula de grados A<br><a rel=\"noreferrer noopener\" href=\"https:\/\/www.uma.es\/escuela-de-ingenierias-industriales\/info\/128983\/localizacion-escuela-de-ingenierias-industriales\/\" target=\"_blank\">EII<\/a><\/td><\/tr><tr><td>D\u00eda 11, de 10,30 a 12,30<\/td><td>S10 &#8211; M\u00e1s combinatoria<\/td><td class=\"has-text-align-left\" data-align=\"left\">Pedro Mayorga<\/td><td>Aula 0.22 <a rel=\"noreferrer noopener\" href=\"https:\/\/www.uma.es\/escuela-de-ingenierias-industriales\/info\/128983\/localizacion-escuela-de-ingenierias-industriales\/\" target=\"_blank\">EII<\/a><\/td><\/tr><tr><td>D\u00eda 17<\/td><td>S11 &#8211; Divisores<\/td><td class=\"has-text-align-left\" data-align=\"left\">Iv\u00e1n Ruiz Campos<\/td><td>Aula 0.22 <a rel=\"noreferrer noopener\" href=\"https:\/\/www.uma.es\/escuela-de-ingenierias-industriales\/info\/128983\/localizacion-escuela-de-ingenierias-industriales\/\" target=\"_blank\">EII<\/a><\/td><\/tr><tr><td>D\u00eda 17<\/td><td>Sesi\u00f3n extraordinaria preparatoria OMA<\/td><td class=\"has-text-align-left\" data-align=\"left\">Jos\u00e9 \u00c1ngel G\u00e1lvez y Pedro Mayorga<\/td><td>UGR<\/td><\/tr><tr><td>D\u00eda 18<\/td><td><strong>Olimpiada fase andaluza<\/strong><\/td><td class=\"has-text-align-left\" data-align=\"left\"><\/td><td>Granada<\/td><\/tr><tr><td>D\u00eda 25, de 10,30 a 12,30<\/td><td>S12- Geometr\u00eda IV<\/td><td class=\"has-text-align-left\" data-align=\"left\">Jos\u00e9 Antonio Rom\u00e1n<\/td><td><\/td><\/tr><tr><td><strong>Marzo 2023<\/strong><\/td><td><\/td><td class=\"has-text-align-left\" data-align=\"left\"><\/td><td><\/td><\/tr><tr><td>D\u00eda 3<\/td><td>S13 &#8211; Desigualdades<\/td><td class=\"has-text-align-left\" data-align=\"left\">Benjam\u00edn Olea<\/td><td>Aula 0.23 EII<\/td><\/tr><tr><td>D\u00eda 4<\/td><td>Sesi\u00f3n on line preparaci\u00f3n OME<\/td><td class=\"has-text-align-left\" data-align=\"left\">Jos\u00e9 Miguel Manzano<\/td><td><\/td><\/tr><tr><td>D\u00edas 9 a 12<\/td><td><strong>Olimpiada fase nacional<\/strong><\/td><td class=\"has-text-align-left\" data-align=\"left\"><\/td><td>Le\u00f3n<\/td><\/tr><tr><td>D\u00eda 18, de 10,30 a 12,30<\/td><td>S14 &#8211; Correcci\u00f3n fase Nacional<\/td><td class=\"has-text-align-left\" data-align=\"left\">Cristina Draper<\/td><td>Aula 0.22 EII<\/td><\/tr><tr><td>D\u00eda 25<\/td><td>S15 &#8211; Geometr\u00eda (IV, cuadril\u00e1teros c\u00edclicos)<\/td><td class=\"has-text-align-left\" data-align=\"left\">Jos\u00e9 Antonio Rom\u00e1n<\/td><td><\/td><\/tr><tr><td><strong>Abril 2023<\/strong><\/td><td><\/td><td class=\"has-text-align-left\" data-align=\"left\"><\/td><td><\/td><\/tr><tr><td>D\u00eda 14, de 16:30 a 18:00<\/td><td>S16 &#8211; Tsunamis y Matem\u00e1ticas<\/td><td class=\"has-text-align-left\" data-align=\"left\">Jos\u00e9 Manuel Gonz\u00e1lez Vida<\/td><td>Aula 0.22 EII<\/td><\/tr><tr><td>D\u00eda 22<\/td><td>S17 &#8211;  Programaci\u00f3n Funcional en las Matem\u00e1ticas<\/td><td class=\"has-text-align-left\" data-align=\"left\"><a href=\"http:\/\/olimpiada-matematica.uma.es\/wp-content\/uploads\/2023\/09\/charlaBlas2023-1.pdf\">Pablo L\u00f3pez<\/a><\/td><td>Aula  L2556 &#8211; EII<\/td><\/tr><tr><td>D\u00eda 29<\/td><td><\/td><td class=\"has-text-align-left\" data-align=\"left\"><\/td><td><\/td><\/tr><tr><td><strong>Mayo 2023<\/strong><\/td><td><\/td><td class=\"has-text-align-left\" data-align=\"left\"><\/td><td><\/td><\/tr><tr><td>D\u00eda 6<\/td><td>S18 &#8211; Resoluci\u00f3n de problemas<\/td><td class=\"has-text-align-left\" data-align=\"left\">Pedro S\u00e1nchez<\/td><td>Aula 0.22 EII<\/td><\/tr><tr><td>D\u00eda 13<\/td><td>S19 &#8211; Geometr\u00eda (V)-CLAUSURA<\/td><td class=\"has-text-align-left\" data-align=\"left\">Jos\u00e9 Antonio Rom\u00e1n<\/td><td>Aula 0.22 EII<\/td><\/tr><\/tbody><\/table><figcaption class=\"wp-element-caption\">Plan anual<\/figcaption><\/figure>\n\n\n\n<p><\/p>\n\n\n\n<h2 class=\"wp-block-heading\"><strong>Organizaci\u00f3n<\/strong><\/h2>\n\n\n\n<figure class=\"wp-block-table is-style-stripes\"><table><tbody><tr><td>Responsable<\/td><td>Cristina Draper Fontanals<\/td><\/tr><tr><td>Colaborador<\/td><td>Pedro S\u00e1nchez Meneses<\/td><\/tr><\/tbody><\/table><\/figure>\n\n\n\n<h2 class=\"wp-block-heading\"><strong>IV Concurso de oto\u00f1o de Matem\u00e1ticas de M\u00e1laga<\/strong><\/h2>\n\n\n\n<h3 class=\"wp-block-heading\">Preparatorio para la LIX Olimpiada Matem\u00e1tica Espa\u00f1ola<\/h3>\n\n\n\n<figure class=\"wp-block-image size-full is-resized\"><img loading=\"lazy\" decoding=\"async\" src=\"http:\/\/olimpiada-matematica.uma.es\/wp-content\/uploads\/2022\/10\/Logo-Co-U.jpg\" alt=\"\" class=\"wp-image-337\" style=\"width:586px;height:417px\" width=\"586\" height=\"417\" srcset=\"https:\/\/olimpiada-matematica.uma.es\/wp-content\/uploads\/2022\/10\/Logo-Co-U.jpg 586w, https:\/\/olimpiada-matematica.uma.es\/wp-content\/uploads\/2022\/10\/Logo-Co-U-300x213.jpg 300w\" sizes=\"auto, (max-width: 586px) 100vw, 586px\" \/><\/figure>\n\n\n\n<ul class=\"wp-block-list\">\n<li>Viernes 28 de Octubre de 2022<\/li>\n\n\n\n<li>Hora de <strong>llegada<\/strong> a la Escuela: 9:35<\/li>\n\n\n\n<li><a rel=\"noreferrer noopener\" href=\"https:\/\/www.uma.es\/escuela-de-ingenierias-industriales\/info\/72962\/informacion-de-contacto\/\" target=\"_blank\">Escuela de Ingenier\u00edas Industriales<\/a> de la Universidad de M\u00e1laga<\/li>\n\n\n\n<li><strong>Inscripci\u00f3n<\/strong>: Sociedad Andaluza de Educaci\u00f3n Matem\u00e1tica <a rel=\"noreferrer noopener\" href=\"https:\/\/thales.cica.es\/malaga\/?q=node\/443\" target=\"_blank\">Thales<\/a>. <strong>AVISO<\/strong>: el sistema no env\u00eda mensajes confirmando la inscripci\u00f3n<\/li>\n\n\n\n<li><a rel=\"noreferrer noopener\" href=\"http:\/\/olimpiada-matematica.uma.es\/wp-content\/uploads\/2022\/10\/BasesConcurso2022.pdf\" target=\"_blank\">Bases<\/a><\/li>\n\n\n\n<li><a href=\"http:\/\/olimpiada-matematica.uma.es\/index.php\/contacto\/\">Contacto<\/a><\/li>\n<\/ul>\n","protected":false},"excerpt":{"rendered":"<p>Taller de Ingenio Matem\u00e1tico de M\u00e1laga Informaci\u00f3n sobre los talleres de resoluci\u00f3n de problemas y dem\u00e1s actividades de la Delegaci\u00f3n en M\u00e1laga de la Olimpiada Matem\u00e1tica Espa\u00f1ola. Estos talleres est\u00e1n integrados en el plan UMA Divulga. Calendario del taller Lugares de celebraci\u00f3n: Octubre 2022 D\u00eda 28 IV Concurso de oto\u00f1o Sal\u00f3n de Actos EII Noviembre &hellip; <\/p>\n<p class=\"link-more\"><a href=\"https:\/\/olimpiada-matematica.uma.es\/index.php\/talleres\/\" class=\"more-link\">Continue reading<span class=\"screen-reader-text\"> &#8220;TIMM 22-23&#8221;<\/span><\/a><\/p>\n","protected":false},"author":1,"featured_media":0,"parent":0,"menu_order":0,"comment_status":"closed","ping_status":"closed","template":"","meta":{"footnotes":""},"class_list":["post-46","page","type-page","status-publish","hentry"],"_links":{"self":[{"href":"https:\/\/olimpiada-matematica.uma.es\/index.php\/wp-json\/wp\/v2\/pages\/46","targetHints":{"allow":["GET"]}}],"collection":[{"href":"https:\/\/olimpiada-matematica.uma.es\/index.php\/wp-json\/wp\/v2\/pages"}],"about":[{"href":"https:\/\/olimpiada-matematica.uma.es\/index.php\/wp-json\/wp\/v2\/types\/page"}],"author":[{"embeddable":true,"href":"https:\/\/olimpiada-matematica.uma.es\/index.php\/wp-json\/wp\/v2\/users\/1"}],"replies":[{"embeddable":true,"href":"https:\/\/olimpiada-matematica.uma.es\/index.php\/wp-json\/wp\/v2\/comments?post=46"}],"version-history":[{"count":56,"href":"https:\/\/olimpiada-matematica.uma.es\/index.php\/wp-json\/wp\/v2\/pages\/46\/revisions"}],"predecessor-version":[{"id":547,"href":"https:\/\/olimpiada-matematica.uma.es\/index.php\/wp-json\/wp\/v2\/pages\/46\/revisions\/547"}],"wp:attachment":[{"href":"https:\/\/olimpiada-matematica.uma.es\/index.php\/wp-json\/wp\/v2\/media?parent=46"}],"curies":[{"name":"wp","href":"https:\/\/api.w.org\/{rel}","templated":true}]}}