{"id":440,"date":"2023-05-25T12:56:51","date_gmt":"2023-05-25T12:56:51","guid":{"rendered":"http:\/\/olimpiada-matematica.uma.es\/?page_id=440"},"modified":"2024-05-09T09:04:26","modified_gmt":"2024-05-09T09:04:26","slug":"timm-23-24","status":"publish","type":"page","link":"https:\/\/olimpiada-matematica.uma.es\/index.php\/timm-23-24\/","title":{"rendered":"TIMM 23-24"},"content":{"rendered":"\n<h2 class=\"wp-block-heading\"><strong>Taller de Ingenio Matem\u00e1tico de M\u00e1laga<\/strong><\/h2>\n\n\n\n<p>Tras el verano, los talleres TIMM empezar\u00e1n a principios de Octubre.<\/p>\n\n\n\n<figure class=\"wp-block-table\"><table><tbody><tr><td><strong>Septiembre 2023<\/strong><\/td><td><\/td><td class=\"has-text-align-left\" data-align=\"left\"><\/td><td><img loading=\"lazy\" decoding=\"async\" width=\"150\" height=\"106\" class=\"wp-image-703\" style=\"width: 150px;\" src=\"http:\/\/olimpiada-matematica.uma.es\/wp-content\/uploads\/2024\/01\/logo-timm-colores-2-scaled.jpg\" alt=\"\" srcset=\"https:\/\/olimpiada-matematica.uma.es\/wp-content\/uploads\/2024\/01\/logo-timm-colores-2-scaled.jpg 2560w, https:\/\/olimpiada-matematica.uma.es\/wp-content\/uploads\/2024\/01\/logo-timm-colores-2-300x212.jpg 300w, https:\/\/olimpiada-matematica.uma.es\/wp-content\/uploads\/2024\/01\/logo-timm-colores-2-1024x724.jpg 1024w, https:\/\/olimpiada-matematica.uma.es\/wp-content\/uploads\/2024\/01\/logo-timm-colores-2-768x543.jpg 768w, https:\/\/olimpiada-matematica.uma.es\/wp-content\/uploads\/2024\/01\/logo-timm-colores-2-1536x1086.jpg 1536w, https:\/\/olimpiada-matematica.uma.es\/wp-content\/uploads\/2024\/01\/logo-timm-colores-2-2048x1448.jpg 2048w\" sizes=\"auto, (max-width: 150px) 100vw, 150px\" \/><\/td><\/tr><tr><td>D\u00eda 30  <\/td><td><strong>V Concurso de oto\u00f1o<\/strong><\/td><td class=\"has-text-align-left\" data-align=\"left\"><img loading=\"lazy\" decoding=\"async\" width=\"75\" height=\"53\" class=\"wp-image-337\" style=\"width: 75px;\" src=\"http:\/\/olimpiada-matematica.uma.es\/wp-content\/uploads\/2022\/10\/Logo-Co-U.jpg\" alt=\"\" srcset=\"https:\/\/olimpiada-matematica.uma.es\/wp-content\/uploads\/2022\/10\/Logo-Co-U.jpg 586w, https:\/\/olimpiada-matematica.uma.es\/wp-content\/uploads\/2022\/10\/Logo-Co-U-300x213.jpg 300w\" sizes=\"auto, (max-width: 75px) 100vw, 75px\" \/><\/td><td>Sala de grados A (EII)<\/td><\/tr><tr><td><strong>Octubre 2023<\/strong><\/td><td><\/td><td class=\"has-text-align-left\" data-align=\"left\"><\/td><td><\/td><\/tr><tr><td><strong>D\u00eda <\/strong>7, de 10,30 a 12,30<\/td><td>S1 &#8211;  Correcci\u00f3n Oto\u00f1o<\/td><td class=\"has-text-align-left\" data-align=\"left\">Cristina Draper<\/td><td>Aula 0.26 EII<\/td><\/tr><tr><td><strong>Viernes<\/strong> 13, de 5 a 7<\/td><td>S2 &#8211; El tri\u00e1ngulo-La secci\u00f3n \u00e1urea-Teor\u00eda de ecuaciones y funciones sim\u00e9tricas.<\/td><td class=\"has-text-align-left\" data-align=\"left\">Jos\u00e9 Luis M\u00e9ndez<\/td><td>Aula 0.26 EII<\/td><\/tr><tr><td><strong>Viernes<\/strong> 20, de 5 a 7 <\/td><td>S3 &#8211; <a href=\"http:\/\/olimpiada-matematica.uma.es\/wp-content\/uploads\/2023\/10\/Teori\u0301a-de-Nu\u0301meros-20-de-octubre.pdf\">N\u00fameros<\/a>  <\/td><td class=\"has-text-align-left\" data-align=\"left\">UMA- Jos\u00e9 \u00c1ngel G\u00e1lvez<\/td><td>Aula 0.26 EII<\/td><\/tr><tr><td>D\u00eda 28, de 10 a 12<\/td><td>S4 &#8211; Geometr\u00eda I<\/td><td class=\"has-text-align-left\" data-align=\"left\">Jos\u00e9 Antonio Rom\u00e1n<\/td><td>Aula 0.26 EII<\/td><\/tr><tr><td><strong>Noviembre 2023<\/strong><\/td><td><\/td><td class=\"has-text-align-left\" data-align=\"left\"><\/td><td><\/td><\/tr><tr><td>D\u00eda 4, a las 10<\/td><td>S5 &#8211; <a href=\"http:\/\/olimpiada-matematica.uma.es\/wp-content\/uploads\/2023\/11\/Problemas_de_combinatoria2023.pdf\">Combinatoria<\/a><\/td><td class=\"has-text-align-left\" data-align=\"left\"> M\u00aa \u00c1ngeles G\u00f3mez<\/td><td> <a rel=\"noreferrer noopener\" href=\"https:\/\/www.uma.es\/escuela-de-ingenierias-industriales\/info\/128983\/localizacion-escuela-de-ingenierias-industriales\/\" target=\"_blank\"><\/a>Aula 0.26 EII<\/td><\/tr><tr><td>D\u00eda 11, 10am<\/td><td>S6 &#8211; <a href=\"Programa: Envolventes (como en otros a\u00f1os) Diagrama de Voronoi Relaci\u00f3n entre el n\u00famero de oro y los puntos de infexi\u00f3n de una funci\u00f3n polin\u00f3mica de grado 4 Construir una escena de geogebra que represente una funci\u00f3n racional (con polinomios de grado 2) en la que aparezcan y desaparezcan las as\u00edntotas de forma autom\u00e1tica. Alg\u00fan problema de olimpiada\">Geogeb<\/a><a href=\"https:\/\/www.abc.es\/ciencia\/abci-diagrama-voronoi-forma-matematica-dividir-mundo-201704241101_noticia.html\">ra<\/a><br>Enlaces: <a href=\"https:\/\/www.abc.es\/ciencia\/abci-diagrama-voronoi-forma-matematica-dividir-mundo-201704241101_noticia.html\">Voronoi<\/a>, <a href=\"http:\/\/www.xente.mundo-r.com\/ilarrosa\/GeoGebra\/Fi_en_la_cuartica.html\">N\u00famero Aureo<\/a><\/td><td class=\"has-text-align-left\" data-align=\"left\"> Jos\u00e9 Manuel Fern\u00e1ndez<\/td><td>Aula (inf) L2556 EII <\/td><\/tr><tr><td>D\u00eda 18, 10am<\/td><td>S7 &#8211;  <a href=\"https:\/\/olimpiada-matematica.uma.es\/wp-content\/uploads\/2023\/11\/fractal_olimpiadas.ppsx\">Fractales en la Naturaleza<\/a><\/td><td class=\"has-text-align-left\" data-align=\"left\"> Aniceto Murillo<\/td><td> Aula 0.26 EII<\/td><\/tr><tr><td>D\u00eda 25, 10am<\/td><td>S8 &#8211; Geometr\u00eda II<\/td><td class=\"has-text-align-left\" data-align=\"left\"> Jos\u00e9 Antonio Rom\u00e1n<\/td><td>Aula 0.26 EII<\/td><\/tr><tr><td><strong>Diciembre 2023<\/strong><\/td><td><\/td><td class=\"has-text-align-left\" data-align=\"left\"><\/td><td><\/td><\/tr><tr><td>D\u00eda 2, de <strong>10,30<\/strong> a 12,30<\/td><td>S9 &#8211; Invariantes<\/td><td class=\"has-text-align-left\" data-align=\"left\"> Pedro S\u00e1nchez<\/td><td>Aula 0.26 EII<\/td><\/tr><tr><td>D\u00eda 9<\/td><td>(Edificio cerrado, fiesta)<\/td><td class=\"has-text-align-left\" data-align=\"left\"><\/td><td><\/td><\/tr><tr><td>D\u00eda 16, de 10 a 12<\/td><td>S10 &#8211;  Demostraciones con encanto<\/td><td class=\"has-text-align-left\" data-align=\"left\">Jos\u00e9 Luis Flores<\/td><td><strong> <\/strong>Aula 0.26 EII<\/td><\/tr><tr><td><strong>Enero 2024<\/strong><\/td><td><\/td><td class=\"has-text-align-left\" data-align=\"left\"><\/td><td><\/td><\/tr><tr><td>D\u00eda 13, de 10 a 12+<\/td><td>S11 &#8211;  Geometr\u00eda III<\/td><td class=\"has-text-align-left\" data-align=\"left\"> J.A. Rom\u00e1n<\/td><td> <a href=\"https:\/\/www.uma.es\/escuela-de-ingenierias-industriales\/info\/128983\/localizacion-escuela-de-ingenierias-industriales\/\" target=\"_blank\" rel=\"noreferrer noopener\"><\/a>Aula 0.26 EII<\/td><\/tr><tr><td>D\u00eda 19 (viernes)<\/td><td><strong><a href=\"http:\/\/olimpiada-matematica.uma.es\/#local\">Olimpiada fase local<\/a><\/strong><\/td><td class=\"has-text-align-left\" data-align=\"left\"><\/td><td>Sal\u00f3n de actos EII<\/td><\/tr><tr><td>D\u00eda 27, a las 10<\/td><td>S12 &#8211; <a href=\"http:\/\/olimpiada-matematica.uma.es\/wp-content\/uploads\/2023\/12\/Anno1_Sesion3_MiguelGomez.doc.pdf\">Congruencias <\/a><\/td><td class=\"has-text-align-left\" data-align=\"left\">Miguel G\u00f3mez<\/td><td>Aula 0.26 EII<\/td><\/tr><tr><td><strong>Febrero 2024<\/strong><\/td><td><\/td><td class=\"has-text-align-left\" data-align=\"left\"><\/td><td><\/td><\/tr><tr><td>D\u00eda 3,  10h<\/td><td>S13 &#8211; <a href=\"http:\/\/olimpiada-matematica.uma.es\/wp-content\/uploads\/2024\/02\/60OME_local_24Malaga.pdf\">Correcci\u00f3n fase local<\/a><\/td><td class=\"has-text-align-left\" data-align=\"left\">Cristina Draper<\/td><td> Aula 0.26 EII<\/td><\/tr><tr><td><strong>Viernes <\/strong>d\u00eda 9, 16.30 a 18.30<\/td><td> S14 &#8211; N\u00fameros II<br><sub><sup>(el 10 edificio cerrado)<\/sup><\/sub><\/td><td class=\"has-text-align-left\" data-align=\"left\"> UMA &#8211; Jos\u00e9 \u00c1ngel G\u00e1lvez<\/td><td> <a href=\"https:\/\/www.uma.es\/escuela-de-ingenierias-industriales\/info\/128983\/localizacion-escuela-de-ingenierias-industriales\/\" target=\"_blank\" rel=\"noreferrer noopener\"><\/a>Aula 0.26 EII<\/td><\/tr><tr><td>D\u00eda 17, \u00a1<strong>10,30h<\/strong>!<\/td><td>S15 &#8211; Preparaci\u00f3n Olimpiada<\/td><td class=\"has-text-align-left\" data-align=\"left\">UMA &#8211; Pedro Mayorga<\/td><td><\/td><\/tr><tr><td>D\u00eda 23 a 25<\/td><td><strong><a href=\"https:\/\/web.ujaen.es\/eventos\/omatematica\/oma\/\">Olimpiada fase andaluza<\/a><\/strong> <\/td><td class=\"has-text-align-left\" data-align=\"left\"><img loading=\"lazy\" decoding=\"async\" width=\"65\" height=\"65\" class=\"wp-image-374\" style=\"width: 65px;\" src=\"http:\/\/olimpiada-matematica.uma.es\/wp-content\/uploads\/2022\/12\/logo-azul-03-03.png\" alt=\"\" srcset=\"https:\/\/olimpiada-matematica.uma.es\/wp-content\/uploads\/2022\/12\/logo-azul-03-03.png 2253w, https:\/\/olimpiada-matematica.uma.es\/wp-content\/uploads\/2022\/12\/logo-azul-03-03-300x300.png 300w, https:\/\/olimpiada-matematica.uma.es\/wp-content\/uploads\/2022\/12\/logo-azul-03-03-1024x1020.png 1024w, https:\/\/olimpiada-matematica.uma.es\/wp-content\/uploads\/2022\/12\/logo-azul-03-03-150x150.png 150w, https:\/\/olimpiada-matematica.uma.es\/wp-content\/uploads\/2022\/12\/logo-azul-03-03-768x765.png 768w, https:\/\/olimpiada-matematica.uma.es\/wp-content\/uploads\/2022\/12\/logo-azul-03-03-1536x1531.png 1536w, https:\/\/olimpiada-matematica.uma.es\/wp-content\/uploads\/2022\/12\/logo-azul-03-03-2048x2041.png 2048w, https:\/\/olimpiada-matematica.uma.es\/wp-content\/uploads\/2022\/12\/logo-azul-03-03-100x100.png 100w\" sizes=\"auto, (max-width: 65px) 100vw, 65px\" \/><\/td><td>Almer\u00eda<\/td><\/tr><tr><td><strong>Marzo 2024<\/strong><\/td><td><\/td><td class=\"has-text-align-left\" data-align=\"left\"><\/td><td><\/td><\/tr><tr><td>D\u00eda 29, jueves, de <strong>13 a 15<\/strong> h<\/td><td>S16 &#8211; Preparaci\u00f3n fase Nacional: <a href=\"http:\/\/olimpiada-matematica.uma.es\/wp-content\/uploads\/2024\/02\/Apuntes-Desigualdades-JAngel.pdf\">desigualdades<\/a><\/td><td class=\"has-text-align-left\" data-align=\"left\">UMA &#8211; Jos\u00e9 \u00c1ngel G\u00e1lvez<\/td><td> Aula 0<strong>.24<\/strong> EII<\/td><\/tr><tr><td>S\u00e1bado 1 de Marzo 10 a 1<\/td><td>S17- Preparaci\u00f3n on line (Ja\u00e9n)<\/td><td class=\"has-text-align-left\" data-align=\"left\">Jos\u00e9 Miguel Manzano<\/td><td>Google meet, link aqu\u00ed&#8230;<\/td><\/tr><tr><td>D\u00eda 9, de 10 a 1<\/td><td>S18 &#8211; Geometr\u00eda IV<\/td><td class=\"has-text-align-left\" data-align=\"left\"> J.A. Rom\u00e1n<\/td><td>Aula 0.26 EII<\/td><\/tr><tr><td><\/td><td>S18* (extra)- Preparaci\u00f3n on line (Granada)<\/td><td class=\"has-text-align-left\" data-align=\"left\">Pascual Jara<\/td><td>(Google meet)<\/td><\/tr><tr><td>D\u00edas 14 a 16<\/td><td><strong><a href=\"https:\/\/sites.google.com\/view\/lxome-calatayud\">Olimpiada fase nacion<\/a>al<\/strong><\/td><td class=\"has-text-align-left\" data-align=\"left\"><img loading=\"lazy\" decoding=\"async\" width=\"55\" height=\"60\" class=\"wp-image-508\" style=\"width: 55px;\" src=\"http:\/\/olimpiada-matematica.uma.es\/wp-content\/uploads\/2023\/09\/omecolor.jpg\" alt=\"\"><\/td><td>Calatayud<\/td><\/tr><tr><td><\/td><td>d\u00edas 23 y 30, Semana Santa, UMA cerrada<\/td><td class=\"has-text-align-left\" data-align=\"left\"><\/td><td><\/td><\/tr><tr><td><strong>Abril 2024<\/strong><\/td><td><\/td><td class=\"has-text-align-left\" data-align=\"left\"><\/td><td><\/td><\/tr><tr><td>D\u00eda 6, de 10 a 12,30<\/td><td>S19 &#8211; Correcci\u00f3n fase Nacional<\/td><td class=\"has-text-align-left\" data-align=\"left\">UMA- Pedro Mayorga<\/td><td>Aula 0.26 EII<\/td><\/tr><tr><td>D\u00eda 13, de 10 a 12<\/td><td>S20 &#8211; Combinatoria II<\/td><td class=\"has-text-align-left\" data-align=\"left\">M.A. G\u00f3mez <\/td><td>Aula 0.26 EII<\/td><\/tr><tr><td>D\u00eda 20, de 10:30 a 12:30<\/td><td>S21 &#8211; Problemas de Terence Tao<\/td><td class=\"has-text-align-left\" data-align=\"left\">Francisco Villatoro<\/td><td>Aula L-2556<\/td><\/tr><tr><td>D\u00eda 27, de 10:30 a 12:30<\/td><td>S22 &#8211; <a href=\"http:\/\/olimpiada-matematica.uma.es\/wp-content\/uploads\/2024\/04\/Olimpiada-Ma\u0301laga-Abr2024_Dualidad_Sau\u0301l-Burgos.pdf\">Dualidad en Geometr\u00eda<\/a> (Teoremas de Ceva y Menelao)<\/td><td class=\"has-text-align-left\" data-align=\"left\">UGR- Sa\u00fal Burgos<\/td><td>Aula 0.26 EII<\/td><\/tr><tr><td><strong>Mayo 2024<\/strong><\/td><td><\/td><td class=\"has-text-align-left\" data-align=\"left\"><\/td><td><\/td><\/tr><tr><td>D\u00eda 4<img loading=\"lazy\" decoding=\"async\" width=\"100\" height=\"106\" class=\"wp-image-835\" style=\"width: 100px;\" src=\"http:\/\/olimpiada-matematica.uma.es\/wp-content\/uploads\/2024\/04\/PitagorasEraseUnaVez.png\" alt=\"\" srcset=\"https:\/\/olimpiada-matematica.uma.es\/wp-content\/uploads\/2024\/04\/PitagorasEraseUnaVez.png 472w, https:\/\/olimpiada-matematica.uma.es\/wp-content\/uploads\/2024\/04\/PitagorasEraseUnaVez-283x300.png 283w\" sizes=\"auto, (max-width: 100px) 100vw, 100px\" \/><\/td><td>Gymkana &#8220;\u00c9ranse una vez: LAS MATES&#8221;<\/td><td class=\"has-text-align-left\" data-align=\"left\">M.A. G\u00f3mez Molleda (etc)<\/td><td>La Noria<\/td><\/tr><tr><td><\/td><td>(Descanso d\u00eda 11)<\/td><td class=\"has-text-align-left\" data-align=\"left\"><\/td><td><\/td><\/tr><tr><td><\/td><td>El problema de Dido (Septiembre)<\/td><td class=\"has-text-align-left\" data-align=\"left\">Urtzi Buijs<\/td><td><\/td><\/tr><tr><td>D\u00eda 18, a las 10:00<\/td><td>S23 &#8211; Geometr\u00eda V (Clausura)<\/td><td class=\"has-text-align-left\" data-align=\"left\">J.A. Rom\u00e1n<\/td><td>Aula 0.26 EII<\/td><\/tr><tr><td><\/td><td>Volvemos a principios de octubre<\/td><td class=\"has-text-align-left\" data-align=\"left\"><\/td><td><\/td><\/tr><\/tbody><\/table><figcaption class=\"wp-element-caption\">Programaci\u00f3n de este curso (se va actualizando)<\/figcaption><\/figure>\n\n\n\n<ul class=\"wp-block-list\">\n<li>El 17 de Febrero coincide con el <a href=\"https:\/\/catedramirpuig.upc.edu\/ca\/math-activities\/math-contest\">Math Contest<\/a><\/li>\n\n\n\n<li>El 2 de Marzo en las Rozas (Madrid) ser\u00e1 la olimpiada femenina espa\u00f1ola<\/li>\n\n\n\n<li>del 11 al 17 de Abril es la <a href=\"https:\/\/egmo2024.ge\/\">EGMO<\/a> (European Girls Mathematic Olympiad) <\/li>\n<\/ul>\n","protected":false},"excerpt":{"rendered":"<p>Taller de Ingenio Matem\u00e1tico de M\u00e1laga Tras el verano, los talleres TIMM empezar\u00e1n a principios de Octubre. Septiembre 2023 D\u00eda 30 V Concurso de oto\u00f1o Sala de grados A (EII) Octubre 2023 D\u00eda 7, de 10,30 a 12,30 S1 &#8211; Correcci\u00f3n Oto\u00f1o Cristina Draper Aula 0.26 EII Viernes 13, de 5 a 7 S2 &#8211; &hellip; <\/p>\n<p class=\"link-more\"><a href=\"https:\/\/olimpiada-matematica.uma.es\/index.php\/timm-23-24\/\" class=\"more-link\">Continue reading<span class=\"screen-reader-text\"> &#8220;TIMM 23-24&#8221;<\/span><\/a><\/p>\n","protected":false},"author":1,"featured_media":0,"parent":0,"menu_order":0,"comment_status":"closed","ping_status":"closed","template":"","meta":{"footnotes":""},"class_list":["post-440","page","type-page","status-publish","hentry"],"_links":{"self":[{"href":"https:\/\/olimpiada-matematica.uma.es\/index.php\/wp-json\/wp\/v2\/pages\/440","targetHints":{"allow":["GET"]}}],"collection":[{"href":"https:\/\/olimpiada-matematica.uma.es\/index.php\/wp-json\/wp\/v2\/pages"}],"about":[{"href":"https:\/\/olimpiada-matematica.uma.es\/index.php\/wp-json\/wp\/v2\/types\/page"}],"author":[{"embeddable":true,"href":"https:\/\/olimpiada-matematica.uma.es\/index.php\/wp-json\/wp\/v2\/users\/1"}],"replies":[{"embeddable":true,"href":"https:\/\/olimpiada-matematica.uma.es\/index.php\/wp-json\/wp\/v2\/comments?post=440"}],"version-history":[{"count":81,"href":"https:\/\/olimpiada-matematica.uma.es\/index.php\/wp-json\/wp\/v2\/pages\/440\/revisions"}],"predecessor-version":[{"id":940,"href":"https:\/\/olimpiada-matematica.uma.es\/index.php\/wp-json\/wp\/v2\/pages\/440\/revisions\/940"}],"wp:attachment":[{"href":"https:\/\/olimpiada-matematica.uma.es\/index.php\/wp-json\/wp\/v2\/media?parent=440"}],"curies":[{"name":"wp","href":"https:\/\/api.w.org\/{rel}","templated":true}]}}