{"id":359,"date":"2022-12-20T17:25:17","date_gmt":"2022-12-20T17:25:17","guid":{"rendered":"http:\/\/olimpiada-matematica.uma.es\/?page_id=359"},"modified":"2022-12-20T17:25:17","modified_gmt":"2022-12-20T17:25:17","slug":"ome-21-22","status":"publish","type":"page","link":"https:\/\/olimpiada-matematica.uma.es\/index.php\/ome-21-22\/","title":{"rendered":"OME 21-22"},"content":{"rendered":"\n<h1 class=\"wp-block-heading\" id=\"lviii-olimpiada-matematica-espanola-2021-2022\"><strong>LVIII OLIMPIADA MATEM\u00c1TICA ESPA\u00d1OLA (2021-2022)<\/strong><\/h1>\n\n\n\n<h1 class=\"wp-block-heading\" id=\"ganadores-fase-local-de-malaga\"><strong>GANADORES FASE LOCAL DE M\u00c1LAGA<\/strong><\/h1>\n\n\n\n<figure class=\"wp-block-table is-style-stripes\"><table><tbody><tr><td><font color=\"red\"><strong>1.<\/strong><\/font><\/td><td>Jos\u00e9 N\u00fa\u00f1ez S\u00e1nchez<\/td><td>Colegio Maristas Nuestra Se\u00f1ora de la Victoria, M\u00e1laga<\/td><\/tr><tr><td><font color=\"red\"><strong>2.<\/strong><\/font><\/td><td>Pablo Mart\u00edn Santamar\u00eda<\/td><td>I.E.S. Sierra Bermeja, M\u00e1laga<\/td><\/tr><tr><td><font color=\"red\"><strong>3.<\/strong><\/font><\/td><td>Sebasti\u00e1n de la Torre Gil-Delgado<\/td><td>Colegio Maristas Nuestra Se\u00f1ora de la Victoria, M\u00e1laga<\/td><\/tr><\/tbody><\/table><\/figure>\n\n\n<div class=\"wp-block-image\">\n<figure class=\"aligncenter size-large\"><img loading=\"lazy\" decoding=\"async\" width=\"1024\" height=\"768\" src=\"http:\/\/olimpiada-matematica.uma.es\/wp-content\/uploads\/2022\/02\/premios-fase-local-1024x768.jpeg\" alt=\"\" class=\"wp-image-122\" srcset=\"https:\/\/olimpiada-matematica.uma.es\/wp-content\/uploads\/2022\/02\/premios-fase-local-1024x768.jpeg 1024w, https:\/\/olimpiada-matematica.uma.es\/wp-content\/uploads\/2022\/02\/premios-fase-local-300x225.jpeg 300w, https:\/\/olimpiada-matematica.uma.es\/wp-content\/uploads\/2022\/02\/premios-fase-local-768x576.jpeg 768w, https:\/\/olimpiada-matematica.uma.es\/wp-content\/uploads\/2022\/02\/premios-fase-local-1536x1152.jpeg 1536w, https:\/\/olimpiada-matematica.uma.es\/wp-content\/uploads\/2022\/02\/premios-fase-local.jpeg 1600w\" sizes=\"auto, (max-width: 706px) 89vw, (max-width: 767px) 82vw, 740px\" \/><figcaption class=\"wp-element-caption\"><strong>Entrega de premios<\/strong><\/figcaption><\/figure>\n<\/div>\n\n\n<p><\/p>\n\n\n\n<p><\/p>\n\n\n\n<p><\/p>\n\n\n\n<p><\/p>\n\n\n\n<h1 class=\"wp-block-heading\" id=\"finalistas-fase-local-malaga\"><strong>FINALISTAS FASE LOCAL M\u00c1LAGA<\/strong><\/h1>\n\n\n\n<p>Lista de finalistas en <strong>orden<\/strong> <strong>alfab\u00e9tico<\/strong>. Los 3 seleccionados para la Olimpiada Andaluza se anunciar\u00e1n en el acto de entrega de premios, que se celebrar\u00e1 el lunes 21 de febrero a las 17:30 en el Sal\u00f3n de Grados A de la Escuela de Ingenier\u00edas Industriales.<\/p>\n\n\n\n<figure class=\"wp-block-table is-style-stripes\"><table><tbody><tr><td>Dar\u00edo Bejarano Paredes<\/td><td>I.E.S. Mar\u00eda Zambrano, Torre del Mar<\/td><\/tr><tr><td>Clara Cembrero G\u00f3mez<\/td><td>I.E.S. N\u00famero 1 Universidad Laboral, M\u00e1laga<\/td><\/tr><tr><td>Sebasti\u00e1n de la Torre Gil-Delgado<\/td><td>Colegio Maristas Nuestra Se\u00f1ora de la Victoria, M\u00e1laga<\/td><\/tr><tr><td>Adri\u00e1n Delgado Mart\u00edn<\/td><td>Colegio Cerrado de Calder\u00f3n, M\u00e1laga<\/td><\/tr><tr><td>Mario Gal\u00e1n Guerrero<\/td><td>I.E.S. Torre Atalaya, M\u00e1laga<\/td><\/tr><tr><td>Diego Gonz\u00e1lez Arjona<\/td><td>I.E.S. Mar\u00eda Zambrano, Torre del Mar<\/td><\/tr><tr><td>David Gonz\u00e1lez S\u00e1nchez<\/td><td>I.E.S. Emilio Prados, M\u00e1laga<\/td><\/tr><tr><td>Antonio Jurado Larracoechea<\/td><td>Colegio de La Asunci\u00f3n, M\u00e1laga<\/td><\/tr><tr><td>Irene Larrubia Garc\u00eda<\/td><td>Colegio Cerrado de Calder\u00f3n, M\u00e1laga<\/td><\/tr><tr><td>Alberto Mart\u00edn Pedraza<\/td><td>I.E.S. Mar\u00eda Zambrano, Torre del Mar<\/td><\/tr><tr><td>Pablo Mart\u00edn Santamar\u00eda<\/td><td>I.E.S. Sierra Bermeja, M\u00e1laga<\/td><\/tr><tr><td>Alejandro Mart\u00ednez Mi\u00f1ana<\/td><td>Colegio Novaschool A\u00f1oreta, Rinc\u00f3n de la Victoria<\/td><\/tr><tr><td>Jos\u00e9 N\u00fa\u00f1ez S\u00e1nchez<\/td><td>Colegio Maristas Nuestra Se\u00f1ora de la Victoria, M\u00e1laga<\/td><\/tr><tr><td>Diego Palacios Gallardo<\/td><td>I.E.S. Nuestra Se\u00f1ora de la Victoria (Martiricos<\/td><\/tr><tr><td>Guillermo Villal\u00f3n Lanzas<\/td><td>Colegio San Francisco Javier La Salle \u2013 Virlecha, Antequera<\/td><\/tr><\/tbody><\/table><\/figure>\n","protected":false},"excerpt":{"rendered":"<p>LVIII OLIMPIADA MATEM\u00c1TICA ESPA\u00d1OLA (2021-2022) GANADORES FASE LOCAL DE M\u00c1LAGA 1. Jos\u00e9 N\u00fa\u00f1ez S\u00e1nchez Colegio Maristas Nuestra Se\u00f1ora de la Victoria, M\u00e1laga 2. Pablo Mart\u00edn Santamar\u00eda I.E.S. Sierra Bermeja, M\u00e1laga 3. Sebasti\u00e1n de la Torre Gil-Delgado Colegio Maristas Nuestra Se\u00f1ora de la Victoria, M\u00e1laga FINALISTAS FASE LOCAL M\u00c1LAGA Lista de finalistas en orden alfab\u00e9tico. Los &hellip; <\/p>\n<p class=\"link-more\"><a href=\"https:\/\/olimpiada-matematica.uma.es\/index.php\/ome-21-22\/\" class=\"more-link\">Continue reading<span class=\"screen-reader-text\"> &#8220;OME 21-22&#8221;<\/span><\/a><\/p>\n","protected":false},"author":1,"featured_media":0,"parent":0,"menu_order":0,"comment_status":"closed","ping_status":"closed","template":"","meta":{"footnotes":""},"class_list":["post-359","page","type-page","status-publish","hentry"],"_links":{"self":[{"href":"https:\/\/olimpiada-matematica.uma.es\/index.php\/wp-json\/wp\/v2\/pages\/359","targetHints":{"allow":["GET"]}}],"collection":[{"href":"https:\/\/olimpiada-matematica.uma.es\/index.php\/wp-json\/wp\/v2\/pages"}],"about":[{"href":"https:\/\/olimpiada-matematica.uma.es\/index.php\/wp-json\/wp\/v2\/types\/page"}],"author":[{"embeddable":true,"href":"https:\/\/olimpiada-matematica.uma.es\/index.php\/wp-json\/wp\/v2\/users\/1"}],"replies":[{"embeddable":true,"href":"https:\/\/olimpiada-matematica.uma.es\/index.php\/wp-json\/wp\/v2\/comments?post=359"}],"version-history":[{"count":1,"href":"https:\/\/olimpiada-matematica.uma.es\/index.php\/wp-json\/wp\/v2\/pages\/359\/revisions"}],"predecessor-version":[{"id":361,"href":"https:\/\/olimpiada-matematica.uma.es\/index.php\/wp-json\/wp\/v2\/pages\/359\/revisions\/361"}],"wp:attachment":[{"href":"https:\/\/olimpiada-matematica.uma.es\/index.php\/wp-json\/wp\/v2\/media?parent=359"}],"curies":[{"name":"wp","href":"https:\/\/api.w.org\/{rel}","templated":true}]}}