{"id":326,"date":"2022-10-13T13:12:06","date_gmt":"2022-10-13T13:12:06","guid":{"rendered":"http:\/\/olimpiada-matematica.uma.es\/?page_id=326"},"modified":"2022-10-13T13:12:06","modified_gmt":"2022-10-13T13:12:06","slug":"timm-21-22","status":"publish","type":"page","link":"https:\/\/olimpiada-matematica.uma.es\/index.php\/timm-21-22\/","title":{"rendered":"TIMM 21-22"},"content":{"rendered":"\n<h2 class=\"wp-block-heading\" id=\"timm-taller-de-ingenio-matematico-de-malaga\"><strong>Taller de Ingenio Matem\u00e1tico de M\u00e1laga<\/strong><\/h2>\n\n\n\n<p>Informaci\u00f3n sobre los talleres de resoluci\u00f3n de problemas y dem\u00e1s actividades de la Delegaci\u00f3n en M\u00e1laga de la Olimpiada Matem\u00e1tica Espa\u00f1ola.<\/p>\n\n\n\n<h2 class=\"wp-block-heading\"><strong>Organizaci\u00f3n<\/strong><\/h2>\n\n\n\n<figure class=\"wp-block-table is-style-stripes\"><table><tbody><tr><td>Responsable<\/td><td>Cristina Draper Fontanals<\/td><\/tr><tr><td>Colaborador<\/td><td>Pedro S\u00e1nchez Meneses<\/td><\/tr><\/tbody><\/table><\/figure>\n\n\n\n<h2 class=\"wp-block-heading\"><strong>Calendario<\/strong><\/h2>\n\n\n\n<p>Todos los talleres se llevar\u00e1n a cabo en el aula 0.26 de la <a href=\"https:\/\/www.uma.es\/escuela-de-ingenierias-industriales\/info\/128983\/localizacion-escuela-de-ingenierias-industriales\/\" target=\"_blank\" rel=\"noreferrer noopener\">Escuela de Ingenier\u00edas Industriales<\/a> (salvo aviso en contrario).<\/p>\n\n\n\n<figure class=\"wp-block-table\"><table><tbody><tr><td><strong>Noviembre 2021<\/strong><\/td><td><\/td><td><\/td><\/tr><tr><td><strong>D\u00eda 6<\/strong><\/td><td><strong>Concurso de oto\u00f1o<\/strong><\/td><td><\/td><\/tr><tr><td>D\u00eda 13<\/td><td>S1 &#8211; Geometr\u00eda I<\/td><td>Jos\u00e9 Antonio Rom\u00e1n<\/td><\/tr><tr><td>D\u00eda 20<\/td><td>S2 &#8211; Teor\u00eda de n\u00fameros<\/td><td>Vicente Mu\u00f1oz<\/td><\/tr><tr><td>D\u00eda 27<\/td><td>S3 &#8211; Principio del Palomar<\/td><td>Enrique Machuca<\/td><\/tr><tr><td><strong>Diciembre 2021<\/strong><\/td><td><\/td><td><\/td><\/tr><tr><td>D\u00eda 4<\/td><td><a href=\"http:\/\/olimpiada-matematica.uma.es\/wp-content\/uploads\/2022\/02\/S4.pdf\" target=\"_blank\" rel=\"noreferrer noopener\">S4 &#8211; Resoluci\u00f3n de problemas I<\/a><\/td><td>Jos\u00e9 \u00c1ngel G\u00e1lvez<\/td><\/tr><tr><td>D\u00eda 11<\/td><td>S5 &#8211; Geogebra<\/td><td>Jos\u00e9 Manuel Fern\u00e1ndez<\/td><\/tr><tr><td>D\u00eda 18<\/td><td>S6 &#8211; Geometr\u00eda II<\/td><td>Jos\u00e9 Antonio Rom\u00e1n<\/td><\/tr><tr><td><strong>Enero 2022<\/strong><\/td><td><\/td><td><\/td><\/tr><tr><td>D\u00eda 8<\/td><td><a href=\"http:\/\/olimpiada-matematica.uma.es\/wp-content\/uploads\/2022\/02\/S7.pdf\" target=\"_blank\" rel=\"noreferrer noopener\">S7 &#8211; Combinatoria<\/a><\/td><td>Manuel Cort\u00e9s<\/td><\/tr><tr><td>D\u00eda 15<\/td><td><a href=\"http:\/\/olimpiada-matematica.uma.es\/wp-content\/uploads\/2022\/02\/S8-2.pdf\" target=\"_blank\" rel=\"noreferrer noopener\">S8 &#8211; Resoluci\u00f3n de problemas II<\/a><\/td><td>Rafael Sastre<\/td><\/tr><tr><td><strong>D\u00eda 21<\/strong><\/td><td><strong><a href=\"https:\/\/olimpiada-matematica.uma.es\/\">Fase local LVIII OME<\/a><\/strong><\/td><td><\/td><\/tr><tr><td>D\u00eda 29<\/td><td>S9 &#8211; Problemas OME<\/td><td>Cristina Draper<\/td><\/tr><tr><td><strong>Febrero 2022<\/strong><\/td><td><\/td><td><\/td><\/tr><tr><td>D\u00eda 5<\/td><td>S10 &#8211; Desigualdades<\/td><td>Benjam\u00edn Olea<\/td><\/tr><tr><td>D\u00eda 12<\/td><td>S11 &#8211; Geometr\u00eda III<\/td><td>Jos\u00e9 Antonio Rom\u00e1n<\/td><\/tr><tr><td>D\u00eda 19<\/td><td>S12 &#8211; Invariantes<\/td><td>Pedro S\u00e1nchez<\/td><\/tr><tr><td>D\u00eda 21, 17:30<\/td><td><strong><a href=\"https:\/\/olimpiada-matematica.uma.es\/\">Entrega de premios fase local<\/a><\/strong><\/td><td><\/td><\/tr><tr><td>D\u00eda 26<\/td><td>S13 &#8211; Geometr\u00eda IV<\/td><td>Jos\u00e9 Antonio Rom\u00e1n<\/td><\/tr><tr><td><strong>Marzo 2022<\/strong><\/td><td><\/td><td><\/td><\/tr><tr><td><strong>Del 4 al 6<\/strong><\/td><td><strong><a href=\"http:\/\/olimpiada-matematica.uma.es\/index.php\/oma\/\">IV Olimpiada Matem\u00e1tica Andaluza<\/a><\/strong><\/td><td><\/td><\/tr><tr><td>D\u00eda 12<\/td><td>S14 &#8211; Resoluci\u00f3n de <a href=\"http:\/\/olimpiada-matematica.uma.es\/wp-content\/uploads\/2022\/03\/oma-2022-problemas-pascual.pdf\" target=\"_blank\" rel=\"noreferrer noopener\">problemas OMA<\/a><\/td><td>Pedro S\u00e1nchez<\/td><\/tr><tr><td>D\u00eda 26<\/td><td>S15 &#8211; Geometr\u00eda V<\/td><td>Jos\u00e9 Antonio Rom\u00e1n<\/td><\/tr><tr><td>31\/3 a 3\/4<\/td><td>Olimpiada Matem\u00e1tica Espa\u00f1ola<br>La R\u00e1bida<\/td><td><\/td><\/tr><\/tbody><\/table><\/figure>\n","protected":false},"excerpt":{"rendered":"<p>Taller de Ingenio Matem\u00e1tico de M\u00e1laga Informaci\u00f3n sobre los talleres de resoluci\u00f3n de problemas y dem\u00e1s actividades de la Delegaci\u00f3n en M\u00e1laga de la Olimpiada Matem\u00e1tica Espa\u00f1ola. Organizaci\u00f3n Responsable Cristina Draper Fontanals Colaborador Pedro S\u00e1nchez Meneses Calendario Todos los talleres se llevar\u00e1n a cabo en el aula 0.26 de la Escuela de Ingenier\u00edas Industriales (salvo &hellip; <\/p>\n<p class=\"link-more\"><a href=\"https:\/\/olimpiada-matematica.uma.es\/index.php\/timm-21-22\/\" class=\"more-link\">Continue reading<span class=\"screen-reader-text\"> &#8220;TIMM 21-22&#8221;<\/span><\/a><\/p>\n","protected":false},"author":1,"featured_media":0,"parent":0,"menu_order":0,"comment_status":"closed","ping_status":"closed","template":"","meta":{"footnotes":""},"class_list":["post-326","page","type-page","status-publish","hentry"],"_links":{"self":[{"href":"https:\/\/olimpiada-matematica.uma.es\/index.php\/wp-json\/wp\/v2\/pages\/326","targetHints":{"allow":["GET"]}}],"collection":[{"href":"https:\/\/olimpiada-matematica.uma.es\/index.php\/wp-json\/wp\/v2\/pages"}],"about":[{"href":"https:\/\/olimpiada-matematica.uma.es\/index.php\/wp-json\/wp\/v2\/types\/page"}],"author":[{"embeddable":true,"href":"https:\/\/olimpiada-matematica.uma.es\/index.php\/wp-json\/wp\/v2\/users\/1"}],"replies":[{"embeddable":true,"href":"https:\/\/olimpiada-matematica.uma.es\/index.php\/wp-json\/wp\/v2\/comments?post=326"}],"version-history":[{"count":2,"href":"https:\/\/olimpiada-matematica.uma.es\/index.php\/wp-json\/wp\/v2\/pages\/326\/revisions"}],"predecessor-version":[{"id":530,"href":"https:\/\/olimpiada-matematica.uma.es\/index.php\/wp-json\/wp\/v2\/pages\/326\/revisions\/530"}],"wp:attachment":[{"href":"https:\/\/olimpiada-matematica.uma.es\/index.php\/wp-json\/wp\/v2\/media?parent=326"}],"curies":[{"name":"wp","href":"https:\/\/api.w.org\/{rel}","templated":true}]}}