{"id":178,"date":"2022-02-25T16:37:29","date_gmt":"2022-02-25T16:37:29","guid":{"rendered":"http:\/\/olimpiada-matematica.uma.es\/?page_id=178"},"modified":"2022-03-10T16:07:37","modified_gmt":"2022-03-10T16:07:37","slug":"participantes","status":"publish","type":"page","link":"https:\/\/olimpiada-matematica.uma.es\/index.php\/participantes\/","title":{"rendered":"Participantes"},"content":{"rendered":"\n<h1 class=\"wp-block-heading\" id=\"olimpiada-matematica-espanola-fase-andaluza\">Olimpiada Matem\u00e1tica Espa\u00f1ola: Fase Andaluza<\/h1>\n\n\n\n<h2 class=\"wp-block-heading\" id=\"malaga-4-al-6-de-marzo-de-2022\">M\u00e1laga, 4 al 6 de marzo de 2022<\/h2>\n\n\n\n<h1 class=\"wp-block-heading\"><strong>Documentaci\u00f3n importante<\/strong><\/h1>\n\n\n\n<ul class=\"wp-block-list\"><li>DNI<\/li><li>Tarjeta sanitaria personal<\/li><li><a href=\"http:\/\/olimpiada-matematica.uma.es\/wp-content\/uploads\/2022\/02\/Autorizacio\u0301n-IV-OMA.docx\">Documento de autorizaci\u00f3n<\/a> materna\/paterna debidamente rellenado y firmado<\/li><\/ul>\n\n\n\n<h1 class=\"wp-block-heading\"><strong>Alojamiento<\/strong><\/h1>\n\n\n\n<p>El alojamiento se har\u00e1 en una de estas dos instalaciones (la asignaci\u00f3n de cada participante a una residencia se publicar\u00e1 pr\u00f3ximamente):<\/p>\n\n\n\n<ul class=\"wp-block-list\"><li><a rel=\"noreferrer noopener\" href=\"https:\/\/www.malaga.es\/lanoria\/\" target=\"_blank\">La Noria<\/a>. c\/Arroyo de los \u00c1ngeles, 50. (\u00a1\u00a1<a rel=\"noreferrer noopener\" href=\"http:\/\/olimpiada-matematica.uma.es\/wp-content\/uploads\/2022\/02\/NORMAS-DE-USO-Y-CONVIVENCIA.pdf\" target=\"_blank\">L<\/a><a rel=\"noreferrer noopener\" href=\"http:\/\/olimpiada-matematica.uma.es\/wp-content\/uploads\/2022\/02\/NORMAS-DE-USO-Y-CONVIVENCIA.pdf\" target=\"_blank\">E<\/a><a rel=\"noreferrer noopener\" href=\"http:\/\/olimpiada-matematica.uma.es\/wp-content\/uploads\/2022\/02\/NORMAS-DE-USO-Y-CONVIVENCIA.pdf\" target=\"_blank\">E<\/a><a rel=\"noreferrer noopener\" href=\"http:\/\/olimpiada-matematica.uma.es\/wp-content\/uploads\/2022\/02\/NORMAS-DE-USO-Y-CONVIVENCIA.pdf\" target=\"_blank\">R<\/a><a rel=\"noreferrer noopener\" href=\"http:\/\/olimpiada-matematica.uma.es\/wp-content\/uploads\/2022\/02\/NORMAS-DE-USO-Y-CONVIVENCIA.pdf\" target=\"_blank\"> <\/a><a rel=\"noreferrer noopener\" href=\"http:\/\/olimpiada-matematica.uma.es\/wp-content\/uploads\/2022\/02\/NORMAS-DE-USO-Y-CONVIVENCIA.pdf\" target=\"_blank\">N<\/a><a rel=\"noreferrer noopener\" href=\"http:\/\/olimpiada-matematica.uma.es\/wp-content\/uploads\/2022\/02\/NORMAS-DE-USO-Y-CONVIVENCIA.pdf\" target=\"_blank\">ORMAS<\/a>!!)<\/li><li><a rel=\"noreferrer noopener\" href=\"https:\/\/www.inturjoven.com\/albergues\/malaga\/albergue-inturjoven-malaga\" target=\"_blank\">Albergue Inturjoven<\/a>. Plaza P\u00edo XII, 6<\/li><\/ul>\n\n\n\n<iframe src=\"https:\/\/www.google.com\/maps\/embed?pb=!1m28!1m12!1m3!1d12792.082985018198!2d-4.445926017450941!3d36.72206297786092!2m3!1f0!2f0!3f0!3m2!1i1024!2i768!4f13.1!4m13!3e3!4m5!1s0xd72f7747aad5849%3A0xb92b8bb243fa3706!2sAlbergue%20Inturjoven%20M%C3%A1laga%2C%20Plaza%20P%C3%ADo%20XII%2C%20M%C3%A1laga!3m2!1d36.717988399999996!2d-4.4430369!4m5!1s0xd72f7a456541ea9%3A0x7077b2ec0c8bc0d4!2sLa%20Noria%2C%20Centro%20De%20Innovaci%C3%B3n%20Social%2C%20Av.%20del%20Arroyo%20de%20los%20%C3%81ngeles%2C%2050%2C%2029011%20M%C3%A1laga!3m2!1d36.728836099999995!2d-4.4312157!5e0!3m2!1ses!2ses!4v1645649123850!5m2!1ses!2ses\" width=\"600\" height=\"450\" style=\"border:0;\" allowfullscreen=\"\" loading=\"lazy\"><\/iframe>\n\n\n\n<div class=\"wp-block-columns is-layout-flex wp-container-core-columns-is-layout-9d6595d7 wp-block-columns-is-layout-flex\">\n<div class=\"wp-block-column is-layout-flow wp-block-column-is-layout-flow\" style=\"flex-basis:100%\">\n<div class=\"wp-block-group\"><div class=\"wp-block-group__inner-container is-layout-flow wp-block-group-is-layout-flow\">\n<h1 class=\"wp-block-heading\"><strong>Programa<\/strong><\/h1>\n\n\n\n<h2 class=\"wp-block-heading\"><strong><em>Permaneced atentos a posibles cambios en esta p\u00e1gina<\/em><\/strong><\/h2>\n\n\n\n<h2 class=\"wp-block-heading\">Viernes 4<\/h2>\n\n\n\n<figure class=\"wp-block-table\"><table><tbody><tr><td>16:00 (o antes)<\/td><td>Llegada a Albergue<\/td><\/tr><tr><td>16:00 (en punto)<\/td><td>Llegada a La Noria<\/td><\/tr><tr><td>19:00<\/td><td>Visita al Museo de M\u00e1laga<\/td><\/tr><tr><td>20:30<\/td><td>Cena&nbsp;en <a href=\"https:\/\/www.omammamia.com\/\" target=\"_blank\" rel=\"noreferrer noopener\">O Mamma Mia<\/a><\/td><\/tr><tr><td>22:30<\/td><td>Vuelta a las residencias<\/td><\/tr><\/tbody><\/table><\/figure>\n\n\n\n<h2 class=\"wp-block-heading\">S\u00e1bado 5<\/h2>\n\n\n\n<figure class=\"wp-block-table\"><table><tbody><tr><td>8:15<\/td><td>Desayuno en Albergue<\/td><\/tr><tr><td>8:30<\/td><td>Desayuno en La Noria<\/td><\/tr><tr><td>8:45<\/td><td>Recogida en Albergue y transporte a La Noria<\/td><\/tr><tr><td><strong>9:30 &#8211; 13:30<\/strong><\/td><td><strong>Concurso<\/strong><\/td><\/tr><tr><td>14:30<\/td><td>Comida al aire libre en La Noria y descanso<\/td><\/tr><tr><td>16:15 &#8211; 17:00<\/td><td>Charla: <strong>Nuevas tecnolog\u00edas y futuro (\u00a1\u00a1\u00a1Rompan las pantallas!!!)<\/strong><br>Rafael Godoy (Director de la <a rel=\"noreferrer noopener\" href=\"https:\/\/www.uma.es\/etsi-de-telecomunicacion\/\" target=\"_blank\">ETSIT<\/a>)<\/td><\/tr><tr><td>17:00<\/td><td>Salida hacia el <a rel=\"noreferrer noopener\" href=\"https:\/\/www.muelleuno.com\/\" target=\"_blank\">Muelle Uno<\/a><\/td><\/tr><tr><td>18:00 &#8211; 19:30<\/td><td>Paseo en catamar\u00e1n (con refresco): puesta de sol<\/td><\/tr><tr><td>19:30 &#8211; 21:00<\/td><td>Paseo por el centro de la ciudad y muestra de Semana Santa malague\u00f1a<\/td><\/tr><tr><td>21:00<\/td><td>Cena <a href=\"https:\/\/fostershollywood.es\/restaurantes\/malaga\/malaga\/fh-vialia-malaga\" target=\"_blank\" rel=\"noreferrer noopener\">Foster&#8217;s Hollywood Vialia<\/a><\/td><\/tr><tr><td>23:00<\/td><td>Vuelta a las residencias<\/td><\/tr><\/tbody><\/table><\/figure>\n\n\n\n<h2 class=\"wp-block-heading\">Domingo 6<\/h2>\n\n\n\n<figure class=\"wp-block-table\"><table><tbody><tr><td>8:30<\/td><td>Desayuno y recogida<\/td><\/tr><tr><td>9:30 &#8211; 11:00<\/td><td>Visita a la Alcazaba<\/td><\/tr><tr><td>12:00<\/td><td>Acto Solemne de Clausura y entrega de diplomas<br>(externos solo madres y padres de clasificados en fases locales)<\/td><\/tr><tr><td>13:00<\/td><td>Comida al aire libre en La Noria<\/td><\/tr><tr><td>15:00<\/td><td>Salida<\/td><\/tr><\/tbody><\/table><\/figure>\n\n\n\n<h1 class=\"wp-block-heading\"><strong>Participantes<\/strong><\/h1>\n\n\n\n<figure class=\"wp-block-table is-style-stripes\"><table><tbody><tr><td>Andrey Parrilla Prokopyev<\/td><td>Almer\u00eda<\/td><\/tr><tr><td>Iv\u00e1n Garc\u00eda Harlouchet<\/td><td>Almer\u00eda<\/td><\/tr><tr><td>Ram\u00f3n Domech Le\u00f3n<\/td><td>Almer\u00eda<\/td><\/tr><tr><td>Samuel Orellana Mateo<\/td><td>C\u00e1diz<\/td><\/tr><tr><td>Javier Ribelles S\u00e1nchez<\/td><td>C\u00e1diz<\/td><\/tr><tr><td>Mar\u00eda del Pilar Forero Calder\u00f3n<\/td><td>C\u00e1diz<\/td><\/tr><tr><td>Francisco Rodr\u00edguez-Carretero Rold\u00e1n<\/td><td>C\u00f3rdoba<\/td><\/tr><tr><td>Juan Manuel Rodr\u00edguez Rivas<\/td><td>C\u00f3rdoba<\/td><\/tr><tr><td>Antonio Aguilera Ram\u00edrez<\/td><td>C\u00f3rdoba<\/td><\/tr><tr><td>Max Pi\u00f1ar P\u00e9rez<\/td><td>Granada<\/td><\/tr><tr><td>Mario Balda Agudo<\/td><td>Granada<\/td><\/tr><tr><td>Sa\u00fal Sampedro Moya<\/td><td>Granada<\/td><\/tr><tr><td>Jos\u00e9 Moya Delc\u00e1n<\/td><td>Huelva<\/td><\/tr><tr><td>Eneas Romero Barros<\/td><td>Huelva<\/td><\/tr><tr><td>Jacobo Tagua Santana<\/td><td>Huelva<\/td><\/tr><tr><td>Galo Gord\u00f3n Cordero<\/td><td>Ja\u00e9n<\/td><\/tr><tr><td>Adri\u00e1n Gonz\u00e1lez Rodr\u00edguez<\/td><td>Ja\u00e9n<\/td><\/tr><tr><td>Marcos Poza Marcos<\/td><td>Ja\u00e9n<\/td><\/tr><tr><td>Jos\u00e9 N\u00fa\u00f1ez S\u00e1nchez<\/td><td>M\u00e1laga<\/td><\/tr><tr><td>Pablo Mart\u00edn Santamar\u00eda<\/td><td>M\u00e1laga<\/td><\/tr><tr><td>Sebasti\u00e1n de la Torre Gil-Delgado<\/td><td>M\u00e1laga<\/td><\/tr><tr><td>Pablo Puerto Mu\u00f1oz<\/td><td>Sevilla<\/td><\/tr><tr><td>Clara Helena Briand<\/td><td>Sevilla<\/td><\/tr><tr><td>Pablo Troyano Plata<\/td><td>Sevilla<\/td><\/tr><\/tbody><\/table><\/figure>\n<\/div><\/div>\n<\/div>\n<\/div>\n\n\n\n<h1 class=\"wp-block-heading\"><strong>Invitados<\/strong><\/h1>\n\n\n\n<figure class=\"wp-block-table is-style-stripes\"><table><tbody><tr><td>\u00c1lvaro Lozano Mar\u00edn<\/td><\/tr><tr><td>Alfredo Almaz\u00e1n Valverde<\/td><\/tr><tr><td>Carmen Zuleta de Reales Toro<\/td><\/tr><tr><td>Clara Cembrero G\u00f3mez<\/td><\/tr><tr><td>Cristina Ar\u00e9valo Parr\u00f3n<\/td><\/tr><tr><td>Cristina Cara C\u00e9spedes<\/td><\/tr><tr><td>Diego Gonz\u00e1lez Arjona<\/td><\/tr><tr><td>Diego Palacios<\/td><\/tr><tr><td>H\u00e9ctor Mart\u00edn Hern\u00e1ndez<\/td><\/tr><tr><td>Irene Larrubia Garc\u00eda<\/td><\/tr><tr><td>Miguel Pulpillo Valverde<\/td><\/tr><tr><td>Naiara Gonz\u00e1lez Carrique<\/td><\/tr><tr><td>Nuria Ruiz Arroyo<\/td><\/tr><tr><td>Sebastian Iacovino Spitaleri<\/td><\/tr><tr><td>Sergio Garc\u00eda Montero<\/td><\/tr><tr><td>Yewang Zhuo<\/td><\/tr><\/tbody><\/table><\/figure>\n","protected":false},"excerpt":{"rendered":"<p>Olimpiada Matem\u00e1tica Espa\u00f1ola: Fase Andaluza M\u00e1laga, 4 al 6 de marzo de 2022 Documentaci\u00f3n importante DNI Tarjeta sanitaria personal Documento de autorizaci\u00f3n materna\/paterna debidamente rellenado y firmado Alojamiento El alojamiento se har\u00e1 en una de estas dos instalaciones (la asignaci\u00f3n de cada participante a una residencia se publicar\u00e1 pr\u00f3ximamente): La Noria. c\/Arroyo de los \u00c1ngeles, &hellip; <\/p>\n<p class=\"link-more\"><a href=\"https:\/\/olimpiada-matematica.uma.es\/index.php\/participantes\/\" class=\"more-link\">Continue reading<span class=\"screen-reader-text\"> &#8220;Participantes&#8221;<\/span><\/a><\/p>\n","protected":false},"author":1,"featured_media":0,"parent":0,"menu_order":0,"comment_status":"closed","ping_status":"closed","template":"","meta":{"footnotes":""},"class_list":["post-178","page","type-page","status-publish","hentry"],"_links":{"self":[{"href":"https:\/\/olimpiada-matematica.uma.es\/index.php\/wp-json\/wp\/v2\/pages\/178","targetHints":{"allow":["GET"]}}],"collection":[{"href":"https:\/\/olimpiada-matematica.uma.es\/index.php\/wp-json\/wp\/v2\/pages"}],"about":[{"href":"https:\/\/olimpiada-matematica.uma.es\/index.php\/wp-json\/wp\/v2\/types\/page"}],"author":[{"embeddable":true,"href":"https:\/\/olimpiada-matematica.uma.es\/index.php\/wp-json\/wp\/v2\/users\/1"}],"replies":[{"embeddable":true,"href":"https:\/\/olimpiada-matematica.uma.es\/index.php\/wp-json\/wp\/v2\/comments?post=178"}],"version-history":[{"count":12,"href":"https:\/\/olimpiada-matematica.uma.es\/index.php\/wp-json\/wp\/v2\/pages\/178\/revisions"}],"predecessor-version":[{"id":322,"href":"https:\/\/olimpiada-matematica.uma.es\/index.php\/wp-json\/wp\/v2\/pages\/178\/revisions\/322"}],"wp:attachment":[{"href":"https:\/\/olimpiada-matematica.uma.es\/index.php\/wp-json\/wp\/v2\/media?parent=178"}],"curies":[{"name":"wp","href":"https:\/\/api.w.org\/{rel}","templated":true}]}}