{"id":167,"date":"2022-02-25T16:27:06","date_gmt":"2022-02-25T16:27:06","guid":{"rendered":"http:\/\/olimpiada-matematica.uma.es\/?page_id=167"},"modified":"2022-03-03T16:20:00","modified_gmt":"2022-03-03T16:20:00","slug":"organizacion","status":"publish","type":"page","link":"https:\/\/olimpiada-matematica.uma.es\/index.php\/organizacion\/","title":{"rendered":"Organizaci\u00f3n"},"content":{"rendered":"\n<h1 class=\"wp-block-heading\" id=\"olimpiada-matematica-espanola-fase-andaluza\">Olimpiada Matem\u00e1tica Espa\u00f1ola: Fase Andaluza<\/h1>\n\n\n\n<h2 class=\"wp-block-heading\" id=\"malaga-4-al-6-de-marzo-de-2022\">M\u00e1laga, 4 al 6 de marzo de 2022<\/h2>\n\n\n\n<h2 class=\"wp-block-heading\"><strong>P\u00f3ster<\/strong> (Descarga grande \u00a143 MB!)<\/h2>\n\n\n\n<figure class=\"wp-block-image size-full\"><a href=\"http:\/\/olimpiada-matematica.uma.es\/wp-content\/uploads\/2022\/02\/cartel.pdf\" target=\"_blank\" rel=\"noopener\"><img loading=\"lazy\" decoding=\"async\" width=\"250\" height=\"354\" src=\"http:\/\/olimpiada-matematica.uma.es\/wp-content\/uploads\/2022\/02\/cartel_olimpiadas_reducido.png\" alt=\"\" class=\"wp-image-157\" srcset=\"https:\/\/olimpiada-matematica.uma.es\/wp-content\/uploads\/2022\/02\/cartel_olimpiadas_reducido.png 250w, https:\/\/olimpiada-matematica.uma.es\/wp-content\/uploads\/2022\/02\/cartel_olimpiadas_reducido-212x300.png 212w\" sizes=\"auto, (max-width: 250px) 100vw, 250px\" \/><\/a><figcaption><strong>Autora: Martina S\u00e1nchez (estudiante de 3\u00ba de arquitectura)<\/strong><\/figcaption><\/figure>\n\n\n\n<h1 class=\"wp-block-heading\" id=\"anteriores-ediciones\"><strong><a href=\"http:\/\/institucional.us.es\/olimpiada2006\/oma.html\" target=\"_blank\" rel=\"noreferrer noopener\">Anteriores ediciones<\/a><\/strong><\/h1>\n\n\n\n<h1 class=\"wp-block-heading\"><strong>Tribunal calificador<\/strong><\/h1>\n\n\n\n<figure class=\"wp-block-table is-style-stripes\"><table><tbody><tr><td>Almer\u00eda<\/td><td>Rosendo Ruiz S\u00e1nchez<\/td><\/tr><tr><td>C\u00e1diz<\/td><td>Fran Oca\u00f1a Alc\u00e1zar<\/td><\/tr><tr><td>C\u00f3rdoba<\/td><td>Mariano Carbonero Ruz<\/td><\/tr><tr><td>Granada<\/td><td>Pascual Jara Mart\u00ednez<\/td><\/tr><tr><td>Huelva<\/td><td>Bego\u00f1a Marchena Gonz\u00e1lez<\/td><\/tr><tr><td>Ja\u00e9n<\/td><td>Francisco Javier Mu\u00f1oz Delgado<\/td><\/tr><tr><td>M\u00e1laga<\/td><td>Pedro S\u00e1nchez Meneses<\/td><\/tr><tr><td>Sevilla<\/td><td>Antonio Rojas<\/td><\/tr><\/tbody><\/table><\/figure>\n\n\n\n<h1 class=\"wp-block-heading\"><strong>Comit\u00e9 local<\/strong><\/h1>\n\n\n\n<figure class=\"wp-block-table is-style-stripes\"><table><tbody><tr><td>Cristina Draper<\/td><td>Coordinadora<\/td><\/tr><tr><td>Miguel Atencia<\/td><td>Comunicaci\u00f3n<\/td><\/tr><\/tbody><\/table><\/figure>\n\n\n\n<h1 class=\"wp-block-heading\" id=\"patrocinadores\"><strong>Patrocinadores<\/strong><\/h1>\n\n\n\n<p><\/p>\n\n\n\n<figure class=\"wp-block-table\"><table><tbody><tr><td class=\"has-text-align-center\" data-align=\"center\"><img loading=\"lazy\" decoding=\"async\" width=\"200\" height=\"194\" class=\"wp-image-78\" style=\"width: 200px;\" src=\"http:\/\/olimpiada-matematica.uma.es\/wp-content\/uploads\/2022\/02\/LogoLANORIA.png\" alt=\"\" srcset=\"https:\/\/olimpiada-matematica.uma.es\/wp-content\/uploads\/2022\/02\/LogoLANORIA.png 749w, https:\/\/olimpiada-matematica.uma.es\/wp-content\/uploads\/2022\/02\/LogoLANORIA-300x291.png 300w\" sizes=\"auto, (max-width: 200px) 100vw, 200px\" \/><\/td><td><strong><a href=\"https:\/\/www.malaga.es\/lanoria\/\" target=\"_blank\" rel=\"noreferrer noopener\">Centro de Innovaci\u00f3n Social La Noria<\/a><\/strong><\/td><\/tr><tr><td class=\"has-text-align-center\" data-align=\"center\"><img loading=\"lazy\" decoding=\"async\" width=\"300\" height=\"210\" class=\"wp-image-77\" style=\"width: 300px;\" src=\"http:\/\/olimpiada-matematica.uma.es\/wp-content\/uploads\/2022\/02\/LogoDIPUTACION.png\" alt=\"\" srcset=\"https:\/\/olimpiada-matematica.uma.es\/wp-content\/uploads\/2022\/02\/LogoDIPUTACION.png 652w, https:\/\/olimpiada-matematica.uma.es\/wp-content\/uploads\/2022\/02\/LogoDIPUTACION-300x210.png 300w\" sizes=\"auto, (max-width: 300px) 100vw, 300px\" \/><\/td><td><strong><a href=\"https:\/\/www.malaga.es\/\" target=\"_blank\" rel=\"noreferrer noopener\">Diputaci\u00f3n de M\u00e1laga<\/a><\/strong><\/td><\/tr><tr><td class=\"has-text-align-center\" data-align=\"center\"><br><br><img loading=\"lazy\" decoding=\"async\" width=\"300\" height=\"53\" class=\"wp-image-108\" style=\"width: 300px;\" src=\"http:\/\/olimpiada-matematica.uma.es\/wp-content\/uploads\/2022\/02\/logoCULTURA2_color-hori.jpg\" alt=\"\" srcset=\"https:\/\/olimpiada-matematica.uma.es\/wp-content\/uploads\/2022\/02\/logoCULTURA2_color-hori.jpg 1204w, https:\/\/olimpiada-matematica.uma.es\/wp-content\/uploads\/2022\/02\/logoCULTURA2_color-hori-300x53.jpg 300w, https:\/\/olimpiada-matematica.uma.es\/wp-content\/uploads\/2022\/02\/logoCULTURA2_color-hori-1024x181.jpg 1024w, https:\/\/olimpiada-matematica.uma.es\/wp-content\/uploads\/2022\/02\/logoCULTURA2_color-hori-768x136.jpg 768w\" sizes=\"auto, (max-width: 300px) 100vw, 300px\" \/><br><br><\/td><td><a href=\"https:\/\/cultura.malaga.eu\/\" target=\"_blank\" rel=\"noreferrer noopener\"><strong>Ayuntamiento de M\u00e1laga<br><br>\u00c1rea de Cultura<\/strong><\/a><\/td><\/tr><tr><td class=\"has-text-align-center\" data-align=\"center\"><img loading=\"lazy\" decoding=\"async\" width=\"150\" height=\"139\" class=\"wp-image-98\" style=\"width: 150px;\" src=\"http:\/\/olimpiada-matematica.uma.es\/wp-content\/uploads\/2022\/02\/02-Unicaja-Banco-Vertical-1024x951-1.jpeg\" alt=\"\" srcset=\"https:\/\/olimpiada-matematica.uma.es\/wp-content\/uploads\/2022\/02\/02-Unicaja-Banco-Vertical-1024x951-1.jpeg 1024w, https:\/\/olimpiada-matematica.uma.es\/wp-content\/uploads\/2022\/02\/02-Unicaja-Banco-Vertical-1024x951-1-300x279.jpeg 300w, https:\/\/olimpiada-matematica.uma.es\/wp-content\/uploads\/2022\/02\/02-Unicaja-Banco-Vertical-1024x951-1-768x713.jpeg 768w\" sizes=\"auto, (max-width: 150px) 100vw, 150px\" \/><\/td><td><strong><a href=\"https:\/\/www.unicajabanco.es\/\" target=\"_blank\" rel=\"noreferrer noopener\">Unicaja Banco<\/a><\/strong><\/td><\/tr><tr><td class=\"has-text-align-center\" data-align=\"center\"><br><img loading=\"lazy\" decoding=\"async\" width=\"250\" height=\"46\" class=\"wp-image-100\" style=\"width: 250px;\" src=\"http:\/\/olimpiada-matematica.uma.es\/wp-content\/uploads\/2022\/02\/copicentro.png\" alt=\"\" srcset=\"https:\/\/olimpiada-matematica.uma.es\/wp-content\/uploads\/2022\/02\/copicentro.png 499w, https:\/\/olimpiada-matematica.uma.es\/wp-content\/uploads\/2022\/02\/copicentro-300x55.png 300w\" sizes=\"auto, (max-width: 250px) 100vw, 250px\" \/><br><\/td><td><strong><a href=\"https:\/\/www.copicentro.net\/\" target=\"_blank\" rel=\"noreferrer noopener\">Copicentro<\/a><\/strong><\/td><\/tr><tr><td class=\"has-text-align-center\" data-align=\"center\"><br><img loading=\"lazy\" decoding=\"async\" width=\"400\" height=\"119\" class=\"wp-image-138\" style=\"width: 400px;\" src=\"http:\/\/olimpiada-matematica.uma.es\/wp-content\/uploads\/2022\/02\/azul-normal.png\" alt=\"\" srcset=\"https:\/\/olimpiada-matematica.uma.es\/wp-content\/uploads\/2022\/02\/azul-normal.png 2362w, https:\/\/olimpiada-matematica.uma.es\/wp-content\/uploads\/2022\/02\/azul-normal-300x89.png 300w, https:\/\/olimpiada-matematica.uma.es\/wp-content\/uploads\/2022\/02\/azul-normal-1024x304.png 1024w, https:\/\/olimpiada-matematica.uma.es\/wp-content\/uploads\/2022\/02\/azul-normal-768x228.png 768w, https:\/\/olimpiada-matematica.uma.es\/wp-content\/uploads\/2022\/02\/azul-normal-1536x456.png 1536w, https:\/\/olimpiada-matematica.uma.es\/wp-content\/uploads\/2022\/02\/azul-normal-2048x608.png 2048w\" sizes=\"auto, (max-width: 400px) 100vw, 400px\" \/><br><\/td><td><a href=\"http:\/\/www.smartick.com\" target=\"_blank\" rel=\"noreferrer noopener\"><strong>Smartick<\/strong><\/a><\/td><\/tr><tr><td class=\"has-text-align-center\" data-align=\"center\"><br><img loading=\"lazy\" decoding=\"async\" width=\"250\" height=\"67\" class=\"wp-image-200\" style=\"width: 250px;\" src=\"http:\/\/olimpiada-matematica.uma.es\/wp-content\/uploads\/2022\/03\/freepik.png\" alt=\"\" srcset=\"https:\/\/olimpiada-matematica.uma.es\/wp-content\/uploads\/2022\/03\/freepik.png 1113w, https:\/\/olimpiada-matematica.uma.es\/wp-content\/uploads\/2022\/03\/freepik-300x81.png 300w, https:\/\/olimpiada-matematica.uma.es\/wp-content\/uploads\/2022\/03\/freepik-1024x276.png 1024w, https:\/\/olimpiada-matematica.uma.es\/wp-content\/uploads\/2022\/03\/freepik-768x207.png 768w\" sizes=\"auto, (max-width: 250px) 100vw, 250px\" \/><br><\/td><td><a href=\"https:\/\/www.freepik.es\/\" target=\"_blank\" rel=\"noreferrer noopener\">f<\/a><a rel=\"noreferrer noopener\" href=\"https:\/\/www.freepik.es\/\" target=\"_blank\">reepik<\/a><\/td><\/tr><tr><td class=\"has-text-align-center\" data-align=\"center\"><img decoding=\"async\" class=\"wp-image-99\" style=\"width: 400px;\" src=\"http:\/\/olimpiada-matematica.uma.es\/wp-content\/uploads\/2022\/02\/smart-campus.png\" alt=\"\"><img loading=\"lazy\" decoding=\"async\" width=\"400\" height=\"255\" class=\"wp-image-105\" style=\"width: 400px;\" src=\"http:\/\/olimpiada-matematica.uma.es\/wp-content\/uploads\/2022\/02\/marca-CAMPUS-04-1.png\" alt=\"\" srcset=\"https:\/\/olimpiada-matematica.uma.es\/wp-content\/uploads\/2022\/02\/marca-CAMPUS-04-1.png 962w, https:\/\/olimpiada-matematica.uma.es\/wp-content\/uploads\/2022\/02\/marca-CAMPUS-04-1-300x191.png 300w, https:\/\/olimpiada-matematica.uma.es\/wp-content\/uploads\/2022\/02\/marca-CAMPUS-04-1-768x490.png 768w\" sizes=\"auto, (max-width: 400px) 100vw, 400px\" \/><\/td><td><strong><a href=\"https:\/\/www.uma.es\/vicerrectorado-de-smart-campus\/\" target=\"_blank\" rel=\"noreferrer noopener\">Vicerrectorado de Smart-Campus<\/a><\/strong><\/td><\/tr><tr><td class=\"has-text-align-center\" data-align=\"center\"><img loading=\"lazy\" decoding=\"async\" width=\"300\" height=\"118\" class=\"wp-image-90\" style=\"width: 300px;\" src=\"http:\/\/olimpiada-matematica.uma.es\/wp-content\/uploads\/2022\/02\/logo_eii.png\" alt=\"\" srcset=\"https:\/\/olimpiada-matematica.uma.es\/wp-content\/uploads\/2022\/02\/logo_eii.png 453w, https:\/\/olimpiada-matematica.uma.es\/wp-content\/uploads\/2022\/02\/logo_eii-300x118.png 300w\" sizes=\"auto, (max-width: 300px) 100vw, 300px\" \/><\/td><td><strong><a rel=\"noreferrer noopener\" href=\"https:\/\/www.uma.es\/escuela-de-ingenierias-industriales\/\" target=\"_blank\">Escuela de Ingenier\u00edas Industriales<\/a><\/strong><\/td><\/tr><tr><td class=\"has-text-align-center\" data-align=\"center\"><img loading=\"lazy\" decoding=\"async\" width=\"350\" height=\"126\" class=\"wp-image-89\" style=\"width: 350px;\" src=\"http:\/\/olimpiada-matematica.uma.es\/wp-content\/uploads\/2022\/02\/Marca_Teleco_-_POSITIVO-scaled.jpeg\" alt=\"\" srcset=\"https:\/\/olimpiada-matematica.uma.es\/wp-content\/uploads\/2022\/02\/Marca_Teleco_-_POSITIVO-scaled.jpeg 2560w, https:\/\/olimpiada-matematica.uma.es\/wp-content\/uploads\/2022\/02\/Marca_Teleco_-_POSITIVO-300x108.jpeg 300w, https:\/\/olimpiada-matematica.uma.es\/wp-content\/uploads\/2022\/02\/Marca_Teleco_-_POSITIVO-1024x369.jpeg 1024w, https:\/\/olimpiada-matematica.uma.es\/wp-content\/uploads\/2022\/02\/Marca_Teleco_-_POSITIVO-768x277.jpeg 768w, https:\/\/olimpiada-matematica.uma.es\/wp-content\/uploads\/2022\/02\/Marca_Teleco_-_POSITIVO-1536x554.jpeg 1536w, https:\/\/olimpiada-matematica.uma.es\/wp-content\/uploads\/2022\/02\/Marca_Teleco_-_POSITIVO-2048x739.jpeg 2048w\" sizes=\"auto, (max-width: 350px) 100vw, 350px\" \/><\/td><td><strong><a rel=\"noreferrer noopener\" href=\"https:\/\/www.uma.es\/etsi-de-telecomunicacion\/\" data-type=\"URL\" data-id=\"https:\/\/www.uma.es\/etsi-de-telecomunicacion\/\" target=\"_blank\">Escuela T\u00e9cnica Superior de Ingenier\u00eda de Telecomunicaci\u00f3n<\/a><\/strong><\/td><\/tr><tr><td class=\"has-text-align-center\" data-align=\"center\"><img loading=\"lazy\" decoding=\"async\" width=\"250\" height=\"74\" class=\"wp-image-103\" style=\"width: 250px;\" src=\"http:\/\/olimpiada-matematica.uma.es\/wp-content\/uploads\/2022\/02\/COLOR_TRANSPARENTE_INFORMATICA.png\" alt=\"\" srcset=\"https:\/\/olimpiada-matematica.uma.es\/wp-content\/uploads\/2022\/02\/COLOR_TRANSPARENTE_INFORMATICA.png 2008w, https:\/\/olimpiada-matematica.uma.es\/wp-content\/uploads\/2022\/02\/COLOR_TRANSPARENTE_INFORMATICA-300x88.png 300w, https:\/\/olimpiada-matematica.uma.es\/wp-content\/uploads\/2022\/02\/COLOR_TRANSPARENTE_INFORMATICA-1024x301.png 1024w, https:\/\/olimpiada-matematica.uma.es\/wp-content\/uploads\/2022\/02\/COLOR_TRANSPARENTE_INFORMATICA-768x226.png 768w, https:\/\/olimpiada-matematica.uma.es\/wp-content\/uploads\/2022\/02\/COLOR_TRANSPARENTE_INFORMATICA-1536x452.png 1536w, https:\/\/olimpiada-matematica.uma.es\/wp-content\/uploads\/2022\/02\/COLOR_TRANSPARENTE_INFORMATICA-2000x591.png 2000w\" sizes=\"auto, (max-width: 250px) 100vw, 250px\" \/><\/td><td><strong><a rel=\"noreferrer noopener\" href=\"https:\/\/www.uma.es\/etsi-de-telecomunicacion\/\" data-type=\"URL\" data-id=\"https:\/\/www.uma.es\/etsi-de-telecomunicacion\/\" target=\"_blank\">Escuela T\u00e9cnica Superior de Ingenier\u00eda Inform\u00e1tica<\/a><\/strong><\/td><\/tr><tr><td class=\"has-text-align-center\" data-align=\"center\"><img loading=\"lazy\" decoding=\"async\" width=\"250\" height=\"81\" class=\"wp-image-136\" style=\"width: 250px;\" src=\"http:\/\/olimpiada-matematica.uma.es\/wp-content\/uploads\/2022\/02\/IMAG-logo-instituto-UGR-2020.png\" alt=\"\" srcset=\"https:\/\/olimpiada-matematica.uma.es\/wp-content\/uploads\/2022\/02\/IMAG-logo-instituto-UGR-2020.png 319w, https:\/\/olimpiada-matematica.uma.es\/wp-content\/uploads\/2022\/02\/IMAG-logo-instituto-UGR-2020-300x97.png 300w\" sizes=\"auto, (max-width: 250px) 100vw, 250px\" \/><br><img loading=\"lazy\" decoding=\"async\" width=\"250\" height=\"103\" class=\"wp-image-135\" style=\"width: 250px;\" src=\"http:\/\/olimpiada-matematica.uma.es\/wp-content\/uploads\/2022\/02\/SELLO-MARIA-DE-MAEZTU-oro-ALTA-RESOLUCION-copy-1-scaled-1.jpg\" alt=\"\" srcset=\"https:\/\/olimpiada-matematica.uma.es\/wp-content\/uploads\/2022\/02\/SELLO-MARIA-DE-MAEZTU-oro-ALTA-RESOLUCION-copy-1-scaled-1.jpg 1475w, https:\/\/olimpiada-matematica.uma.es\/wp-content\/uploads\/2022\/02\/SELLO-MARIA-DE-MAEZTU-oro-ALTA-RESOLUCION-copy-1-scaled-1-300x124.jpg 300w, https:\/\/olimpiada-matematica.uma.es\/wp-content\/uploads\/2022\/02\/SELLO-MARIA-DE-MAEZTU-oro-ALTA-RESOLUCION-copy-1-scaled-1-1024x423.jpg 1024w, https:\/\/olimpiada-matematica.uma.es\/wp-content\/uploads\/2022\/02\/SELLO-MARIA-DE-MAEZTU-oro-ALTA-RESOLUCION-copy-1-scaled-1-768x317.jpg 768w\" sizes=\"auto, (max-width: 250px) 100vw, 250px\" \/><\/td><td><strong><a href=\"http:\/\/wpd.ugr.es\/~imag\/\" target=\"_blank\" rel=\"noreferrer noopener\">Instituto de Matem\u00e1ticas de la Universidad de Granada<\/a><\/strong><\/td><\/tr><tr><td class=\"has-text-align-center\" data-align=\"center\"><img loading=\"lazy\" decoding=\"async\" width=\"250\" height=\"87\" class=\"wp-image-193\" style=\"width: 250px;\" src=\"http:\/\/olimpiada-matematica.uma.es\/wp-content\/uploads\/2022\/03\/Logo-IMUS.png\" alt=\"\"><\/td><td><strong><a rel=\"noreferrer noopener\" href=\"http:\/\/wpd.ugr.es\/~imag\/\" target=\"_blank\">Instituto de Matem\u00e1ticas de la Universidad de Sevilla<\/a><\/strong><\/td><\/tr><tr><td class=\"has-text-align-center\" data-align=\"center\"><img loading=\"lazy\" decoding=\"async\" width=\"150\" height=\"144\" class=\"wp-image-93\" style=\"width: 150px;\" src=\"http:\/\/olimpiada-matematica.uma.es\/wp-content\/uploads\/2022\/02\/matap-copia.jpeg\" alt=\"\" srcset=\"https:\/\/olimpiada-matematica.uma.es\/wp-content\/uploads\/2022\/02\/matap-copia.jpeg 499w, https:\/\/olimpiada-matematica.uma.es\/wp-content\/uploads\/2022\/02\/matap-copia-300x289.jpeg 300w\" sizes=\"auto, (max-width: 150px) 100vw, 150px\" \/><\/td><td><strong><a rel=\"noreferrer noopener\" href=\"http:\/\/www.matap.uma.es\/wiki\/pages\/_5H0n8\/Miembros_del_departamento.html\" data-type=\"URL\" data-id=\"http:\/\/www.matap.uma.es\/wiki\/pages\/_5H0n8\/Miembros_del_departamento.html\" target=\"_blank\">Departamento de Matem\u00e1tica Aplicada<\/a><\/strong><br><\/td><\/tr><tr><td class=\"has-text-align-center\" data-align=\"center\"><img loading=\"lazy\" decoding=\"async\" width=\"300\" height=\"55\" class=\"wp-image-133\" style=\"width: 300px;\" src=\"http:\/\/olimpiada-matematica.uma.es\/wp-content\/uploads\/2022\/02\/UMA_logo.png\" alt=\"\" srcset=\"https:\/\/olimpiada-matematica.uma.es\/wp-content\/uploads\/2022\/02\/UMA_logo.png 460w, https:\/\/olimpiada-matematica.uma.es\/wp-content\/uploads\/2022\/02\/UMA_logo-300x55.png 300w\" sizes=\"auto, (max-width: 300px) 100vw, 300px\" \/><\/td><td><br><strong><a href=\"https:\/\/www.uma.es\/AMEIOMA\/\" target=\"_blank\" rel=\"noreferrer noopener\">Departamento de An\u00e1lisis Matem\u00e1tico, Estad\u00edstica e Investigaci\u00f3n Operativa y Matem\u00e1tica Aplicada<\/a><\/strong><br><\/td><\/tr><tr><td class=\"has-text-align-center\" data-align=\"center\"><img loading=\"lazy\" decoding=\"async\" width=\"300\" height=\"55\" class=\"wp-image-133\" style=\"width: 300px;\" src=\"http:\/\/olimpiada-matematica.uma.es\/wp-content\/uploads\/2022\/02\/UMA_logo.png\" alt=\"\" srcset=\"https:\/\/olimpiada-matematica.uma.es\/wp-content\/uploads\/2022\/02\/UMA_logo.png 460w, https:\/\/olimpiada-matematica.uma.es\/wp-content\/uploads\/2022\/02\/UMA_logo-300x55.png 300w\" sizes=\"auto, (max-width: 300px) 100vw, 300px\" \/><\/td><td><br><strong><a href=\"http:\/\/agt.cie.uma.es\/main.html\" target=\"_blank\" rel=\"noreferrer noopener\">Departamento de \u00c1lgebra, Geometr\u00eda y Topolog\u00eda<\/a><\/strong><br><\/td><\/tr><\/tbody><\/table><\/figure>\n","protected":false},"excerpt":{"rendered":"<p>Olimpiada Matem\u00e1tica Espa\u00f1ola: Fase Andaluza M\u00e1laga, 4 al 6 de marzo de 2022 P\u00f3ster (Descarga grande \u00a143 MB!) Anteriores ediciones Tribunal calificador Almer\u00eda Rosendo Ruiz S\u00e1nchez C\u00e1diz Fran Oca\u00f1a Alc\u00e1zar C\u00f3rdoba Mariano Carbonero Ruz Granada Pascual Jara Mart\u00ednez Huelva Bego\u00f1a Marchena Gonz\u00e1lez Ja\u00e9n Francisco Javier Mu\u00f1oz Delgado M\u00e1laga Pedro S\u00e1nchez Meneses Sevilla Antonio Rojas Comit\u00e9 &hellip; <\/p>\n<p class=\"link-more\"><a href=\"https:\/\/olimpiada-matematica.uma.es\/index.php\/organizacion\/\" class=\"more-link\">Continue reading<span class=\"screen-reader-text\"> &#8220;Organizaci\u00f3n&#8221;<\/span><\/a><\/p>\n","protected":false},"author":1,"featured_media":0,"parent":0,"menu_order":0,"comment_status":"closed","ping_status":"closed","template":"","meta":{"footnotes":""},"class_list":["post-167","page","type-page","status-publish","hentry"],"_links":{"self":[{"href":"https:\/\/olimpiada-matematica.uma.es\/index.php\/wp-json\/wp\/v2\/pages\/167","targetHints":{"allow":["GET"]}}],"collection":[{"href":"https:\/\/olimpiada-matematica.uma.es\/index.php\/wp-json\/wp\/v2\/pages"}],"about":[{"href":"https:\/\/olimpiada-matematica.uma.es\/index.php\/wp-json\/wp\/v2\/types\/page"}],"author":[{"embeddable":true,"href":"https:\/\/olimpiada-matematica.uma.es\/index.php\/wp-json\/wp\/v2\/users\/1"}],"replies":[{"embeddable":true,"href":"https:\/\/olimpiada-matematica.uma.es\/index.php\/wp-json\/wp\/v2\/comments?post=167"}],"version-history":[{"count":4,"href":"https:\/\/olimpiada-matematica.uma.es\/index.php\/wp-json\/wp\/v2\/pages\/167\/revisions"}],"predecessor-version":[{"id":202,"href":"https:\/\/olimpiada-matematica.uma.es\/index.php\/wp-json\/wp\/v2\/pages\/167\/revisions\/202"}],"wp:attachment":[{"href":"https:\/\/olimpiada-matematica.uma.es\/index.php\/wp-json\/wp\/v2\/media?parent=167"}],"curies":[{"name":"wp","href":"https:\/\/api.w.org\/{rel}","templated":true}]}}