{"id":1336,"date":"2025-10-27T14:34:46","date_gmt":"2025-10-27T14:34:46","guid":{"rendered":"https:\/\/olimpiada-matematica.uma.es\/?page_id=1336"},"modified":"2025-10-27T15:46:36","modified_gmt":"2025-10-27T15:46:36","slug":"medalleros","status":"publish","type":"page","link":"https:\/\/olimpiada-matematica.uma.es\/index.php\/medalleros\/","title":{"rendered":"Medalleros"},"content":{"rendered":"\n<figure class=\"wp-block-table\"><table class=\"has-fixed-layout\"><tbody><tr><td><strong>LXI OME &#8211; Gij\u00f3n<\/strong> &#8211; 27 a 30 Marzo 2025<\/td><td><\/td><\/tr><tr><td>Medalla de PLATA<\/td><td>Maxim Dudik<\/td><\/tr><tr><td>Clasificado en la OMA<\/td><td>Lucas del Olmo Garc\u00eda<\/td><\/tr><tr><td>Clasificado en la OMA<\/td><td>Cristiana Mar\u00eda Negoita<\/td><\/tr><tr><td><strong>LX OME &#8211; Calatayud<\/strong> &#8211; 14 a 17 Marzo 2024<\/td><td><\/td><\/tr><tr><td>Medalla de ORO<\/td><td>Maxim Dudik<\/td><\/tr><tr><td>Clasificado en la OMA<\/td><td>Bruno Castro Conde<\/td><\/tr><tr><td><strong>LIX OME &#8211; Le\u00f3n<\/strong> &#8211; 9 a 12 Marzo 2023<\/td><td><\/td><\/tr><tr><td>Medalla de PLATA<\/td><td>Pablo Mart\u00edn Santamar\u00eda<\/td><\/tr><tr><td>Medalla de PLATA<\/td><td>Sebasti\u00e1n de la Torre Gil Delgado<\/td><\/tr><tr><td><strong>LVIII OME &#8211; La R\u00e1bida<\/strong> (Huelva) &#8211; 2022 <\/td><td><\/td><\/tr><tr><td>Medalla de PLATA<\/td><td>Pablo Mart\u00edn Santamar\u00eda<\/td><\/tr><tr><td>Clasificado en la OMA<\/td><td>Sebasti\u00e1n de la Torre Gil Delgado<\/td><\/tr><tr><td><strong>LVII OME<\/strong> &#8211; on line &#8211; Marzo 2021 (sede Elche)<\/td><td><\/td><\/tr><tr><td>Medalla de BRONCE<\/td><td>Ana Mar\u00eda Haralambie<\/td><\/tr><tr><td><strong>LVI OME <\/strong>&#8211; on line- Julio 2020 (sede Almer\u00eda)<\/td><td><\/td><\/tr><tr><td>Medalla de PLATA<\/td><td>Pedro Mayorga Pedraza<\/td><\/tr><tr><td>Medalla de BRONCE<\/td><td>Jos\u00e9 \u00c1ngel G\u00e1lvez G\u00f3mez<\/td><\/tr><tr><td>Clasificado en la OMA<\/td><td>Ana Mar\u00eda Haralambie<\/td><\/tr><tr><td><strong>LV OME &#8211; Ourense<\/strong> &#8211; Marzo 2019<\/td><td><\/td><\/tr><tr><td>Medalla de PLATA<\/td><td>Jos\u00e9 \u00c1ngel G\u00e1lvez G\u00f3mez<\/td><\/tr><tr><td>Medalla de BRONCE<\/td><td>Gonzalo Carrasco Marqu\u00e9s<\/td><\/tr><\/tbody><\/table><\/figure>\n\n\n\n<p>Medallero de las Olimpiadas Matem\u00e1ticas Andaluzas ver <a href=\"https:\/\/web.ujaen.es\/eventos\/omatematica\/oma\/index.php\">aqu\u00ed<\/a><\/p>\n","protected":false},"excerpt":{"rendered":"<p>LXI OME &#8211; Gij\u00f3n &#8211; 27 a 30 Marzo 2025 Medalla de PLATA Maxim Dudik Clasificado en la OMA Lucas del Olmo Garc\u00eda Clasificado en la OMA Cristiana Mar\u00eda Negoita LX OME &#8211; Calatayud &#8211; 14 a 17 Marzo 2024 Medalla de ORO Maxim Dudik Clasificado en la OMA Bruno Castro Conde LIX OME &#8211; &hellip; <\/p>\n<p class=\"link-more\"><a href=\"https:\/\/olimpiada-matematica.uma.es\/index.php\/medalleros\/\" class=\"more-link\">Continue reading<span class=\"screen-reader-text\"> &#8220;Medalleros&#8221;<\/span><\/a><\/p>\n","protected":false},"author":3,"featured_media":0,"parent":0,"menu_order":0,"comment_status":"closed","ping_status":"closed","template":"","meta":{"footnotes":""},"class_list":["post-1336","page","type-page","status-publish","hentry"],"_links":{"self":[{"href":"https:\/\/olimpiada-matematica.uma.es\/index.php\/wp-json\/wp\/v2\/pages\/1336","targetHints":{"allow":["GET"]}}],"collection":[{"href":"https:\/\/olimpiada-matematica.uma.es\/index.php\/wp-json\/wp\/v2\/pages"}],"about":[{"href":"https:\/\/olimpiada-matematica.uma.es\/index.php\/wp-json\/wp\/v2\/types\/page"}],"author":[{"embeddable":true,"href":"https:\/\/olimpiada-matematica.uma.es\/index.php\/wp-json\/wp\/v2\/users\/3"}],"replies":[{"embeddable":true,"href":"https:\/\/olimpiada-matematica.uma.es\/index.php\/wp-json\/wp\/v2\/comments?post=1336"}],"version-history":[{"count":7,"href":"https:\/\/olimpiada-matematica.uma.es\/index.php\/wp-json\/wp\/v2\/pages\/1336\/revisions"}],"predecessor-version":[{"id":1345,"href":"https:\/\/olimpiada-matematica.uma.es\/index.php\/wp-json\/wp\/v2\/pages\/1336\/revisions\/1345"}],"wp:attachment":[{"href":"https:\/\/olimpiada-matematica.uma.es\/index.php\/wp-json\/wp\/v2\/media?parent=1336"}],"curies":[{"name":"wp","href":"https:\/\/api.w.org\/{rel}","templated":true}]}}