{"id":1227,"date":"2025-09-16T14:23:17","date_gmt":"2025-09-16T14:23:17","guid":{"rendered":"https:\/\/olimpiada-matematica.uma.es\/?page_id=1227"},"modified":"2026-04-26T20:58:16","modified_gmt":"2026-04-26T20:58:16","slug":"timm-25-26","status":"publish","type":"page","link":"https:\/\/olimpiada-matematica.uma.es\/index.php\/timm-25-26\/","title":{"rendered":"TIMM 25-26"},"content":{"rendered":"\n<h2 class=\"wp-block-heading\"><strong>Taller de Ingenio Matem\u00e1tico de M\u00e1laga<\/strong><\/h2>\n\n\n\n<p>Tras el verano los talleres para bachillerato TIMM empezar\u00e1n a principios de Octubre<\/p>\n\n\n\n<figure class=\"wp-block-table\"><table class=\"has-fixed-layout\"><tbody><tr><td>        <strong>Octubre 202<\/strong>5<\/td><td>TEMA<\/td><td><img loading=\"lazy\" decoding=\"async\" width=\"100\" height=\"71\" class=\"wp-image-703\" style=\"width: 100px;\" src=\"http:\/\/olimpiada-matematica.uma.es\/wp-content\/uploads\/2024\/01\/logo-timm-colores-2-scaled.jpg\" alt=\"\" srcset=\"https:\/\/olimpiada-matematica.uma.es\/wp-content\/uploads\/2024\/01\/logo-timm-colores-2-scaled.jpg 2560w, https:\/\/olimpiada-matematica.uma.es\/wp-content\/uploads\/2024\/01\/logo-timm-colores-2-300x212.jpg 300w, https:\/\/olimpiada-matematica.uma.es\/wp-content\/uploads\/2024\/01\/logo-timm-colores-2-1024x724.jpg 1024w, https:\/\/olimpiada-matematica.uma.es\/wp-content\/uploads\/2024\/01\/logo-timm-colores-2-768x543.jpg 768w, https:\/\/olimpiada-matematica.uma.es\/wp-content\/uploads\/2024\/01\/logo-timm-colores-2-1536x1086.jpg 1536w, https:\/\/olimpiada-matematica.uma.es\/wp-content\/uploads\/2024\/01\/logo-timm-colores-2-2048x1448.jpg 2048w\" sizes=\"auto, (max-width: 100px) 100vw, 100px\" \/><\/td><td>LUGAR<\/td><\/tr><tr><td>D\u00eda 4, de 10 a 13<\/td><td>S1- Geometr\u00eda I<\/td><td>J.A. Rom\u00e1n<\/td><td>Edif. Marketing 1.14<\/td><\/tr><tr><td>D\u00eda 11, de 10,30 a 12,30<\/td><td>S2- Aritm\u00e9tica modular<\/td><td>Francisco Cuenca + Jorge Tirado<\/td><td>Aula 0.26 EII<\/td><\/tr><tr><td>D\u00eda 18, de 10,30 a 12,30<\/td><td>S3- <a href=\"http:\/\/olimpiada-matematica.uma.es\/wp-content\/uploads\/2025\/10\/Criptosistemas-para-web-TIMM.pdf\">Criptograf\u00eda<\/a><\/td><td>M\u00aaAngeles G\u00f3mez<\/td><td>Aula 0.26 EII<\/td><\/tr><tr><td>D\u00eda 25, de 10,30 a 12,30<\/td><td>S4 &#8211; <a href=\"http:\/\/olimpiada-matematica.uma.es\/wp-content\/uploads\/2025\/10\/Galois-y-los-polinomios.pdf\">Polinomios y E. Galois<\/a><\/td><td>Sebasti\u00e1n de la Torre, Ra\u00fal Racero<\/td><td>Aula 0.26 EII<\/td><\/tr><tr><td>Viernes 31, 9am<\/td><td><a href=\"https:\/\/malaga.saemthales.es\/\">VII CONCURSO<\/a> de OTO\u00d1O de M\u00e1laga<\/td><td><img loading=\"lazy\" decoding=\"async\" width=\"80\" height=\"57\" class=\"wp-image-337\" style=\"width: 80px;\" src=\"http:\/\/olimpiada-matematica.uma.es\/wp-content\/uploads\/2022\/10\/Logo-Co-U.jpg\" alt=\"\" srcset=\"https:\/\/olimpiada-matematica.uma.es\/wp-content\/uploads\/2022\/10\/Logo-Co-U.jpg 586w, https:\/\/olimpiada-matematica.uma.es\/wp-content\/uploads\/2022\/10\/Logo-Co-U-300x213.jpg 300w\" sizes=\"auto, (max-width: 80px) 100vw, 80px\" \/><\/td><td>EII, sal\u00f3n de actos<\/td><\/tr><tr><td><strong>Noviembre 2025<\/strong><\/td><td><\/td><td><\/td><td><\/td><\/tr><tr><td>D\u00eda 8, de 10,30 a 12,30<\/td><td>S5 &#8211; Correcci\u00f3n concurso de Oto\u00f1o<\/td><td>Irene Sanz, Bruno Valverde<\/td><td>Aula 0.26 EII<\/td><\/tr><tr><td>D\u00eda 15, de 10 a 12<\/td><td>S6 &#8211; Invariantes<\/td><td>Pedro S\u00e1nchez<\/td><td>Aula 0.26 EII<\/td><\/tr><tr><td>D\u00eda 22, de 10 a 12<\/td><td>S7- Desigualdades<\/td><td>Cristiana Negoita<\/td><td>Aula 0.26 EII<\/td><\/tr><tr><td>D\u00eda 29, de 10 a 1<\/td><td>S8- Geometr\u00eda II<\/td><td>J.A. Rom\u00e1n<\/td><td>Aula 0.26 EII<\/td><\/tr><tr><td><strong>Diciembre 2025<\/strong><\/td><td><\/td><td><\/td><td><\/td><\/tr><tr><td>D\u00eda 13<\/td><td>S9 &#8211; T\u00aa de N\u00fameros<\/td><td> M.A. G\u00f3mez<\/td><td>Aula 0.26 EII<\/td><\/tr><tr><td>D\u00eda 20<\/td><td>S10 &#8211; Combinatoria<\/td><td>Diego Toledo + Luis Alarc\u00f3n<\/td><td><br>Aula 0.26 EII<\/td><\/tr><tr><td><strong>Enero 2026<\/strong><\/td><td><\/td><td><\/td><td><\/td><\/tr><tr><td>D\u00eda 10, de 10:30 a 1<\/td><td>S11 &#8211; Geometr\u00eda III<\/td><td>J.A. Rom\u00e1n<\/td><td>Aula 0.26 EII<\/td><\/tr><tr><td>Viernes 16 enero,<br>10-1:30 y 4-7:30<\/td><td>Fase local OME<\/td><td><img loading=\"lazy\" decoding=\"async\" width=\"50\" height=\"55\" class=\"wp-image-508\" style=\"width: 50px;\" src=\"http:\/\/olimpiada-matematica.uma.es\/wp-content\/uploads\/2023\/09\/omecolor.jpg\" alt=\"\"><\/td><td>EII, sal\u00f3n de actos<\/td><\/tr><tr><td>D\u00eda 24, de 11 a 1<\/td><td>S12 &#8211; Correcci\u00f3n OME<\/td><td>Cristina Draper<\/td><td><br>Aula 0.26 EII<\/td><\/tr><tr><td>D\u00eda 31, de 10 a 12<\/td><td>S13 &#8211; Polinomios Sim\u00e9tricos<\/td><td>Ra\u00fal Racero y Sebasti\u00e1n d la Torre<\/td><td>Aula 0.26 EII <br>SEMI-presencial<\/td><\/tr><tr><td><strong>Febrero 2026<\/strong><\/td><td><\/td><td><\/td><td><\/td><\/tr><tr><td>D\u00eda 7<\/td><td>S14 &#8211; Fractales<\/td><td>Aniceto Murillo<\/td><td>Aula 0.26 EII<\/td><\/tr><tr><td>D\u00edas 6 al 8 <\/td><td>VIII OMA Olimpiada andaluza<\/td><td><img loading=\"lazy\" decoding=\"async\" width=\"80\" height=\"80\" class=\"wp-image-374\" style=\"width: 80px;\" src=\"http:\/\/olimpiada-matematica.uma.es\/wp-content\/uploads\/2022\/12\/logo-azul-03-03.png\" alt=\"\" srcset=\"https:\/\/olimpiada-matematica.uma.es\/wp-content\/uploads\/2022\/12\/logo-azul-03-03.png 2253w, https:\/\/olimpiada-matematica.uma.es\/wp-content\/uploads\/2022\/12\/logo-azul-03-03-300x300.png 300w, https:\/\/olimpiada-matematica.uma.es\/wp-content\/uploads\/2022\/12\/logo-azul-03-03-1024x1020.png 1024w, https:\/\/olimpiada-matematica.uma.es\/wp-content\/uploads\/2022\/12\/logo-azul-03-03-150x150.png 150w, https:\/\/olimpiada-matematica.uma.es\/wp-content\/uploads\/2022\/12\/logo-azul-03-03-768x765.png 768w, https:\/\/olimpiada-matematica.uma.es\/wp-content\/uploads\/2022\/12\/logo-azul-03-03-1536x1531.png 1536w, https:\/\/olimpiada-matematica.uma.es\/wp-content\/uploads\/2022\/12\/logo-azul-03-03-2048x2041.png 2048w, https:\/\/olimpiada-matematica.uma.es\/wp-content\/uploads\/2022\/12\/logo-azul-03-03-100x100.png 100w\" sizes=\"auto, (max-width: 80px) 100vw, 80px\" \/><\/td><td>Jerez (C\u00e1diz)<\/td><\/tr><tr><td>D\u00eda 14, de 11 a 13:30<\/td><td>S15 &#8211; Geometr\u00eda IV<\/td><td>J.A. Rom\u00e1n<\/td><td>Sala d Grados A<\/td><\/tr><tr><td>D\u00eda 21, de 10,30 a 12:30<\/td><td>S16 &#8211; Mujeres y Matem\u00e1ticas<\/td><td>Irene Sanz<\/td><td>Aula 0.26 EII<\/td><\/tr><tr><td>D\u00eda 28, de 10 a 12<\/td><td>S17 &#8211; Jugando a ser Euler (CANCELADA por vacaciones)<\/td><td>Antonio Ceres<\/td><td>Aula 0.26 EII<\/td><\/tr><tr><td><strong>Marzo 2026<\/strong><\/td><td><\/td><td><\/td><td><\/td><\/tr><tr><td> D\u00eda 7, de 10 a 12<\/td><td>S18 &#8211; N\u00fameros y n\u00fameros primos<\/td><td>M\u00aa\u00c1ngeles G\u00f3mez<\/td><td>Aula 0.26 EII<\/td><\/tr><tr><td> D\u00edas 12 al 15<\/td><td>LXII OME Olimpiada Nacional<\/td><td><img loading=\"lazy\" decoding=\"async\" width=\"60\" height=\"66\" class=\"wp-image-508\" style=\"width: 60px;\" src=\"http:\/\/olimpiada-matematica.uma.es\/wp-content\/uploads\/2023\/09\/omecolor.jpg\" alt=\"\"><\/td><td>Las Rozas (Madrid)<\/td><\/tr><tr><td> D\u00eda 21, de 10,30 a 12,30<\/td><td>S 19 &#8211; Matem\u00e1ticas en una baraja<\/td><td>Manuel Ojeda Hern\u00e1ndez<\/td><td>Aula de grados A<\/td><\/tr><tr><td> D\u00edas 28 y 4<\/td><td>VACACIONES DE SEMANA SANTA<\/td><td><\/td><td><\/td><\/tr><tr><td><strong>Abril 2026<\/strong><\/td><td><\/td><td><\/td><td><\/td><\/tr><tr><td>D\u00eda 11, de 10:45 a 1<\/td><td>S20 &#8211; Correcci\u00f3n 62 Olimpiada Nacional<\/td><td>Cristina Draper<\/td><td>Aula 0.26 EII<\/td><\/tr><tr><td>D\u00eda 18, de 10 a 12<\/td><td>S21 &#8211; El infinito y m\u00e1s all\u00e1<\/td><td>Jos\u00e9 Luis Flores<\/td><td>Aula 0.26 EII<\/td><\/tr><tr><td> D\u00eda 25, de 10:30 a 12:30<\/td><td>S22 &#8211; Matem\u00e1ticas y epidemias<\/td><td>Irene G\u00f3mez Bueno<\/td><td>Aula de ordenadores 2556L (2\u00ba piso)<\/td><\/tr><tr><td><strong>Mayo 2026<\/strong><\/td><td><\/td><td><\/td><td><\/td><\/tr><tr><td>D\u00eda 9<\/td><td>S23-El misterio d la pizarra de Broncano<\/td><td>Paco Villatoro<\/td><td>Aula 0.26 EII<\/td><\/tr><tr><td>D\u00eda 16<\/td><td>S24 &#8211; Ecuaciones Funcionales (preparaci\u00f3n OME)<\/td><td>Lily Watson<\/td><td>Aula 0.26 EII<\/td><\/tr><tr><td>D\u00eda 23<\/td><td>S25 &#8211; Cubos de Rubik y CLAUSURA<\/td><td>Miguel Valenzuela<\/td><td>Aula 0.26 EII<\/td><\/tr><tr><td>D\u00eda 30<\/td><td>Matem\u00e1ticas en la Calle CLAUSURA <\/td><td>(SAEM Thales) <\/td><td>Parque Litoral<\/td><\/tr><\/tbody><\/table><\/figure>\n\n\n\n<p><sub><sup>Calendario (se va actualizando, terminaremos el 30 de Mayo)<\/sup><\/sub><\/p>\n","protected":false},"excerpt":{"rendered":"<p>Taller de Ingenio Matem\u00e1tico de M\u00e1laga Tras el verano los talleres para bachillerato TIMM empezar\u00e1n a principios de Octubre Octubre 2025 TEMA LUGAR D\u00eda 4, de 10 a 13 S1- Geometr\u00eda I J.A. Rom\u00e1n Edif. Marketing 1.14 D\u00eda 11, de 10,30 a 12,30 S2- Aritm\u00e9tica modular Francisco Cuenca + Jorge Tirado Aula 0.26 EII D\u00eda &hellip; <\/p>\n<p class=\"link-more\"><a href=\"https:\/\/olimpiada-matematica.uma.es\/index.php\/timm-25-26\/\" class=\"more-link\">Continue reading<span class=\"screen-reader-text\"> &#8220;TIMM 25-26&#8221;<\/span><\/a><\/p>\n","protected":false},"author":3,"featured_media":0,"parent":0,"menu_order":0,"comment_status":"closed","ping_status":"closed","template":"","meta":{"footnotes":""},"class_list":["post-1227","page","type-page","status-publish","hentry"],"_links":{"self":[{"href":"https:\/\/olimpiada-matematica.uma.es\/index.php\/wp-json\/wp\/v2\/pages\/1227","targetHints":{"allow":["GET"]}}],"collection":[{"href":"https:\/\/olimpiada-matematica.uma.es\/index.php\/wp-json\/wp\/v2\/pages"}],"about":[{"href":"https:\/\/olimpiada-matematica.uma.es\/index.php\/wp-json\/wp\/v2\/types\/page"}],"author":[{"embeddable":true,"href":"https:\/\/olimpiada-matematica.uma.es\/index.php\/wp-json\/wp\/v2\/users\/3"}],"replies":[{"embeddable":true,"href":"https:\/\/olimpiada-matematica.uma.es\/index.php\/wp-json\/wp\/v2\/comments?post=1227"}],"version-history":[{"count":70,"href":"https:\/\/olimpiada-matematica.uma.es\/index.php\/wp-json\/wp\/v2\/pages\/1227\/revisions"}],"predecessor-version":[{"id":1505,"href":"https:\/\/olimpiada-matematica.uma.es\/index.php\/wp-json\/wp\/v2\/pages\/1227\/revisions\/1505"}],"wp:attachment":[{"href":"https:\/\/olimpiada-matematica.uma.es\/index.php\/wp-json\/wp\/v2\/media?parent=1227"}],"curies":[{"name":"wp","href":"https:\/\/api.w.org\/{rel}","templated":true}]}}